{"id":107,"date":"2021-12-02T22:47:55","date_gmt":"2021-12-02T21:47:55","guid":{"rendered":"http:\/\/tregorsonore.fr\/?page_id=107"},"modified":"2023-11-13T17:07:33","modified_gmt":"2023-11-13T16:07:33","slug":"nos-partenaires","status":"publish","type":"page","link":"https:\/\/tregorsonore.fr\/index.php\/nos-partenaires\/","title":{"rendered":"Nos partenaires"},"content":{"rendered":"\n<div class=\"wp-block-columns is-layout-flex wp-container-core-columns-is-layout-9d6595d7 wp-block-columns-is-layout-flex\">\n<div class=\"wp-block-column is-vertically-aligned-center is-layout-flow wp-block-column-is-layout-flow\" style=\"flex-basis:33.33%\">\n<div class=\"wp-block-image\"><figure class=\"aligncenter size-large\"><a href=\"https:\/\/www.agence-du-verbe.fr\/\" target=\"_blank\" rel=\"noopener noreferrer\"><img loading=\"lazy\" decoding=\"async\" width=\"1024\" height=\"275\" src=\"http:\/\/tregorsonore.fr\/wp-content\/uploads\/2021\/12\/LOGOADV-1-1024x275.png\" alt=\"\" class=\"wp-image-109\" srcset=\"https:\/\/tregorsonore.fr\/wp-content\/uploads\/2021\/12\/LOGOADV-1-1024x275.png 1024w, https:\/\/tregorsonore.fr\/wp-content\/uploads\/2021\/12\/LOGOADV-1-300x80.png 300w, https:\/\/tregorsonore.fr\/wp-content\/uploads\/2021\/12\/LOGOADV-1-768x206.png 768w, https:\/\/tregorsonore.fr\/wp-content\/uploads\/2021\/12\/LOGOADV-1-1536x412.png 1536w, https:\/\/tregorsonore.fr\/wp-content\/uploads\/2021\/12\/LOGOADV-1-2048x549.png 2048w, https:\/\/tregorsonore.fr\/wp-content\/uploads\/2021\/12\/LOGOADV-1-1200x322.png 1200w, https:\/\/tregorsonore.fr\/wp-content\/uploads\/2021\/12\/LOGOADV-1-1980x531.png 1980w\" sizes=\"auto, (max-width: 767px) 89vw, (max-width: 1000px) 54vw, (max-width: 1071px) 543px, 580px\" \/><\/a><\/figure><\/div>\n<\/div>\n\n\n\n<div class=\"wp-block-column is-vertically-aligned-center is-layout-flow wp-block-column-is-layout-flow\" style=\"flex-basis:66.66%\">\n<h6 class=\"wp-block-heading\">L&#8217;Agence Du Verbe<\/h6>\n\n\n\n<p>Expert en illusion sonore. <\/p>\n\n\n\n<p>Production sonore binaurale de haute qualit\u00e9 pour la sc\u00e8ne, la mus\u00e9ographie, la d\u00e9ambulation<\/p>\n<\/div>\n<\/div>\n\n\n\n<div class=\"wp-block-columns is-layout-flex wp-container-core-columns-is-layout-9d6595d7 wp-block-columns-is-layout-flex\">\n<div class=\"wp-block-column is-vertically-aligned-center is-layout-flow wp-block-column-is-layout-flow\" style=\"flex-basis:33.33%\">\n<div class=\"wp-block-image\"><figure class=\"aligncenter size-large is-resized\"><a href=\"https:\/\/www.analogaudiodesign.com\/fr\" target=\"_blank\" rel=\"noopener noreferrer\"><img loading=\"lazy\" decoding=\"async\" src=\"http:\/\/tregorsonore.fr\/wp-content\/uploads\/2021\/12\/AAD-1024x1024.png\" alt=\"\" class=\"wp-image-110\" width=\"147\" height=\"147\" srcset=\"https:\/\/tregorsonore.fr\/wp-content\/uploads\/2021\/12\/AAD-1024x1024.png 1024w, https:\/\/tregorsonore.fr\/wp-content\/uploads\/2021\/12\/AAD-300x300.png 300w, https:\/\/tregorsonore.fr\/wp-content\/uploads\/2021\/12\/AAD-150x150.png 150w, https:\/\/tregorsonore.fr\/wp-content\/uploads\/2021\/12\/AAD-768x768.png 768w, https:\/\/tregorsonore.fr\/wp-content\/uploads\/2021\/12\/AAD-1536x1536.png 1536w, https:\/\/tregorsonore.fr\/wp-content\/uploads\/2021\/12\/AAD-1200x1199.png 1200w, https:\/\/tregorsonore.fr\/wp-content\/uploads\/2021\/12\/AAD.png 1710w\" sizes=\"auto, (max-width: 147px) 100vw, 147px\" \/><\/a><\/figure><\/div>\n<\/div>\n\n\n\n<div class=\"wp-block-column is-vertically-aligned-center is-layout-flow wp-block-column-is-layout-flow\" style=\"flex-basis:66.66%\">\n<h6 class=\"wp-block-heading\">Analog Audio Design<\/h6>\n\n\n\n<p> Analog Audio Design est le projet un peu fou d\u2019un passionn\u00e9, Christophe Martinez, qui a d\u00e9cid\u00e9 de concevoir un magn\u00e9tophone \u00e0 bande sans concession&#8230;<\/p>\n<\/div>\n<\/div>\n\n\n\n<div class=\"wp-block-columns is-layout-flex wp-container-core-columns-is-layout-9d6595d7 wp-block-columns-is-layout-flex\">\n<div class=\"wp-block-column is-vertically-aligned-center is-layout-flow wp-block-column-is-layout-flow\" style=\"flex-basis:33.33%\">\n<div class=\"wp-block-image\"><figure class=\"aligncenter size-full is-resized\"><a href=\"https:\/\/www.cdson.org\/#owl-objet-portfolio_36\" target=\"_blank\" rel=\"noopener\"><img loading=\"lazy\" decoding=\"async\" src=\"https:\/\/tregorsonore.fr\/wp-content\/uploads\/2022\/01\/cds.jpg\" alt=\"\" class=\"wp-image-211\" width=\"216\" height=\"216\" srcset=\"https:\/\/tregorsonore.fr\/wp-content\/uploads\/2022\/01\/cds.jpg 240w, https:\/\/tregorsonore.fr\/wp-content\/uploads\/2022\/01\/cds-150x150.jpg 150w, https:\/\/tregorsonore.fr\/wp-content\/uploads\/2022\/01\/cds-100x100.jpg 100w\" sizes=\"auto, (max-width: 216px) 100vw, 216px\" \/><\/a><\/figure><\/div>\n<\/div>\n\n\n\n<div class=\"wp-block-column is-vertically-aligned-center is-layout-flow wp-block-column-is-layout-flow\" style=\"flex-basis:66.66%\">\n<h6 class=\"wp-block-heading\">Kreizenn ar son, le Centre de d\u00e9couverte du son&nbsp; <\/h6>\n\n\n\n<p>L\u2019association a pour objet l\u2019\u00e9veil \u00e0 l\u2019\u00e9coute, la sensibilisation \u00e0 toutes les formes du sonore (prise de conscience de l\u2019ou\u00efe, sono biodiversit\u00e9, paysages et patrimoines sonores, pr\u00e9servation de l\u2019audition, cr\u00e9ations sonores, musiques). <\/p>\n<\/div>\n<\/div>\n\n\n\n<div class=\"wp-block-columns is-layout-flex wp-container-core-columns-is-layout-9d6595d7 wp-block-columns-is-layout-flex\">\n<div class=\"wp-block-column is-vertically-aligned-center is-layout-flow wp-block-column-is-layout-flow\" style=\"flex-basis:33.33%\">\n<div class=\"wp-block-image\"><figure class=\"aligncenter size-large\"><a href=\"https:\/\/www.enssat.fr\/\" target=\"_blank\" rel=\"noopener noreferrer\"><img decoding=\"async\" src=\"https:\/\/www.enssat.fr\/uploads\/images\/enssat\/logo_enssat.png\" alt=\"\"\/><\/a><\/figure><\/div>\n<\/div>\n\n\n\n<div class=\"wp-block-column is-vertically-aligned-center is-layout-flow wp-block-column-is-layout-flow\" style=\"flex-basis:66.66%\">\n<h6 class=\"wp-block-heading\">\u00c9cole Nationale Sup\u00e9rieure des Sciences Appliqu\u00e9es et de Technologie <\/h6>\n\n\n\n<p><\/p>\n<\/div>\n<\/div>\n\n\n\n<div class=\"wp-block-columns is-layout-flex wp-container-core-columns-is-layout-9d6595d7 wp-block-columns-is-layout-flex\">\n<div class=\"wp-block-column is-vertically-aligned-center is-layout-flow wp-block-column-is-layout-flow\" style=\"flex-basis:33.33%\">\n<div class=\"wp-block-image\"><figure class=\"aligncenter size-large\"><a href=\"http:\/\/feichter-audio.com\/\" target=\"_blank\" rel=\"noopener noreferrer\"><img loading=\"lazy\" decoding=\"async\" width=\"1024\" height=\"225\" src=\"http:\/\/tregorsonore.fr\/wp-content\/uploads\/2021\/12\/Feichter-1024x225.png\" alt=\"\" class=\"wp-image-111\" srcset=\"https:\/\/tregorsonore.fr\/wp-content\/uploads\/2021\/12\/Feichter-1024x225.png 1024w, https:\/\/tregorsonore.fr\/wp-content\/uploads\/2021\/12\/Feichter-300x66.png 300w, https:\/\/tregorsonore.fr\/wp-content\/uploads\/2021\/12\/Feichter-768x169.png 768w, https:\/\/tregorsonore.fr\/wp-content\/uploads\/2021\/12\/Feichter-1536x337.png 1536w, https:\/\/tregorsonore.fr\/wp-content\/uploads\/2021\/12\/Feichter-2048x450.png 2048w, https:\/\/tregorsonore.fr\/wp-content\/uploads\/2021\/12\/Feichter-1200x264.png 1200w, https:\/\/tregorsonore.fr\/wp-content\/uploads\/2021\/12\/Feichter-1980x435.png 1980w\" sizes=\"auto, (max-width: 767px) 89vw, (max-width: 1000px) 54vw, (max-width: 1071px) 543px, 580px\" \/><\/a><\/figure><\/div>\n<\/div>\n\n\n\n<div class=\"wp-block-column is-vertically-aligned-center is-layout-flow wp-block-column-is-layout-flow\" style=\"flex-basis:66.66%\">\n<h6 class=\"wp-block-heading\">Syst\u00e8mes professionnels pour l&#8217;audio spatialis\u00e9 <\/h6>\n\n\n\n<p><\/p>\n<\/div>\n<\/div>\n\n\n\n<div class=\"wp-block-columns is-layout-flex wp-container-core-columns-is-layout-9d6595d7 wp-block-columns-is-layout-flex\">\n<div class=\"wp-block-column is-vertically-aligned-center is-layout-flow wp-block-column-is-layout-flow\" style=\"flex-basis:33.33%\">\n<div class=\"wp-block-image\"><figure class=\"aligncenter size-full\"><a href=\"https:\/\/www.kerwax.com\/\" target=\"_blank\" rel=\"noopener noreferrer\"><img loading=\"lazy\" decoding=\"async\" width=\"838\" height=\"1007\" src=\"http:\/\/tregorsonore.fr\/wp-content\/uploads\/2023\/11\/Kerwax-Logo-blanc-cadre.png\" alt=\"\" class=\"wp-image-777\" srcset=\"https:\/\/tregorsonore.fr\/wp-content\/uploads\/2023\/11\/Kerwax-Logo-blanc-cadre.png 838w, https:\/\/tregorsonore.fr\/wp-content\/uploads\/2023\/11\/Kerwax-Logo-blanc-cadre-250x300.png 250w, https:\/\/tregorsonore.fr\/wp-content\/uploads\/2023\/11\/Kerwax-Logo-blanc-cadre-768x923.png 768w\" sizes=\"auto, (max-width: 767px) 89vw, (max-width: 1000px) 54vw, (max-width: 1071px) 543px, 580px\" \/><\/a><\/figure><\/div>\n<\/div>\n\n\n\n<div class=\"wp-block-column is-vertically-aligned-center is-layout-flow wp-block-column-is-layout-flow\" style=\"flex-basis:66.66%\">\n<h6 class=\"wp-block-heading\"> Kerwax <\/h6>\n\n\n\n<p> Situ\u00e9 dans le village de Loguivy-Plougras en Bretagne, Kerwax est une nouvelle approche intrigante du concept de studio r\u00e9sidentiel, centr\u00e9 sur la technologie d\u2019enregistrement analogique vintage <\/p>\n<\/div>\n<\/div>\n\n\n\n<div class=\"wp-block-columns is-layout-flex wp-container-core-columns-is-layout-9d6595d7 wp-block-columns-is-layout-flex\">\n<div class=\"wp-block-column is-vertically-aligned-center is-layout-flow wp-block-column-is-layout-flow\" style=\"flex-basis:33.33%\">\n<div class=\"wp-block-image\"><figure class=\"aligncenter size-large\"><a href=\"https:\/\/www.logellou.com\/\" target=\"_blank\" rel=\"noopener noreferrer\"><img decoding=\"async\" src=\"https:\/\/www.logellou.com\/wp-content\/uploads\/2020\/06\/cropped-Unknown.png\" alt=\"\"\/><\/a><\/figure><\/div>\n<\/div>\n\n\n\n<div class=\"wp-block-column is-vertically-aligned-center is-layout-flow wp-block-column-is-layout-flow\" style=\"flex-basis:66.66%\">\n<h6 class=\"wp-block-heading\">Centre d&#8217;exploration et de cr\u00e9ation artistique<\/h6>\n\n\n\n<p><\/p>\n<\/div>\n<\/div>\n\n\n\n<div class=\"wp-block-columns is-layout-flex wp-container-core-columns-is-layout-9d6595d7 wp-block-columns-is-layout-flex\">\n<div class=\"wp-block-column is-vertically-aligned-center is-layout-flow wp-block-column-is-layout-flow\" style=\"flex-basis:33.33%\">\n<div class=\"wp-block-image\"><figure class=\"aligncenter size-large\"><a href=\"https:\/\/lostin70s.com\/\" target=\"_blank\" rel=\"noopener noreferrer\"><img loading=\"lazy\" decoding=\"async\" width=\"1024\" height=\"527\" src=\"https:\/\/tregorsonore.fr\/wp-content\/uploads\/2023\/10\/logo-1024x527.png\" alt=\"\" class=\"wp-image-625\" srcset=\"https:\/\/tregorsonore.fr\/wp-content\/uploads\/2023\/10\/logo-1024x527.png 1024w, https:\/\/tregorsonore.fr\/wp-content\/uploads\/2023\/10\/logo-300x154.png 300w, https:\/\/tregorsonore.fr\/wp-content\/uploads\/2023\/10\/logo-768x395.png 768w, https:\/\/tregorsonore.fr\/wp-content\/uploads\/2023\/10\/logo.png 1090w\" sizes=\"auto, (max-width: 767px) 89vw, (max-width: 1000px) 54vw, (max-width: 1071px) 543px, 580px\" \/><\/a><\/figure><\/div>\n<\/div>\n\n\n\n<div class=\"wp-block-column is-vertically-aligned-center is-layout-flow wp-block-column-is-layout-flow\" style=\"flex-basis:66.66%\">\n<h6 class=\"wp-block-heading\">LostIn70s Audio <\/h6>\n\n\n\n<p>est une entreprise sp\u00e9cialis\u00e9e dans le d\u00e9veloppement de logiciels audio et la mod\u00e9lisation d&#8217;instruments virtuels, d&#8217;effets et d&#8217;amplificateurs. Notre passion pour la musique, l&#8217;h\u00e9ritage vintage, l&#8217;innovation technologique et le traitement du signal est au c\u0153ur de notre identit\u00e9.<\/p>\n<\/div>\n<\/div>\n\n\n\n<div class=\"wp-block-columns is-layout-flex wp-container-core-columns-is-layout-9d6595d7 wp-block-columns-is-layout-flex\">\n<div class=\"wp-block-column is-vertically-aligned-center is-layout-flow wp-block-column-is-layout-flow\" style=\"flex-basis:33.33%\">\n<figure class=\"wp-block-image size-large\"><img loading=\"lazy\" decoding=\"async\" width=\"1024\" height=\"512\" src=\"https:\/\/tregorsonore.fr\/wp-content\/uploads\/2023\/10\/unnamed-1024x512.png\" alt=\"\" class=\"wp-image-604\" srcset=\"https:\/\/tregorsonore.fr\/wp-content\/uploads\/2023\/10\/unnamed-1024x512.png 1024w, https:\/\/tregorsonore.fr\/wp-content\/uploads\/2023\/10\/unnamed-300x150.png 300w, https:\/\/tregorsonore.fr\/wp-content\/uploads\/2023\/10\/unnamed-768x384.png 768w, https:\/\/tregorsonore.fr\/wp-content\/uploads\/2023\/10\/unnamed-1536x768.png 1536w, https:\/\/tregorsonore.fr\/wp-content\/uploads\/2023\/10\/unnamed-2048x1024.png 2048w\" sizes=\"auto, (max-width: 767px) 89vw, (max-width: 1000px) 54vw, (max-width: 1071px) 543px, 580px\" \/><\/figure>\n<\/div>\n\n\n\n<div class=\"wp-block-column is-vertically-aligned-center is-layout-flow wp-block-column-is-layout-flow\" style=\"flex-basis:66.66%\">\n<h6 class=\"wp-block-heading\">Noise Makers<\/h6>\n\n\n\n<p>Editeur de logiciel audio bas\u00e9 \u00e0 Rennes.<\/p>\n\n\n\n<p>La soci\u00e9t\u00e9 con\u00e7oit des technologies audio 3D pour la r\u00e9alit\u00e9 virtuelle et les exp\u00e9riences immersives.&nbsp;<\/p>\n<\/div>\n<\/div>\n\n\n\n<div class=\"wp-block-columns alignwide are-vertically-aligned-center is-layout-flex wp-container-core-columns-is-layout-9d6595d7 wp-block-columns-is-layout-flex\">\n<div class=\"wp-block-column is-vertically-aligned-center is-layout-flow wp-block-column-is-layout-flow\" style=\"flex-basis:33.3%\">\n<div class=\"wp-block-image\"><figure class=\"aligncenter is-resized\"><a href=\"https:\/\/www.saooti.com\/\" target=\"_blank\" rel=\"noopener\"><img loading=\"lazy\" decoding=\"async\" src=\"https:\/\/tregorsonore.fr\/wp-content\/uploads\/2023\/10\/logo_saooti_noirevert1-1024x415.png\" alt=\"\" class=\"wp-image-546\" width=\"174\" height=\"70\" srcset=\"https:\/\/tregorsonore.fr\/wp-content\/uploads\/2023\/10\/logo_saooti_noirevert1-1024x415.png 1024w, https:\/\/tregorsonore.fr\/wp-content\/uploads\/2023\/10\/logo_saooti_noirevert1-300x122.png 300w, https:\/\/tregorsonore.fr\/wp-content\/uploads\/2023\/10\/logo_saooti_noirevert1-768x311.png 768w, https:\/\/tregorsonore.fr\/wp-content\/uploads\/2023\/10\/logo_saooti_noirevert1-1536x622.png 1536w, https:\/\/tregorsonore.fr\/wp-content\/uploads\/2023\/10\/logo_saooti_noirevert1.png 1553w\" sizes=\"auto, (max-width: 174px) 100vw, 174px\" \/><\/a><\/figure><\/div>\n<\/div>\n\n\n\n<div class=\"wp-block-column is-vertically-aligned-center is-layout-flow wp-block-column-is-layout-flow\" style=\"flex-basis:67%\">\n<h6 class=\"wp-block-heading\">Plateforme d\u2019h\u00e9bergement, production, partage et diffusion de podcasts.<\/h6>\n\n\n\n<p>Objectif&nbsp;: vous guider dans votre transformation digitale avec une solution 100 % web vous permettant de produire votre propre contenu audio et r\u00e9pondre \u00e0 vos ambitions.<\/p>\n<\/div>\n<\/div>\n\n\n\n<div class=\"wp-block-columns is-layout-flex wp-container-core-columns-is-layout-9d6595d7 wp-block-columns-is-layout-flex\">\n<div class=\"wp-block-column is-vertically-aligned-center is-layout-flow wp-block-column-is-layout-flow\" style=\"flex-basis:33.33%\">\n<div class=\"wp-block-image\"><figure class=\"aligncenter size-large is-resized\"><a href=\"https:\/\/fr-fr.facebook.com\/sonjsound\/\" target=\"_blank\" rel=\"noopener noreferrer\"><img loading=\"lazy\" decoding=\"async\" src=\"http:\/\/tregorsonore.fr\/wp-content\/uploads\/2021\/12\/SONJ-1024x1024.png\" alt=\"\" class=\"wp-image-112\" width=\"168\" height=\"168\" srcset=\"https:\/\/tregorsonore.fr\/wp-content\/uploads\/2021\/12\/SONJ-1024x1024.png 1024w, https:\/\/tregorsonore.fr\/wp-content\/uploads\/2021\/12\/SONJ-300x300.png 300w, https:\/\/tregorsonore.fr\/wp-content\/uploads\/2021\/12\/SONJ-150x150.png 150w, https:\/\/tregorsonore.fr\/wp-content\/uploads\/2021\/12\/SONJ-768x768.png 768w, https:\/\/tregorsonore.fr\/wp-content\/uploads\/2021\/12\/SONJ-1536x1536.png 1536w, https:\/\/tregorsonore.fr\/wp-content\/uploads\/2021\/12\/SONJ-2048x2048.png 2048w, https:\/\/tregorsonore.fr\/wp-content\/uploads\/2021\/12\/SONJ-1200x1200.png 1200w, https:\/\/tregorsonore.fr\/wp-content\/uploads\/2021\/12\/SONJ-1980x1980.png 1980w\" sizes=\"auto, (max-width: 168px) 100vw, 168px\" \/><\/a><\/figure><\/div>\n<\/div>\n\n\n\n<div class=\"wp-block-column is-vertically-aligned-center is-layout-flow wp-block-column-is-layout-flow\" style=\"flex-basis:66.66%\">\n<p>Maintenance \/ R\u00e9paration \/ Modification amplis vintage et r\u00e9cents, hifi, materiel de studio, sonorisation&#8230;<\/p>\n<\/div>\n<\/div>\n\n\n\n<div class=\"wp-block-columns is-layout-flex wp-container-core-columns-is-layout-9d6595d7 wp-block-columns-is-layout-flex\">\n<div class=\"wp-block-column is-vertically-aligned-center is-layout-flow wp-block-column-is-layout-flow\" style=\"flex-basis:33.33%\">\n<div class=\"wp-block-image\"><figure class=\"aligncenter size-large\"><a href=\"www.technopole-anticipa.com\" target=\"_blank\" rel=\"noopener noreferrer\"><img decoding=\"async\" src=\"https:\/\/www.technopole-anticipa.com\/wp-content\/uploads\/2019\/10\/technopole_anticipa_logo.svg\" alt=\"\"\/><\/a><\/figure><\/div>\n<\/div>\n\n\n\n<div class=\"wp-block-column is-vertically-aligned-center is-layout-flow wp-block-column-is-layout-flow\" style=\"flex-basis:66.66%\">\n<h6 class=\"wp-block-heading\">Acc\u00e9l\u00e9rateur d\u2019innovation<\/h6>\n\n\n\n<p>la technopole Anticipa est l\u2019interface incontournable des projets d\u2019entreprise \u00e0 caract\u00e8re innovants ou industriels sur le territoire de Lannion Tr\u00e9gor Communaut\u00e9 et de Guingamp Paimpol Agglom\u00e9ration.<\/p>\n<\/div>\n<\/div>\n\n\n\n<h1 class=\"wp-block-heading\">Avec le soutien de<\/h1>\n\n\n\n<figure class=\"wp-block-image size-full is-resized\"><a href=\"https:\/\/www.lannion-tregor.com\/\" target=\"_blank\" rel=\"noopener\"><img loading=\"lazy\" decoding=\"async\" src=\"https:\/\/tregorsonore.fr\/wp-content\/uploads\/2023\/10\/LOGO_LTC_noir_300dpi.png\" alt=\"\" class=\"wp-image-543\" width=\"306\" height=\"109\" srcset=\"https:\/\/tregorsonore.fr\/wp-content\/uploads\/2023\/10\/LOGO_LTC_noir_300dpi.png 591w, https:\/\/tregorsonore.fr\/wp-content\/uploads\/2023\/10\/LOGO_LTC_noir_300dpi-300x107.png 300w\" sizes=\"auto, (max-width: 306px) 100vw, 306px\" \/><\/a><\/figure>\n\n\n\n<p><\/p>\n","protected":false},"excerpt":{"rendered":"<p>L&#8217;Agence Du Verbe Expert en illusion sonore. Production sonore binaurale de haute qualit\u00e9 pour la sc\u00e8ne, la mus\u00e9ographie, la d\u00e9ambulation Analog Audio Design Analog Audio Design est le projet un peu fou d\u2019un passionn\u00e9, Christophe Martinez, qui a d\u00e9cid\u00e9 de concevoir un magn\u00e9tophone \u00e0 bande sans concession&#8230; Kreizenn ar son, le Centre de d\u00e9couverte du &hellip; <\/p>\n<p class=\"link-more\"><a href=\"https:\/\/tregorsonore.fr\/index.php\/nos-partenaires\/\" class=\"more-link\">Continue reading<span class=\"screen-reader-text\"> &#8220;Nos partenaires&#8221;<\/span><\/a><\/p>\n","protected":false},"author":1,"featured_media":0,"parent":0,"menu_order":0,"comment_status":"closed","ping_status":"closed","template":"","meta":{"footnotes":""},"class_list":["post-107","page","type-page","status-publish","hentry"],"_links":{"self":[{"href":"https:\/\/tregorsonore.fr\/index.php\/wp-json\/wp\/v2\/pages\/107","targetHints":{"allow":["GET"]}}],"collection":[{"href":"https:\/\/tregorsonore.fr\/index.php\/wp-json\/wp\/v2\/pages"}],"about":[{"href":"https:\/\/tregorsonore.fr\/index.php\/wp-json\/wp\/v2\/types\/page"}],"author":[{"embeddable":true,"href":"https:\/\/tregorsonore.fr\/index.php\/wp-json\/wp\/v2\/users\/1"}],"replies":[{"embeddable":true,"href":"https:\/\/tregorsonore.fr\/index.php\/wp-json\/wp\/v2\/comments?post=107"}],"version-history":[{"count":19,"href":"https:\/\/tregorsonore.fr\/index.php\/wp-json\/wp\/v2\/pages\/107\/revisions"}],"predecessor-version":[{"id":778,"href":"https:\/\/tregorsonore.fr\/index.php\/wp-json\/wp\/v2\/pages\/107\/revisions\/778"}],"wp:attachment":[{"href":"https:\/\/tregorsonore.fr\/index.php\/wp-json\/wp\/v2\/media?parent=107"}],"curies":[{"name":"wp","href":"https:\/\/api.w.org\/{rel}","templated":true}]}}