{"id":18,"date":"2021-12-02T15:09:52","date_gmt":"2021-12-02T14:09:52","guid":{"rendered":"http:\/\/tregorsonore.fr\/?page_id=18"},"modified":"2024-01-08T15:49:22","modified_gmt":"2024-01-08T14:49:22","slug":"rendez-vous-a-venir","status":"publish","type":"page","link":"https:\/\/tregorsonore.fr\/index.php\/rendez-vous-a-venir\/","title":{"rendered":"Rendez-vous \u00e0 venir"},"content":{"rendered":"\n<div class=\"wp-block-buttons is-layout-flex wp-block-buttons-is-layout-flex\">\n<div class=\"wp-block-button\"><a class=\"wp-block-button__link has-black-color has-luminous-vivid-amber-background-color has-text-color has-background\" href=\"http:\/\/eepurl.com\/hAIxFL\" target=\"_blank\" rel=\"noreferrer noopener\">S&#8217;abonner \u00e0 la Maillist<\/a><\/div>\n\n\n\n<div class=\"wp-block-button\"><a class=\"wp-block-button__link\" href=\"https:\/\/www.helloasso.com\/associations\/tregor-sonore\/adhesions\/adhesion-2024\">Adh\u00e9rer \u00e0 Tr\u00e9gor Sonore<\/a><\/div>\n<\/div>\n\n\n\n<figure class=\"wp-block-image size-large\"><img loading=\"lazy\" decoding=\"async\" width=\"1024\" height=\"55\" src=\"http:\/\/tregorsonore.fr\/wp-content\/uploads\/2021\/12\/onde-copie-1024x55.png\" alt=\"\" class=\"wp-image-13\" srcset=\"https:\/\/tregorsonore.fr\/wp-content\/uploads\/2021\/12\/onde-copie-1024x55.png 1024w, https:\/\/tregorsonore.fr\/wp-content\/uploads\/2021\/12\/onde-copie-300x16.png 300w, https:\/\/tregorsonore.fr\/wp-content\/uploads\/2021\/12\/onde-copie-768x41.png 768w, https:\/\/tregorsonore.fr\/wp-content\/uploads\/2021\/12\/onde-copie-1200x64.png 1200w, https:\/\/tregorsonore.fr\/wp-content\/uploads\/2021\/12\/onde-copie.png 1479w\" sizes=\"auto, (max-width: 767px) 89vw, (max-width: 1000px) 54vw, (max-width: 1071px) 543px, 580px\" \/><\/figure>\n\n\n\n<h2 class=\"wp-block-heading\" id=\"Assemblee\"><strong>Assembl\u00e9e G\u00e9n\u00e9rale 2024 <\/strong><\/h2>\n\n\n\n<h3 class=\"wp-block-heading\">Le 24 janvier \u00e0 10h00 \u00e0 L\u2019ADIT <\/h3>\n\n\n\n<div class=\"wp-block-media-text alignwide is-stacked-on-mobile\"><figure class=\"wp-block-media-text__media\"><img loading=\"lazy\" decoding=\"async\" width=\"1024\" height=\"1024\" src=\"http:\/\/tregorsonore.fr\/wp-content\/uploads\/2023\/01\/ag-1024x1024.png\" alt=\"\" class=\"wp-image-434 size-full\" srcset=\"https:\/\/tregorsonore.fr\/wp-content\/uploads\/2023\/01\/ag.png 1024w, https:\/\/tregorsonore.fr\/wp-content\/uploads\/2023\/01\/ag-300x300.png 300w, https:\/\/tregorsonore.fr\/wp-content\/uploads\/2023\/01\/ag-150x150.png 150w, https:\/\/tregorsonore.fr\/wp-content\/uploads\/2023\/01\/ag-768x768.png 768w, https:\/\/tregorsonore.fr\/wp-content\/uploads\/2023\/01\/ag-100x100.png 100w\" sizes=\"auto, (max-width: 767px) 89vw, (max-width: 1000px) 54vw, (max-width: 1071px) 543px, 580px\" \/><\/figure><div class=\"wp-block-media-text__content\">\n<p>Cette ann\u00e9e l\u2019association d\u00e9marre ses activit\u00e9s avec son Assembl\u00e9e G\u00e9n\u00e9rale Ordinaire. Elle se tiendra le 24 janvier prochain \u00e0 10h00 dans les locaux de l\u2019ADIT \u00e0 Lannion (4 Rue Andr\u00e9e Marie Amp\u00e8re, 22300 Lannion). <\/p>\n\n\n\n<p> Nous esp\u00e9rons vous voir nombreux. <\/p>\n<\/div><\/div>\n\n\n\n<div class=\"wp-block-buttons is-content-justification-center is-layout-flex wp-block-buttons-is-layout-flex\">\n<div class=\"wp-block-button\"><a class=\"wp-block-button__link\" href=\"https:\/\/www.helloasso.com\/associations\/tregor-sonore\/adhesions\/adhesion-2024\" target=\"_blank\" rel=\"noreferrer noopener\"> Adh\u00e9sion 2024<\/a><\/div>\n\n\n\n<div class=\"wp-block-button\"><a class=\"wp-block-button__link\" href=\"https:\/\/tregorsonore.fr\/index.php\/assemblee-generale-2024\/\">Plus d&#8217;informations &#8230;<\/a><\/div>\n<\/div>\n\n\n\n<figure class=\"wp-block-image size-full\"><img loading=\"lazy\" decoding=\"async\" width=\"1024\" height=\"55\" src=\"http:\/\/tregorsonore.fr\/wp-content\/uploads\/2021\/12\/onde-copie-1024x55-1.png\" alt=\"\" class=\"wp-image-174\" srcset=\"https:\/\/tregorsonore.fr\/wp-content\/uploads\/2021\/12\/onde-copie-1024x55-1.png 1024w, https:\/\/tregorsonore.fr\/wp-content\/uploads\/2021\/12\/onde-copie-1024x55-1-300x16.png 300w, https:\/\/tregorsonore.fr\/wp-content\/uploads\/2021\/12\/onde-copie-1024x55-1-768x41.png 768w\" sizes=\"auto, (max-width: 767px) 89vw, (max-width: 1000px) 54vw, (max-width: 1071px) 543px, 580px\" \/><\/figure>\n\n\n\n<h2 class=\"wp-block-heading\"><strong>Semaine du son en Tr\u00e9gor 2024<\/strong><\/h2>\n\n\n\n<p><strong>Du vendredi 12 au dimanche 14 janvier<\/strong><\/p>\n\n\n\n<div class=\"wp-block-media-text alignwide is-stacked-on-mobile\"><figure class=\"wp-block-media-text__media\"><img loading=\"lazy\" decoding=\"async\" width=\"999\" height=\"1024\" src=\"http:\/\/tregorsonore.fr\/wp-content\/uploads\/2024\/01\/semaine-du-son-1-999x1024.jpg\" alt=\"\" class=\"wp-image-824 size-full\" srcset=\"https:\/\/tregorsonore.fr\/wp-content\/uploads\/2024\/01\/semaine-du-son-1-999x1024.jpg 999w, https:\/\/tregorsonore.fr\/wp-content\/uploads\/2024\/01\/semaine-du-son-1-293x300.jpg 293w, https:\/\/tregorsonore.fr\/wp-content\/uploads\/2024\/01\/semaine-du-son-1-768x787.jpg 768w, https:\/\/tregorsonore.fr\/wp-content\/uploads\/2024\/01\/semaine-du-son-1.jpg 1032w\" sizes=\"auto, (max-width: 767px) 89vw, (max-width: 1000px) 54vw, (max-width: 1071px) 543px, 580px\" \/><\/figure><div class=\"wp-block-media-text__content\">\n<p>Les membres de Tr\u00e9gor Sonore s&#8217;associent pour proposer un programme propre s&#8217;inscrivant dans la th\u00e9matique de cet \u00e9v\u00e8nement national port\u00e9 par l&#8217;UNESCO. &#8220;Vers une \u00e9cologie sonore&#8221; <br>Tr\u00e9gor Sonore, le Centre de d\u00e9couverte du son et Le Logello\u00f9, vous proposent de nombreux rendez-vous tr\u00e9gorois&nbsp;; concerts, ateliers, sonf\u00e9rence.<\/p>\n<\/div><\/div>\n\n\n\n<div class=\"wp-block-buttons is-layout-flex wp-block-buttons-is-layout-flex\">\n<div class=\"wp-block-button\"><a class=\"wp-block-button__link\" href=\"https:\/\/tregorsonore.fr\/index.php\/semaine-du-son-en-tregor-2024\/#musiqueeteau\">Plus d&#8217;informations &#8230;<\/a><\/div>\n<\/div>\n\n\n\n<figure class=\"wp-block-image size-full\"><img loading=\"lazy\" decoding=\"async\" width=\"1024\" height=\"55\" src=\"http:\/\/tregorsonore.fr\/wp-content\/uploads\/2021\/12\/onde-copie-1024x55-1.png\" alt=\"\" class=\"wp-image-174\" srcset=\"https:\/\/tregorsonore.fr\/wp-content\/uploads\/2021\/12\/onde-copie-1024x55-1.png 1024w, https:\/\/tregorsonore.fr\/wp-content\/uploads\/2021\/12\/onde-copie-1024x55-1-300x16.png 300w, https:\/\/tregorsonore.fr\/wp-content\/uploads\/2021\/12\/onde-copie-1024x55-1-768x41.png 768w\" sizes=\"auto, (max-width: 767px) 89vw, (max-width: 1000px) 54vw, (max-width: 1071px) 543px, 580px\" \/><\/figure>\n\n\n\n<h2 class=\"wp-block-heading\">Salon Tr\u00e9gor Sonore :<\/h2>\n\n\n\n<p>17 et 18 novembre 2023 au Logello\u00f9 \u00e0 Penvenan<\/p>\n\n\n\n<div class=\"wp-block-media-text alignwide is-stacked-on-mobile\"><figure class=\"wp-block-media-text__media\"><img loading=\"lazy\" decoding=\"async\" width=\"971\" height=\"777\" src=\"http:\/\/tregorsonore.fr\/wp-content\/uploads\/2023\/09\/salon.png\" alt=\"\" class=\"wp-image-536 size-full\" srcset=\"https:\/\/tregorsonore.fr\/wp-content\/uploads\/2023\/09\/salon.png 971w, https:\/\/tregorsonore.fr\/wp-content\/uploads\/2023\/09\/salon-300x240.png 300w, https:\/\/tregorsonore.fr\/wp-content\/uploads\/2023\/09\/salon-768x615.png 768w\" sizes=\"auto, (max-width: 767px) 89vw, (max-width: 1000px) 54vw, (max-width: 1071px) 543px, 580px\" \/><\/figure><div class=\"wp-block-media-text__content\">\n<p>Le Tr\u00e9gor est une terre d&#8217;excellence et innovation en mati\u00e8re sonore. Des entreprises, des chercheurs et des artistes fa\u00e7onnent le sonore \u00e0 leur guise et d\u00e9veloppent le savoir-faire de demain. Tr\u00e9gor Sonore et l\u2019ensemble de ses partenaires sont fiers de faire un \u00e9tat des lieux des ces avanc\u00e9es, les vendredi 17 et samedi 18 novembre prochains, au Logello\u00f9 \u00e0 Penvenan (22).<\/p>\n<\/div><\/div>\n\n\n\n<p> Lors de ce rendez-vous, vous aurez l&#8217;opportunit\u00e9 de rencontrer les experts du secteur qui vous d\u00e9voileront les produits et les m\u00e9thodes de demain \u00e0 travers des stands et des conf\u00e9rences. Vous pourrez \u00e9galement vous rendre compte des applications de ces avanc\u00e9es lors des s\u00e9ances d\u2019\u00e9coute et des concerts.<\/p>\n\n\n\n<p>Seront pr\u00e9sents : ADV, Analog Audio Design, Centre de D\u00e9couverte du Son, ENSSAT, Feichter Audio, H\u00f4pital de Tr\u00e9guier, Kerwax, Le Logello\u00f9, Lost in 70\u2019s, Noise Makers, Orange Labs, Saooti, Sonj, UBO.<\/p>\n\n\n\n<div class=\"wp-block-buttons is-content-justification-center is-layout-flex wp-block-buttons-is-layout-flex\">\n<div class=\"wp-block-button\"><a class=\"wp-block-button__link\" href=\"https:\/\/tregorsonore.fr\/index.php\/salon-ts-2023\/\">Plus d&#8217;informations&#8230;<\/a><\/div>\n<\/div>\n\n\n\n<figure class=\"wp-block-image size-full\"><img loading=\"lazy\" decoding=\"async\" width=\"1024\" height=\"55\" src=\"http:\/\/tregorsonore.fr\/wp-content\/uploads\/2021\/12\/onde-copie-1024x55-1.png\" alt=\"\" class=\"wp-image-174\" srcset=\"https:\/\/tregorsonore.fr\/wp-content\/uploads\/2021\/12\/onde-copie-1024x55-1.png 1024w, https:\/\/tregorsonore.fr\/wp-content\/uploads\/2021\/12\/onde-copie-1024x55-1-300x16.png 300w, https:\/\/tregorsonore.fr\/wp-content\/uploads\/2021\/12\/onde-copie-1024x55-1-768x41.png 768w\" sizes=\"auto, (max-width: 767px) 89vw, (max-width: 1000px) 54vw, (max-width: 1071px) 543px, 580px\" \/><\/figure>\n\n\n\n<h2 class=\"wp-block-heading\">Journ\u00e9e Son et Sant\u00e9 : <\/h2>\n\n\n\n<p>  27 janvier 2023 \u00e0 L&#8217;ENSSAT \u00e0 Lannion <\/p>\n\n\n\n<div class=\"wp-block-media-text alignwide is-stacked-on-mobile\"><figure class=\"wp-block-media-text__media\"><img loading=\"lazy\" decoding=\"async\" width=\"718\" height=\"1024\" src=\"http:\/\/tregorsonore.fr\/wp-content\/uploads\/2022\/12\/Son-et-Sante-1-718x1024.png\" alt=\"\" class=\"wp-image-417 size-full\" srcset=\"https:\/\/tregorsonore.fr\/wp-content\/uploads\/2022\/12\/Son-et-Sante-1-718x1024.png 718w, https:\/\/tregorsonore.fr\/wp-content\/uploads\/2022\/12\/Son-et-Sante-1-210x300.png 210w, https:\/\/tregorsonore.fr\/wp-content\/uploads\/2022\/12\/Son-et-Sante-1-768x1095.png 768w, https:\/\/tregorsonore.fr\/wp-content\/uploads\/2022\/12\/Son-et-Sante-1-1078x1536.png 1078w, https:\/\/tregorsonore.fr\/wp-content\/uploads\/2022\/12\/Son-et-Sante-1-1437x2048.png 1437w\" sizes=\"auto, (max-width: 718px) 100vw, 718px\" \/><\/figure><div class=\"wp-block-media-text__content\">\n<p>Avec la Journ\u00e9e du &#8220;Son et Sant\u00e9&#8221;, le&nbsp;Tr\u00e9gor&nbsp;Sonore s\u2019associe&nbsp;avec&nbsp;acteurs locaux avec un programme propre, orient\u00e9 sur la communication entre scientifiques et public.<\/p>\n\n\n\n<p>La Journ\u00e9e &#8220;Son et Sant\u00e9&#8221;&nbsp;aura&nbsp;lieu le 27 janvier \u00e0 l&#8217;ENSSAT \u00e0 Lannion.<br>Cette rencontre sera \u00e9galement transmise en direct et en son immersif binaural sur cette page et sur la cha\u00eene YouTube de&nbsp;Tr\u00e9gor&nbsp;Sonore.<\/p>\n\n\n\n<div class=\"wp-block-buttons is-layout-flex wp-block-buttons-is-layout-flex\">\n<div class=\"wp-block-button\"><a class=\"wp-block-button__link\" href=\"http:\/\/tregorsonore.fr\/index.php\/journee-son-et-sante\/\">Informations et Inscriptions<\/a><\/div>\n<\/div>\n<\/div><\/div>\n\n\n\n<figure class=\"wp-block-image size-full\"><img loading=\"lazy\" decoding=\"async\" width=\"1024\" height=\"55\" src=\"http:\/\/tregorsonore.fr\/wp-content\/uploads\/2021\/12\/onde-copie-1024x55-1.png\" alt=\"\" class=\"wp-image-174\" srcset=\"https:\/\/tregorsonore.fr\/wp-content\/uploads\/2021\/12\/onde-copie-1024x55-1.png 1024w, https:\/\/tregorsonore.fr\/wp-content\/uploads\/2021\/12\/onde-copie-1024x55-1-300x16.png 300w, https:\/\/tregorsonore.fr\/wp-content\/uploads\/2021\/12\/onde-copie-1024x55-1-768x41.png 768w\" sizes=\"auto, (max-width: 767px) 89vw, (max-width: 1000px) 54vw, (max-width: 1071px) 543px, 580px\" \/><\/figure>\n\n\n\n<h2 class=\"wp-block-heading\">Sonf\u00e9rence Hors S\u00e9rie :<\/h2>\n\n\n\n<p>Tr\u00e9gor Sonore consacre une&nbsp;<em>sonf\u00e9rence<\/em>&nbsp;aux questions qui se posent avec l&#8217;actualit\u00e9 du moment.<\/p>\n\n\n\n<div class=\"wp-block-media-text alignwide is-stacked-on-mobile\"><figure class=\"wp-block-media-text__media\"><a href=\"https:\/\/tregorsonore.fr\/index.php\/sonferences-du-tregor\/hors-serie-nuc\/\"><img loading=\"lazy\" decoding=\"async\" width=\"1014\" height=\"1014\" src=\"http:\/\/tregorsonore.fr\/wp-content\/uploads\/2022\/03\/Nuc.png\" alt=\"\" class=\"wp-image-257 size-full\" srcset=\"https:\/\/tregorsonore.fr\/wp-content\/uploads\/2022\/03\/Nuc.png 1014w, https:\/\/tregorsonore.fr\/wp-content\/uploads\/2022\/03\/Nuc-300x300.png 300w, https:\/\/tregorsonore.fr\/wp-content\/uploads\/2022\/03\/Nuc-150x150.png 150w, https:\/\/tregorsonore.fr\/wp-content\/uploads\/2022\/03\/Nuc-768x768.png 768w, https:\/\/tregorsonore.fr\/wp-content\/uploads\/2022\/03\/Nuc-100x100.png 100w\" sizes=\"auto, (max-width: 767px) 89vw, (max-width: 1000px) 54vw, (max-width: 1071px) 543px, 580px\" \/><\/a><\/figure><div class=\"wp-block-media-text__content\">\n<h2 class=\"wp-block-heading\">Mercredi 30 mars 18h30<\/h2>\n\n\n\n<h3 class=\"wp-block-heading\">Le Flambard -Lannion<\/h3>\n\n\n\n<ul class=\"wp-block-list\"><li><strong>Pascal Rueff<\/strong>, r\u00e9alisateur ind\u00e9pendant<\/li><li><strong>Val\u00e9rie Arnhold<\/strong>, enseignant-chercheure en sociologie<\/li><\/ul>\n<\/div><\/div>\n\n\n\n<figure class=\"wp-block-image size-full\"><img loading=\"lazy\" decoding=\"async\" width=\"1024\" height=\"55\" src=\"http:\/\/tregorsonore.fr\/wp-content\/uploads\/2021\/12\/onde-copie-1024x55-1.png\" alt=\"\" class=\"wp-image-174\" srcset=\"https:\/\/tregorsonore.fr\/wp-content\/uploads\/2021\/12\/onde-copie-1024x55-1.png 1024w, https:\/\/tregorsonore.fr\/wp-content\/uploads\/2021\/12\/onde-copie-1024x55-1-300x16.png 300w, https:\/\/tregorsonore.fr\/wp-content\/uploads\/2021\/12\/onde-copie-1024x55-1-768x41.png 768w\" sizes=\"auto, (max-width: 767px) 89vw, (max-width: 1000px) 54vw, (max-width: 1071px) 543px, 580px\" \/><\/figure>\n\n\n\n<h2 class=\"wp-block-heading\"><strong>Semaine du son :<\/strong><\/h2>\n\n\n\n<p>La Semaine du Son 2022 aura lieu du 16 au 30 janvier prochains. Les membres du Tr\u00e9gor Sonore proposent des activit\u00e9s et des animations dans le cadre de cet \u00e9v\u00e9nement national. Le Tr\u00e9gor sonore organisera sa premi\u00e8re Sonf\u00e9rence de l\u2019ann\u00e9e ainsi qu\u2019une matin\u00e9e d\u00e9di\u00e9e au son les 24 et 25 janvier.<\/p>\n\n\n\n<figure class=\"wp-block-image size-full\"><img loading=\"lazy\" decoding=\"async\" width=\"1024\" height=\"55\" src=\"http:\/\/tregorsonore.fr\/wp-content\/uploads\/2021\/12\/onde-copie-1024x55-1.png\" alt=\"\" class=\"wp-image-174\" srcset=\"https:\/\/tregorsonore.fr\/wp-content\/uploads\/2021\/12\/onde-copie-1024x55-1.png 1024w, https:\/\/tregorsonore.fr\/wp-content\/uploads\/2021\/12\/onde-copie-1024x55-1-300x16.png 300w, https:\/\/tregorsonore.fr\/wp-content\/uploads\/2021\/12\/onde-copie-1024x55-1-768x41.png 768w\" sizes=\"auto, (max-width: 767px) 89vw, (max-width: 1000px) 54vw, (max-width: 1071px) 543px, 580px\" \/><\/figure>\n\n\n\n<h3 class=\"wp-block-heading\"><strong> Sonf\u00e9rence  N\u00b06 (24 janvier)<\/strong><\/h3>\n\n\n\n<h3 class=\"wp-block-heading\">Le Logelloop : L\u2019outil num\u00e9rique, un instrument \u00e0 part enti\u00e8re<\/h3>\n\n\n\n<h4 class=\"wp-block-heading\"><strong>18h30 \u00e0 la Cit\u00e9 des t\u00e9l\u00e9coms<\/strong><\/h4>\n\n\n\n<figure class=\"wp-block-image size-large is-resized\"><a href=\"https:\/\/tregorsonore.fr\/index.php\/sonferences-du-tregor\/sonference-n6\/\"><img loading=\"lazy\" decoding=\"async\" src=\"http:\/\/tregorsonore.fr\/wp-content\/uploads\/2022\/01\/Logelloop-1024x1024.jpg\" alt=\"\" class=\"wp-image-235\" width=\"234\" height=\"234\" srcset=\"https:\/\/tregorsonore.fr\/wp-content\/uploads\/2022\/01\/Logelloop-1024x1024.jpg 1024w, https:\/\/tregorsonore.fr\/wp-content\/uploads\/2022\/01\/Logelloop-300x300.jpg 300w, https:\/\/tregorsonore.fr\/wp-content\/uploads\/2022\/01\/Logelloop-150x150.jpg 150w, https:\/\/tregorsonore.fr\/wp-content\/uploads\/2022\/01\/Logelloop-768x768.jpg 768w, https:\/\/tregorsonore.fr\/wp-content\/uploads\/2022\/01\/Logelloop-1536x1536.jpg 1536w, https:\/\/tregorsonore.fr\/wp-content\/uploads\/2022\/01\/Logelloop-100x100.jpg 100w, https:\/\/tregorsonore.fr\/wp-content\/uploads\/2022\/01\/Logelloop.jpg 1626w\" sizes=\"auto, (max-width: 234px) 100vw, 234px\" \/><\/a><\/figure>\n\n\n\n<p>Entr\u00e9e gratuite sur r\u00e9servations dans la limite des places disponibles<\/p>\n\n\n\n<figure class=\"wp-block-image size-full\"><img loading=\"lazy\" decoding=\"async\" width=\"1024\" height=\"55\" src=\"http:\/\/tregorsonore.fr\/wp-content\/uploads\/2021\/12\/onde-copie-1024x55-1.png\" alt=\"\" class=\"wp-image-174\" srcset=\"https:\/\/tregorsonore.fr\/wp-content\/uploads\/2021\/12\/onde-copie-1024x55-1.png 1024w, https:\/\/tregorsonore.fr\/wp-content\/uploads\/2021\/12\/onde-copie-1024x55-1-300x16.png 300w, https:\/\/tregorsonore.fr\/wp-content\/uploads\/2021\/12\/onde-copie-1024x55-1-768x41.png 768w\" sizes=\"auto, (max-width: 767px) 89vw, (max-width: 1000px) 54vw, (max-width: 1071px) 543px, 580px\" \/><\/figure>\n\n\n\n<h3 class=\"wp-block-heading\"><strong>Matin\u00e9e Son 2022 : 25 Janvier 2022<\/strong><\/h3>\n\n\n\n<h4 class=\"wp-block-heading\">9h00 \u00e0 la Cit\u00e9 des t\u00e9l\u00e9coms<\/h4>\n\n\n\n<figure class=\"wp-block-image size-large is-resized\"><a href=\"https:\/\/tregorsonore.fr\/index.php\/matinee-son-2022\/\"><img loading=\"lazy\" decoding=\"async\" src=\"http:\/\/tregorsonore.fr\/wp-content\/uploads\/2022\/01\/J-1024x725.jpg\" alt=\"\" class=\"wp-image-223\" width=\"671\" height=\"475\" srcset=\"https:\/\/tregorsonore.fr\/wp-content\/uploads\/2022\/01\/J-1024x725.jpg 1024w, https:\/\/tregorsonore.fr\/wp-content\/uploads\/2022\/01\/J-300x212.jpg 300w, https:\/\/tregorsonore.fr\/wp-content\/uploads\/2022\/01\/J-768x543.jpg 768w, https:\/\/tregorsonore.fr\/wp-content\/uploads\/2022\/01\/J-1536x1087.jpg 1536w, https:\/\/tregorsonore.fr\/wp-content\/uploads\/2022\/01\/J.jpg 1754w\" sizes=\"auto, (max-width: 671px) 100vw, 671px\" \/><\/a><\/figure>\n\n\n\n<p>Dans le cadre de La Semaine du Son,&nbsp;<strong>le collectif Tr\u00e9gor Sonore<\/strong>&nbsp;s\u2019associe avec ses partenaires scientifiques et industriels pour une matin\u00e9e de pr\u00e9sentations et d\u2019\u00e9changes sur les technologies, innovations et march\u00e9s de la&nbsp;<strong>fili\u00e8re son<\/strong>.<\/p>\n\n\n\n<p>La matin\u00e9e mettra en avant des projets port\u00e9s par des entreprises locales et bretonnes, des projets men\u00e9s dans les laboratoires de recherche. Au-del\u00e0 des aspects technologie et innovation, les pr\u00e9sentations ainsi qu&#8217;une table ronde permettront de s\u2019interroger sur le lien entre son et territoire : paysage sonore, psycho acoustique, etc.<\/p>\n\n\n\n<p>Cette matin\u00e9e sera \u00e9galement transmise en direct et en son binaural sur la cha\u00eene YouTube du Tr\u00e9gor Sonore comme une Sonf\u00e9rence.<\/p>\n\n\n\n<div class=\"wp-block-buttons is-layout-flex wp-block-buttons-is-layout-flex\">\n<div class=\"wp-block-button\"><a class=\"wp-block-button__link\" href=\"https:\/\/tregorsonore.fr\/index.php\/matinee-son-2022\/\">Plus d&#8217;information&#8230;<\/a><\/div>\n<\/div>\n\n\n\n<figure class=\"wp-block-image size-full\"><img loading=\"lazy\" decoding=\"async\" width=\"1024\" height=\"55\" src=\"http:\/\/tregorsonore.fr\/wp-content\/uploads\/2021\/12\/onde-copie-1024x55-1.png\" alt=\"\" class=\"wp-image-174\" srcset=\"https:\/\/tregorsonore.fr\/wp-content\/uploads\/2021\/12\/onde-copie-1024x55-1.png 1024w, https:\/\/tregorsonore.fr\/wp-content\/uploads\/2021\/12\/onde-copie-1024x55-1-300x16.png 300w, https:\/\/tregorsonore.fr\/wp-content\/uploads\/2021\/12\/onde-copie-1024x55-1-768x41.png 768w\" sizes=\"auto, (max-width: 767px) 89vw, (max-width: 1000px) 54vw, (max-width: 1071px) 543px, 580px\" \/><\/figure>\n\n\n\n<h2 class=\"wp-block-heading\"><strong>Assembl\u00e9e G\u00e9n\u00e9rale Ordinaire : 22 janvier<\/strong><\/h2>\n\n\n\n<h4 class=\"wp-block-heading\">11h00 4 rue Amp\u00e8re \u00e0 Lannion<\/h4>\n\n\n\n<p>L\u2019assembl\u00e9e g\u00e9n\u00e9rale annuelle de l\u2019association Tr\u00e9gor Sonore aura lieu \u00e0 la technop\u00f4le Anticipa .<\/p>\n\n\n\n<h2 class=\"wp-block-heading\">Pour adh\u00e9rer \u00e0 l\u2019association :<\/h2>\n\n\n\n<div class=\"wp-block-buttons is-content-justification-center is-layout-flex wp-block-buttons-is-layout-flex\">\n<div class=\"wp-block-button\"><a class=\"wp-block-button__link has-primary-background-color has-background\" href=\"https:\/\/www.helloasso.com\/associations\/tregor-sonore\/adhesions\/adhesion-2022\">Formulaire d&#8217;adh\u00e9sion 2022<\/a><\/div>\n<\/div>\n\n\n\n<figure class=\"wp-block-image size-full\"><img loading=\"lazy\" decoding=\"async\" width=\"1024\" height=\"55\" src=\"http:\/\/tregorsonore.fr\/wp-content\/uploads\/2021\/12\/onde-copie-1024x55-1.png\" alt=\"\" class=\"wp-image-174\" srcset=\"https:\/\/tregorsonore.fr\/wp-content\/uploads\/2021\/12\/onde-copie-1024x55-1.png 1024w, https:\/\/tregorsonore.fr\/wp-content\/uploads\/2021\/12\/onde-copie-1024x55-1-300x16.png 300w, https:\/\/tregorsonore.fr\/wp-content\/uploads\/2021\/12\/onde-copie-1024x55-1-768x41.png 768w\" sizes=\"auto, (max-width: 767px) 89vw, (max-width: 1000px) 54vw, (max-width: 1071px) 543px, 580px\" \/><\/figure>\n\n\n\n<p><\/p>\n","protected":false},"excerpt":{"rendered":"<p>Assembl\u00e9e G\u00e9n\u00e9rale 2024 Le 24 janvier \u00e0 10h00 \u00e0 L\u2019ADIT Cette ann\u00e9e l\u2019association d\u00e9marre ses activit\u00e9s avec son Assembl\u00e9e G\u00e9n\u00e9rale Ordinaire. Elle se tiendra le 24 janvier prochain \u00e0 10h00 dans les locaux de l\u2019ADIT \u00e0 Lannion (4 Rue Andr\u00e9e Marie Amp\u00e8re, 22300 Lannion). Nous esp\u00e9rons vous voir nombreux. Semaine du son en Tr\u00e9gor 2024 &hellip; <\/p>\n<p class=\"link-more\"><a href=\"https:\/\/tregorsonore.fr\/index.php\/rendez-vous-a-venir\/\" class=\"more-link\">Continue reading<span class=\"screen-reader-text\"> &#8220;Rendez-vous \u00e0 venir&#8221;<\/span><\/a><\/p>\n","protected":false},"author":1,"featured_media":0,"parent":0,"menu_order":0,"comment_status":"closed","ping_status":"closed","template":"","meta":{"footnotes":""},"class_list":["post-18","page","type-page","status-publish","hentry"],"_links":{"self":[{"href":"https:\/\/tregorsonore.fr\/index.php\/wp-json\/wp\/v2\/pages\/18","targetHints":{"allow":["GET"]}}],"collection":[{"href":"https:\/\/tregorsonore.fr\/index.php\/wp-json\/wp\/v2\/pages"}],"about":[{"href":"https:\/\/tregorsonore.fr\/index.php\/wp-json\/wp\/v2\/types\/page"}],"author":[{"embeddable":true,"href":"https:\/\/tregorsonore.fr\/index.php\/wp-json\/wp\/v2\/users\/1"}],"replies":[{"embeddable":true,"href":"https:\/\/tregorsonore.fr\/index.php\/wp-json\/wp\/v2\/comments?post=18"}],"version-history":[{"count":23,"href":"https:\/\/tregorsonore.fr\/index.php\/wp-json\/wp\/v2\/pages\/18\/revisions"}],"predecessor-version":[{"id":839,"href":"https:\/\/tregorsonore.fr\/index.php\/wp-json\/wp\/v2\/pages\/18\/revisions\/839"}],"wp:attachment":[{"href":"https:\/\/tregorsonore.fr\/index.php\/wp-json\/wp\/v2\/media?parent=18"}],"curies":[{"name":"wp","href":"https:\/\/api.w.org\/{rel}","templated":true}]}}