{"id":192,"date":"2022-01-14T00:57:19","date_gmt":"2022-01-13T23:57:19","guid":{"rendered":"https:\/\/tregorsonore.fr\/?page_id=192"},"modified":"2023-01-24T15:44:58","modified_gmt":"2023-01-24T14:44:58","slug":"matinee-son-2022","status":"publish","type":"page","link":"https:\/\/tregorsonore.fr\/index.php\/matinee-son-2022\/","title":{"rendered":"Matin\u00e9e Son 2022"},"content":{"rendered":"\n<figure class=\"wp-block-image size-large\"><img loading=\"lazy\" decoding=\"async\" width=\"1024\" height=\"725\" src=\"https:\/\/tregorsonore.fr\/wp-content\/uploads\/2022\/01\/J-1024x725.jpg\" alt=\"\" class=\"wp-image-223\" srcset=\"https:\/\/tregorsonore.fr\/wp-content\/uploads\/2022\/01\/J-1024x725.jpg 1024w, https:\/\/tregorsonore.fr\/wp-content\/uploads\/2022\/01\/J-300x212.jpg 300w, https:\/\/tregorsonore.fr\/wp-content\/uploads\/2022\/01\/J-768x543.jpg 768w, https:\/\/tregorsonore.fr\/wp-content\/uploads\/2022\/01\/J-1536x1087.jpg 1536w, https:\/\/tregorsonore.fr\/wp-content\/uploads\/2022\/01\/J.jpg 1754w\" sizes=\"auto, (max-width: 767px) 89vw, (max-width: 1000px) 54vw, (max-width: 1071px) 543px, 580px\" \/><\/figure>\n\n\n\n<p>Dans le cadre de la semaine du son, Le collectif Tr\u00e9gor Sonore et la Technop\u00f4le Anticipa et la Cit\u00e9 des t\u00e9l\u00e9coms s\u2019associent pour une matin\u00e9e de pr\u00e9sentations et d\u2019\u00e9changes sur les technologies, innovations et march\u00e9s de la fili\u00e8re son. La matin\u00e9e met en avant des projets port\u00e9s par des entreprises locales et bretonnes, des projets men\u00e9s dans les laboratoires de recherche.<\/p>\n\n\n\n<p>La Matin\u00e9e Son 2022 a eu lieu \u00e0 la Cit\u00e9 des t\u00e9l\u00e9coms \u00e0 Pleumeur-Bodou.<\/p>\n\n\n\n<figure class=\"wp-block-gallery columns-3 is-cropped wp-block-gallery-1 is-layout-flex wp-block-gallery-is-layout-flex\"><ul class=\"blocks-gallery-grid\"><li class=\"blocks-gallery-item\"><figure><a href=\"https:\/\/tregorsonore.fr\/wp-content\/uploads\/2022\/03\/IMG_20220125_093951-scaled.jpg\"><img loading=\"lazy\" decoding=\"async\" width=\"1024\" height=\"576\" src=\"https:\/\/tregorsonore.fr\/wp-content\/uploads\/2022\/03\/IMG_20220125_093951-1024x576.jpg\" alt=\"\" data-id=\"295\" data-full-url=\"https:\/\/tregorsonore.fr\/wp-content\/uploads\/2022\/03\/IMG_20220125_093951-scaled.jpg\" data-link=\"https:\/\/tregorsonore.fr\/index.php\/matinee-son-2022\/img_20220125_093951\/\" class=\"wp-image-295\" srcset=\"https:\/\/tregorsonore.fr\/wp-content\/uploads\/2022\/03\/IMG_20220125_093951-1024x576.jpg 1024w, https:\/\/tregorsonore.fr\/wp-content\/uploads\/2022\/03\/IMG_20220125_093951-300x169.jpg 300w, https:\/\/tregorsonore.fr\/wp-content\/uploads\/2022\/03\/IMG_20220125_093951-768x432.jpg 768w, https:\/\/tregorsonore.fr\/wp-content\/uploads\/2022\/03\/IMG_20220125_093951-1536x864.jpg 1536w, https:\/\/tregorsonore.fr\/wp-content\/uploads\/2022\/03\/IMG_20220125_093951-2048x1152.jpg 2048w\" sizes=\"auto, (max-width: 767px) 89vw, (max-width: 1000px) 54vw, (max-width: 1071px) 543px, 580px\" \/><\/a><\/figure><\/li><li class=\"blocks-gallery-item\"><figure><a href=\"https:\/\/tregorsonore.fr\/wp-content\/uploads\/2022\/03\/IMG_20220125_093957-scaled.jpg\"><img loading=\"lazy\" decoding=\"async\" width=\"1024\" height=\"576\" src=\"https:\/\/tregorsonore.fr\/wp-content\/uploads\/2022\/03\/IMG_20220125_093957-1024x576.jpg\" alt=\"\" data-id=\"296\" data-full-url=\"https:\/\/tregorsonore.fr\/wp-content\/uploads\/2022\/03\/IMG_20220125_093957-scaled.jpg\" data-link=\"https:\/\/tregorsonore.fr\/index.php\/matinee-son-2022\/img_20220125_093957\/\" class=\"wp-image-296\" srcset=\"https:\/\/tregorsonore.fr\/wp-content\/uploads\/2022\/03\/IMG_20220125_093957-1024x576.jpg 1024w, https:\/\/tregorsonore.fr\/wp-content\/uploads\/2022\/03\/IMG_20220125_093957-300x169.jpg 300w, https:\/\/tregorsonore.fr\/wp-content\/uploads\/2022\/03\/IMG_20220125_093957-768x432.jpg 768w, https:\/\/tregorsonore.fr\/wp-content\/uploads\/2022\/03\/IMG_20220125_093957-1536x864.jpg 1536w, https:\/\/tregorsonore.fr\/wp-content\/uploads\/2022\/03\/IMG_20220125_093957-2048x1152.jpg 2048w\" sizes=\"auto, (max-width: 767px) 89vw, (max-width: 1000px) 54vw, (max-width: 1071px) 543px, 580px\" \/><\/a><\/figure><\/li><li class=\"blocks-gallery-item\"><figure><a href=\"https:\/\/tregorsonore.fr\/wp-content\/uploads\/2022\/03\/IMG_20220125_094002-scaled.jpg\"><img loading=\"lazy\" decoding=\"async\" width=\"1024\" height=\"576\" src=\"https:\/\/tregorsonore.fr\/wp-content\/uploads\/2022\/03\/IMG_20220125_094002-1024x576.jpg\" alt=\"\" data-id=\"297\" data-full-url=\"https:\/\/tregorsonore.fr\/wp-content\/uploads\/2022\/03\/IMG_20220125_094002-scaled.jpg\" data-link=\"https:\/\/tregorsonore.fr\/index.php\/matinee-son-2022\/img_20220125_094002\/\" class=\"wp-image-297\" srcset=\"https:\/\/tregorsonore.fr\/wp-content\/uploads\/2022\/03\/IMG_20220125_094002-1024x576.jpg 1024w, https:\/\/tregorsonore.fr\/wp-content\/uploads\/2022\/03\/IMG_20220125_094002-300x169.jpg 300w, https:\/\/tregorsonore.fr\/wp-content\/uploads\/2022\/03\/IMG_20220125_094002-768x432.jpg 768w, https:\/\/tregorsonore.fr\/wp-content\/uploads\/2022\/03\/IMG_20220125_094002-1536x864.jpg 1536w, https:\/\/tregorsonore.fr\/wp-content\/uploads\/2022\/03\/IMG_20220125_094002-2048x1152.jpg 2048w\" sizes=\"auto, (max-width: 767px) 89vw, (max-width: 1000px) 54vw, (max-width: 1071px) 543px, 580px\" \/><\/a><\/figure><\/li><li class=\"blocks-gallery-item\"><figure><a href=\"https:\/\/tregorsonore.fr\/wp-content\/uploads\/2022\/03\/IMG_20220125_094023-scaled.jpg\"><img loading=\"lazy\" decoding=\"async\" width=\"1024\" height=\"576\" src=\"https:\/\/tregorsonore.fr\/wp-content\/uploads\/2022\/03\/IMG_20220125_094023-1024x576.jpg\" alt=\"\" data-id=\"298\" data-full-url=\"https:\/\/tregorsonore.fr\/wp-content\/uploads\/2022\/03\/IMG_20220125_094023-scaled.jpg\" data-link=\"https:\/\/tregorsonore.fr\/index.php\/matinee-son-2022\/img_20220125_094023\/\" class=\"wp-image-298\" srcset=\"https:\/\/tregorsonore.fr\/wp-content\/uploads\/2022\/03\/IMG_20220125_094023-1024x576.jpg 1024w, https:\/\/tregorsonore.fr\/wp-content\/uploads\/2022\/03\/IMG_20220125_094023-300x169.jpg 300w, https:\/\/tregorsonore.fr\/wp-content\/uploads\/2022\/03\/IMG_20220125_094023-768x432.jpg 768w, https:\/\/tregorsonore.fr\/wp-content\/uploads\/2022\/03\/IMG_20220125_094023-1536x864.jpg 1536w, https:\/\/tregorsonore.fr\/wp-content\/uploads\/2022\/03\/IMG_20220125_094023-2048x1152.jpg 2048w\" sizes=\"auto, (max-width: 767px) 89vw, (max-width: 1000px) 54vw, (max-width: 1071px) 543px, 580px\" \/><\/a><\/figure><\/li><li class=\"blocks-gallery-item\"><figure><a href=\"https:\/\/tregorsonore.fr\/wp-content\/uploads\/2022\/03\/IMG_20220125_094030-scaled.jpg\"><img loading=\"lazy\" decoding=\"async\" width=\"1024\" height=\"576\" src=\"https:\/\/tregorsonore.fr\/wp-content\/uploads\/2022\/03\/IMG_20220125_094030-1024x576.jpg\" alt=\"\" data-id=\"299\" data-full-url=\"https:\/\/tregorsonore.fr\/wp-content\/uploads\/2022\/03\/IMG_20220125_094030-scaled.jpg\" data-link=\"https:\/\/tregorsonore.fr\/index.php\/matinee-son-2022\/img_20220125_094030\/\" class=\"wp-image-299\" srcset=\"https:\/\/tregorsonore.fr\/wp-content\/uploads\/2022\/03\/IMG_20220125_094030-1024x576.jpg 1024w, https:\/\/tregorsonore.fr\/wp-content\/uploads\/2022\/03\/IMG_20220125_094030-300x169.jpg 300w, https:\/\/tregorsonore.fr\/wp-content\/uploads\/2022\/03\/IMG_20220125_094030-768x432.jpg 768w, https:\/\/tregorsonore.fr\/wp-content\/uploads\/2022\/03\/IMG_20220125_094030-1536x864.jpg 1536w, https:\/\/tregorsonore.fr\/wp-content\/uploads\/2022\/03\/IMG_20220125_094030-2048x1152.jpg 2048w\" sizes=\"auto, (max-width: 767px) 89vw, (max-width: 1000px) 54vw, (max-width: 1071px) 543px, 580px\" \/><\/a><\/figure><\/li><li class=\"blocks-gallery-item\"><figure><a href=\"https:\/\/tregorsonore.fr\/wp-content\/uploads\/2022\/03\/IMG_20220125_103720-scaled.jpg\"><img loading=\"lazy\" decoding=\"async\" width=\"1024\" height=\"576\" src=\"https:\/\/tregorsonore.fr\/wp-content\/uploads\/2022\/03\/IMG_20220125_103720-1024x576.jpg\" alt=\"\" data-id=\"300\" data-full-url=\"https:\/\/tregorsonore.fr\/wp-content\/uploads\/2022\/03\/IMG_20220125_103720-scaled.jpg\" data-link=\"https:\/\/tregorsonore.fr\/index.php\/matinee-son-2022\/img_20220125_103720\/\" class=\"wp-image-300\" srcset=\"https:\/\/tregorsonore.fr\/wp-content\/uploads\/2022\/03\/IMG_20220125_103720-1024x576.jpg 1024w, https:\/\/tregorsonore.fr\/wp-content\/uploads\/2022\/03\/IMG_20220125_103720-300x169.jpg 300w, https:\/\/tregorsonore.fr\/wp-content\/uploads\/2022\/03\/IMG_20220125_103720-768x432.jpg 768w, https:\/\/tregorsonore.fr\/wp-content\/uploads\/2022\/03\/IMG_20220125_103720-1536x864.jpg 1536w, https:\/\/tregorsonore.fr\/wp-content\/uploads\/2022\/03\/IMG_20220125_103720-2048x1152.jpg 2048w\" sizes=\"auto, (max-width: 767px) 89vw, (max-width: 1000px) 54vw, (max-width: 1071px) 543px, 580px\" \/><\/a><\/figure><\/li><li class=\"blocks-gallery-item\"><figure><a href=\"https:\/\/tregorsonore.fr\/wp-content\/uploads\/2022\/03\/IMG_20220125_103732-scaled.jpg\"><img loading=\"lazy\" decoding=\"async\" width=\"1024\" height=\"576\" src=\"https:\/\/tregorsonore.fr\/wp-content\/uploads\/2022\/03\/IMG_20220125_103732-1024x576.jpg\" alt=\"\" data-id=\"301\" data-full-url=\"https:\/\/tregorsonore.fr\/wp-content\/uploads\/2022\/03\/IMG_20220125_103732-scaled.jpg\" data-link=\"https:\/\/tregorsonore.fr\/index.php\/matinee-son-2022\/img_20220125_103732\/\" class=\"wp-image-301\" srcset=\"https:\/\/tregorsonore.fr\/wp-content\/uploads\/2022\/03\/IMG_20220125_103732-1024x576.jpg 1024w, https:\/\/tregorsonore.fr\/wp-content\/uploads\/2022\/03\/IMG_20220125_103732-300x169.jpg 300w, https:\/\/tregorsonore.fr\/wp-content\/uploads\/2022\/03\/IMG_20220125_103732-768x432.jpg 768w, https:\/\/tregorsonore.fr\/wp-content\/uploads\/2022\/03\/IMG_20220125_103732-1536x864.jpg 1536w, https:\/\/tregorsonore.fr\/wp-content\/uploads\/2022\/03\/IMG_20220125_103732-2048x1152.jpg 2048w\" sizes=\"auto, (max-width: 767px) 89vw, (max-width: 1000px) 54vw, (max-width: 1071px) 543px, 580px\" \/><\/a><\/figure><\/li><li class=\"blocks-gallery-item\"><figure><a href=\"https:\/\/tregorsonore.fr\/wp-content\/uploads\/2022\/03\/IMG_20220125_103739-scaled.jpg\"><img loading=\"lazy\" decoding=\"async\" width=\"1024\" height=\"576\" src=\"https:\/\/tregorsonore.fr\/wp-content\/uploads\/2022\/03\/IMG_20220125_103739-1024x576.jpg\" alt=\"\" data-id=\"302\" data-full-url=\"https:\/\/tregorsonore.fr\/wp-content\/uploads\/2022\/03\/IMG_20220125_103739-scaled.jpg\" data-link=\"https:\/\/tregorsonore.fr\/index.php\/matinee-son-2022\/img_20220125_103739\/\" class=\"wp-image-302\" srcset=\"https:\/\/tregorsonore.fr\/wp-content\/uploads\/2022\/03\/IMG_20220125_103739-1024x576.jpg 1024w, https:\/\/tregorsonore.fr\/wp-content\/uploads\/2022\/03\/IMG_20220125_103739-300x169.jpg 300w, https:\/\/tregorsonore.fr\/wp-content\/uploads\/2022\/03\/IMG_20220125_103739-768x432.jpg 768w, https:\/\/tregorsonore.fr\/wp-content\/uploads\/2022\/03\/IMG_20220125_103739-1536x864.jpg 1536w, https:\/\/tregorsonore.fr\/wp-content\/uploads\/2022\/03\/IMG_20220125_103739-2048x1152.jpg 2048w\" sizes=\"auto, (max-width: 767px) 89vw, (max-width: 1000px) 54vw, (max-width: 1071px) 543px, 580px\" \/><\/a><\/figure><\/li><li class=\"blocks-gallery-item\"><figure><a href=\"https:\/\/tregorsonore.fr\/wp-content\/uploads\/2022\/03\/IMG_20220125_112518-scaled.jpg\"><img loading=\"lazy\" decoding=\"async\" width=\"1024\" height=\"576\" src=\"https:\/\/tregorsonore.fr\/wp-content\/uploads\/2022\/03\/IMG_20220125_112518-1024x576.jpg\" alt=\"\" data-id=\"303\" data-full-url=\"https:\/\/tregorsonore.fr\/wp-content\/uploads\/2022\/03\/IMG_20220125_112518-scaled.jpg\" data-link=\"https:\/\/tregorsonore.fr\/index.php\/matinee-son-2022\/img_20220125_112518\/\" class=\"wp-image-303\" srcset=\"https:\/\/tregorsonore.fr\/wp-content\/uploads\/2022\/03\/IMG_20220125_112518-1024x576.jpg 1024w, https:\/\/tregorsonore.fr\/wp-content\/uploads\/2022\/03\/IMG_20220125_112518-300x169.jpg 300w, https:\/\/tregorsonore.fr\/wp-content\/uploads\/2022\/03\/IMG_20220125_112518-768x432.jpg 768w, https:\/\/tregorsonore.fr\/wp-content\/uploads\/2022\/03\/IMG_20220125_112518-1536x864.jpg 1536w, https:\/\/tregorsonore.fr\/wp-content\/uploads\/2022\/03\/IMG_20220125_112518-2048x1152.jpg 2048w\" sizes=\"auto, (max-width: 767px) 89vw, (max-width: 1000px) 54vw, (max-width: 1071px) 543px, 580px\" \/><\/a><\/figure><\/li><li class=\"blocks-gallery-item\"><figure><a href=\"https:\/\/tregorsonore.fr\/wp-content\/uploads\/2022\/03\/IMG_20220125_112523-scaled.jpg\"><img loading=\"lazy\" decoding=\"async\" width=\"1024\" height=\"576\" src=\"https:\/\/tregorsonore.fr\/wp-content\/uploads\/2022\/03\/IMG_20220125_112523-1024x576.jpg\" alt=\"\" data-id=\"304\" data-full-url=\"https:\/\/tregorsonore.fr\/wp-content\/uploads\/2022\/03\/IMG_20220125_112523-scaled.jpg\" data-link=\"https:\/\/tregorsonore.fr\/index.php\/matinee-son-2022\/img_20220125_112523\/\" class=\"wp-image-304\" srcset=\"https:\/\/tregorsonore.fr\/wp-content\/uploads\/2022\/03\/IMG_20220125_112523-1024x576.jpg 1024w, https:\/\/tregorsonore.fr\/wp-content\/uploads\/2022\/03\/IMG_20220125_112523-300x169.jpg 300w, https:\/\/tregorsonore.fr\/wp-content\/uploads\/2022\/03\/IMG_20220125_112523-768x432.jpg 768w, https:\/\/tregorsonore.fr\/wp-content\/uploads\/2022\/03\/IMG_20220125_112523-1536x864.jpg 1536w, https:\/\/tregorsonore.fr\/wp-content\/uploads\/2022\/03\/IMG_20220125_112523-2048x1152.jpg 2048w\" sizes=\"auto, (max-width: 767px) 89vw, (max-width: 1000px) 54vw, (max-width: 1071px) 543px, 580px\" \/><\/a><\/figure><\/li><li class=\"blocks-gallery-item\"><figure><a href=\"https:\/\/tregorsonore.fr\/wp-content\/uploads\/2022\/03\/IMG_20220125_125131-scaled.jpg\"><img loading=\"lazy\" decoding=\"async\" width=\"1024\" height=\"576\" src=\"https:\/\/tregorsonore.fr\/wp-content\/uploads\/2022\/03\/IMG_20220125_125131-1024x576.jpg\" alt=\"\" data-id=\"305\" data-full-url=\"https:\/\/tregorsonore.fr\/wp-content\/uploads\/2022\/03\/IMG_20220125_125131-scaled.jpg\" data-link=\"https:\/\/tregorsonore.fr\/index.php\/matinee-son-2022\/img_20220125_125131\/\" class=\"wp-image-305\" srcset=\"https:\/\/tregorsonore.fr\/wp-content\/uploads\/2022\/03\/IMG_20220125_125131-1024x576.jpg 1024w, https:\/\/tregorsonore.fr\/wp-content\/uploads\/2022\/03\/IMG_20220125_125131-300x169.jpg 300w, https:\/\/tregorsonore.fr\/wp-content\/uploads\/2022\/03\/IMG_20220125_125131-768x432.jpg 768w, https:\/\/tregorsonore.fr\/wp-content\/uploads\/2022\/03\/IMG_20220125_125131-1536x864.jpg 1536w, https:\/\/tregorsonore.fr\/wp-content\/uploads\/2022\/03\/IMG_20220125_125131-2048x1152.jpg 2048w\" sizes=\"auto, (max-width: 767px) 89vw, (max-width: 1000px) 54vw, (max-width: 1071px) 543px, 580px\" \/><\/a><\/figure><\/li><\/ul><\/figure>\n\n\n\n<figure class=\"wp-block-image size-large\"><img loading=\"lazy\" decoding=\"async\" width=\"1024\" height=\"55\" src=\"http:\/\/tregorsonore.fr\/wp-content\/uploads\/2021\/12\/onde-copie-1024x55.png\" alt=\"\" class=\"wp-image-13\" srcset=\"https:\/\/tregorsonore.fr\/wp-content\/uploads\/2021\/12\/onde-copie-1024x55.png 1024w, https:\/\/tregorsonore.fr\/wp-content\/uploads\/2021\/12\/onde-copie-300x16.png 300w, https:\/\/tregorsonore.fr\/wp-content\/uploads\/2021\/12\/onde-copie-768x41.png 768w, https:\/\/tregorsonore.fr\/wp-content\/uploads\/2021\/12\/onde-copie-1200x64.png 1200w, https:\/\/tregorsonore.fr\/wp-content\/uploads\/2021\/12\/onde-copie.png 1479w\" sizes=\"auto, (max-width: 767px) 89vw, (max-width: 1000px) 54vw, (max-width: 1071px) 543px, 580px\" \/><\/figure>\n\n\n\n<h2 class=\"wp-block-heading\">25 Janvier 2022<\/h2>\n\n\n\n<h3 class=\"wp-block-heading\">Matin\u00e9e Son (9h00 &#8211; 12h30)<\/h3>\n\n\n\n<ul class=\"wp-block-list\"><li><strong>Samir-Sharif EL RHAZ&nbsp;<\/strong>&#8211;&nbsp;<em>ENSSAT, Seismowave &#8211;<\/em>&nbsp;Introduction \u00e0 l\u2019instrumentation infrasonore,<\/li><li><strong>Pierre MAHE&nbsp;<\/strong>&#8211;&nbsp;<em>Orange Labs<\/em>&nbsp;&#8211;&nbsp;L\u2019audio immersif au service des communications,<\/li><li><strong>Ir\u00e8ne MOPIN<\/strong>&nbsp;&#8211;&nbsp;<em>ENSTA Bretagne et l\u2019universit\u00e9 de Bath &#8211;&nbsp;<\/em>L\u2019acoustique sous-marine pour la caract\u00e9risation des fonds marins.<\/li><\/ul>\n\n\n\n<figure class=\"wp-block-embed is-type-video is-provider-youtube wp-block-embed-youtube wp-embed-aspect-16-9 wp-has-aspect-ratio\"><div class=\"wp-block-embed__wrapper\">\n<iframe loading=\"lazy\" title=\"MATIN\u00c9E SON 2022\" width=\"525\" height=\"295\" src=\"https:\/\/www.youtube.com\/embed\/-_835Cbd4iY?feature=oembed\" frameborder=\"0\" allow=\"accelerometer; autoplay; clipboard-write; encrypted-media; gyroscope; picture-in-picture; web-share\" referrerpolicy=\"strict-origin-when-cross-origin\" allowfullscreen><\/iframe>\n<\/div><\/figure>\n\n\n\n<figure class=\"wp-block-image size-full\"><img loading=\"lazy\" decoding=\"async\" width=\"1024\" height=\"55\" src=\"http:\/\/tregorsonore.fr\/wp-content\/uploads\/2021\/12\/onde-copie-1024x55-1.png\" alt=\"\" class=\"wp-image-174\" srcset=\"https:\/\/tregorsonore.fr\/wp-content\/uploads\/2021\/12\/onde-copie-1024x55-1.png 1024w, https:\/\/tregorsonore.fr\/wp-content\/uploads\/2021\/12\/onde-copie-1024x55-1-300x16.png 300w, https:\/\/tregorsonore.fr\/wp-content\/uploads\/2021\/12\/onde-copie-1024x55-1-768x41.png 768w\" sizes=\"auto, (max-width: 767px) 89vw, (max-width: 1000px) 54vw, (max-width: 1071px) 543px, 580px\" \/><\/figure>\n\n\n\n<h2 class=\"wp-block-heading\">Intervenants :<\/h2>\n\n\n\n<h3 class=\"wp-block-heading\">Samir-Sharif EL RHAZ,<\/h3>\n\n\n\n<h4 class=\"wp-block-heading\">Introduction \u00e0 l\u2019instrumentation Infrasonore :<\/h4>\n\n\n\n<ul class=\"wp-block-list\"><li>Aper\u00e7u du contexte industriel de Seismowave (collaborations, activit\u00e9s et services dans le domaine infrasonore),<\/li><li>introduction \u00e0 l&#8217;instrumentation infrasonore (nature de l&#8217;onde, histoire de la mesure) illustr\u00e9e au travers d&#8217;une application type,<\/li><li>d\u00e9tails de la conception d&#8217;un capteur infrason et ses grandeurs caract\u00e9ristiques (principe de mesure, conditionnement du signal, m\u00e9trologie).<\/li><\/ul>\n\n\n\n<p>Samir-Sharif a int\u00e9gr\u00e9 le groupe Gl\u00e9mot en 2019 en tant qu&#8217;ing\u00e9nieur d&#8217;\u00e9tude. En 2020 il obtient son dipl\u00f4me d\u2019ing\u00e9nieur en sp\u00e9cialit\u00e9 Syst\u00e8mes Num\u00e9riques \u00e0 l\u2019ENSSAT. Il poursuit actuellement une th\u00e8se CIFRE chez Seismowave sous la tutelle de l&#8217;\u00e9quipe GRANIT du laboratoire IRISA. Il travaille actuellement dans&nbsp;la conception d&#8217;une cha\u00eene d&#8217;instrumentation infrasonore autonome en \u00e9nergie et communicant sans-fil.<\/p>\n\n\n\n<h3 class=\"wp-block-heading\">Pierre MAHE,<\/h3>\n\n\n\n<h4 class=\"wp-block-heading\">L\u2019audio immersif au service des communications :<\/h4>\n\n\n\n<p>Depuis quelques ann\u00e9es, les technologies de captation et de restitution sonore immersive se sont d\u00e9velopp\u00e9es de mani\u00e8re importante. Ce contenu a fait na\u00eetre le besoin de cr\u00e9er de nouvelles m\u00e9thodes d\u00e9di\u00e9es \u00e0 la compression audio spatialis\u00e9, notamment dans le domaine de la t\u00e9l\u00e9phonie et des services conversationnels.<br>Aujourd\u2019hui, Pierre nous pr\u00e9sente le fonctionnement de l\u2019audio immersif (aussi appel\u00e9 audio 3D), et plus pr\u00e9cis\u00e9ment celui de l\u2019Ambisonie. Cette repr\u00e9sentation s\u2019est impos\u00e9e comme l\u2019une des repr\u00e9sentations majeures pour le contenu de type enregistrement \u00ablive\u00bb. Durant cette pr\u00e9sentation, nous pr\u00e9senterons les enjeux et le changement de paradigme qu\u2019entra\u00eene l\u2019utilisation de l\u2019audio immersif pour les communications, ainsi qu\u2019un panorama des diff\u00e9rentes approches utilis\u00e9es actuellement pour compresser ce format.<\/p>\n\n\n\n<p>Apr\u00e8s des \u00e9tudes d\u2019informatique et de physique, Pierre Mah\u00e9 s\u2019est sp\u00e9cialis\u00e9 dans l\u2019informatique appliqu\u00e9e \u00e0 l\u2019audio et la musique \u00e0 l\u2019IRCAM. En parall\u00e8le de son cursus scientifique, il a suivi de multiples formations : en prise de son, mixage et musique assist\u00e9e par ordinateur au conservatoire d\u2019Aubervilliers. Aujourd\u2019hui, il vient d\u2019achever un doctorat en compression audio pour les communications immersives.<\/p>\n\n\n\n<h3 class=\"wp-block-heading\">Ir\u00e8ne MOPIN,<\/h3>\n\n\n\n<h4 class=\"wp-block-heading\">L\u2019acoustique sous-marine pour la caract\u00e9risation des fonds marins :<\/h4>\n\n\n\n<p><br>Les sondeurs utilis\u00e9s en hydrographie pour la cartographie des fonds marins fournissent aujourd\u2019hui, en plus de l\u2019information bathym\u00e9trique, l\u2019intensit\u00e9 r\u00e9trodiffus\u00e9e par le fond. Une sonde est donc dans la plupart des cas, associ\u00e9e \u00e0 un niveau acoustique re\u00e7u correspondant \u00e0 l\u2019\u00e9cho du fond. Pour plusieurs applications telles que la classification ou la caract\u00e9risation des fonds, il est n\u00e9cessaire de transformer ce niveau re\u00e7u en une quantit\u00e9 absolue appel\u00e9e r\u00e9ponse acoustique du fond. Elle est sp\u00e9cifique \u00e0 un type de fond (sable, vase, roche\u2026) et d\u00e9pend de la fr\u00e9quence du signal \u00e9mis et de son angle d\u2019incidence. De nombreuses m\u00e9thodes sont utilis\u00e9es par les constructeurs et utilisateurs de sondeurs pour r\u00e9duire l\u2019information contenue dans une trame temporelle re\u00e7ue (ping) et en d\u00e9duire la r\u00e9ponse du fond. Dans cette pr\u00e9sentation les principales proc\u00e9dures seront compar\u00e9es \u00e0 l\u2019aide d\u2019outils statistiques. Des conseils de bonnes pratiques seront propos\u00e9s, associ\u00e9s \u00e0 une formulation th\u00e9orique du rapport nombre de pings \/ nombre d\u2019\u00e9chantillons temporels \u00e0 utiliser pour obtenir une valeur de r\u00e9ponse du fond pertinente.<\/p>\n\n\n\n<p>Apr\u00e8s un master d\u2019acoustique \u00e0 l\u2019universit\u00e9 Pierre &amp; Marie Curie et un dipl\u00f4me d\u2019ing\u00e9nieur hydrographe-oc\u00e9anographe \u00e0 l\u2019ENSTA Bretagne, Ir\u00e8ne Mopin a travaill\u00e9 six ans en tant qu\u2019ing\u00e9nieur de recherche sur des th\u00e9matiques d\u2019acoustique sous-marine et de radar haute-fr\u00e9quence. Actuellement, elle est en doctorat en acoustique sous-marine. Sa th\u00e8se, co-dirig\u00e9e par l\u2019ENSTA Bretagne et l\u2019universit\u00e9 de Bath, porte sur l\u2019\u00e9tude pr\u00e9cise de la r\u00e9ponse acoustique du fond marin.<\/p>\n","protected":false},"excerpt":{"rendered":"<p>Dans le cadre de la semaine du son, Le collectif Tr\u00e9gor Sonore et la Technop\u00f4le Anticipa et la Cit\u00e9 des t\u00e9l\u00e9coms s\u2019associent pour une matin\u00e9e de pr\u00e9sentations et d\u2019\u00e9changes sur les technologies, innovations et march\u00e9s de la fili\u00e8re son. La matin\u00e9e met en avant des projets port\u00e9s par des entreprises locales et bretonnes, des projets &hellip; <\/p>\n<p class=\"link-more\"><a href=\"https:\/\/tregorsonore.fr\/index.php\/matinee-son-2022\/\" class=\"more-link\">Continue reading<span class=\"screen-reader-text\"> &#8220;Matin\u00e9e Son 2022&#8221;<\/span><\/a><\/p>\n","protected":false},"author":1,"featured_media":0,"parent":0,"menu_order":0,"comment_status":"closed","ping_status":"closed","template":"","meta":{"footnotes":""},"class_list":["post-192","page","type-page","status-publish","hentry"],"_links":{"self":[{"href":"https:\/\/tregorsonore.fr\/index.php\/wp-json\/wp\/v2\/pages\/192","targetHints":{"allow":["GET"]}}],"collection":[{"href":"https:\/\/tregorsonore.fr\/index.php\/wp-json\/wp\/v2\/pages"}],"about":[{"href":"https:\/\/tregorsonore.fr\/index.php\/wp-json\/wp\/v2\/types\/page"}],"author":[{"embeddable":true,"href":"https:\/\/tregorsonore.fr\/index.php\/wp-json\/wp\/v2\/users\/1"}],"replies":[{"embeddable":true,"href":"https:\/\/tregorsonore.fr\/index.php\/wp-json\/wp\/v2\/comments?post=192"}],"version-history":[{"count":14,"href":"https:\/\/tregorsonore.fr\/index.php\/wp-json\/wp\/v2\/pages\/192\/revisions"}],"predecessor-version":[{"id":460,"href":"https:\/\/tregorsonore.fr\/index.php\/wp-json\/wp\/v2\/pages\/192\/revisions\/460"}],"wp:attachment":[{"href":"https:\/\/tregorsonore.fr\/index.php\/wp-json\/wp\/v2\/media?parent=192"}],"curies":[{"name":"wp","href":"https:\/\/api.w.org\/{rel}","templated":true}]}}