{"id":197,"date":"2022-01-14T01:40:40","date_gmt":"2022-01-14T00:40:40","guid":{"rendered":"https:\/\/tregorsonore.fr\/?page_id=197"},"modified":"2023-01-24T15:48:26","modified_gmt":"2023-01-24T14:48:26","slug":"sonference-n6","status":"publish","type":"page","link":"https:\/\/tregorsonore.fr\/index.php\/sonferences-du-tregor\/sonference-n6\/","title":{"rendered":"N\u00b06 Le Logelloop : L\u2019outil num\u00e9rique, un instrument \u00e0 part enti\u00e8re"},"content":{"rendered":"\n<figure class=\"wp-block-image size-large is-resized\"><img loading=\"lazy\" decoding=\"async\" src=\"https:\/\/tregorsonore.fr\/wp-content\/uploads\/2022\/01\/Logelloop-1024x1024.jpg\" alt=\"\" class=\"wp-image-235\" width=\"265\" height=\"265\" srcset=\"https:\/\/tregorsonore.fr\/wp-content\/uploads\/2022\/01\/Logelloop-1024x1024.jpg 1024w, https:\/\/tregorsonore.fr\/wp-content\/uploads\/2022\/01\/Logelloop-300x300.jpg 300w, https:\/\/tregorsonore.fr\/wp-content\/uploads\/2022\/01\/Logelloop-150x150.jpg 150w, https:\/\/tregorsonore.fr\/wp-content\/uploads\/2022\/01\/Logelloop-768x768.jpg 768w, https:\/\/tregorsonore.fr\/wp-content\/uploads\/2022\/01\/Logelloop-1536x1536.jpg 1536w, https:\/\/tregorsonore.fr\/wp-content\/uploads\/2022\/01\/Logelloop-100x100.jpg 100w, https:\/\/tregorsonore.fr\/wp-content\/uploads\/2022\/01\/Logelloop.jpg 1626w\" sizes=\"auto, (max-width: 265px) 100vw, 265px\" \/><\/figure>\n\n\n\n<h2 class=\"wp-block-heading\">24 janvier 2022 (18h30):<\/h2>\n\n\n\n<p>Cette premi\u00e8re \u00e9dition de l\u2019ann\u00e9e a eu lieu&nbsp;en pr\u00e9sentiel&nbsp;<strong>\u00e0 la Cit\u00e9 des t\u00e9l\u00e9coms \u00e0 Pleumeur-Bodou<\/strong>.&nbsp;<\/p>\n\n\n\n<figure class=\"wp-block-embed is-type-video is-provider-youtube wp-block-embed-youtube wp-embed-aspect-16-9 wp-has-aspect-ratio\"><div class=\"wp-block-embed__wrapper\">\n<iframe loading=\"lazy\" title=\"Sonf\u00e9rence N\u00b0 6 -  LE LOGELLOOP : L\u2019OUTIL NUM\u00c9RIQUE, UN INSTRUMENT \u00c0 PART ENTI\u00c8RE\" width=\"525\" height=\"295\" src=\"https:\/\/www.youtube.com\/embed\/SWFa9QUBk-w?feature=oembed\" frameborder=\"0\" allow=\"accelerometer; autoplay; clipboard-write; encrypted-media; gyroscope; picture-in-picture; web-share\" referrerpolicy=\"strict-origin-when-cross-origin\" allowfullscreen><\/iframe>\n<\/div><\/figure>\n\n\n\n<div class=\"wp-block-buttons is-layout-flex wp-block-buttons-is-layout-flex\">\n<div class=\"wp-block-button\"><a class=\"wp-block-button__link\" href=\"https:\/\/www.helloasso.com\/associations\/tregor-sonore\/evenements\/sonference-n-6\" target=\"_blank\" rel=\"noreferrer noopener\">R\u00e9servations<\/a><\/div>\n<\/div>\n\n\n\n<p><strong>Philippe Ollivier<\/strong> compose avec le bandon\u00e9on et le logiciel <a href=\"https:\/\/www.logelloop.com\/\">Logelloop<\/a>. Le dialogue entre l\u2019instrument acoustique et l\u2019\u00e9lectronique lui permet de se constituer un langage propre, en constante \u00e9volution.<\/p>\n\n\n\n<p>Pouss\u00e9 par une curiosit\u00e9 artistique prot\u00e9iforme, le compositeur s\u2019engage aussi dans une recherche plastique (photographie et vid\u00e9o-mapping) qui interroge le rapport du son \u00e0 l\u2019image et s\u2019enrichit de collaborations avec le cirque, le th\u00e9\u00e2tre et la danse contemporaine. Il aime investir des espaces naturels ou des lieux inattendus et r\u00e9pondre aux impulsions de leur musique propre. Ses cr\u00e9ations interrogent notre rapport au temps et cherchent \u00e0 susciter les d\u00e9cloisonnements tant sociaux qu\u2019esth\u00e9tiques. Philippe Ollivier est aussi directeur artistique du <a href=\"http:\/\/www.logellou.com\/\">Logello\u00f9<\/a>, lieu de cr\u00e9ation musicale en C\u00f4tes d\u2019Armor et, avec Christophe Baratay, le concepteur de Logelloop. <\/p>\n\n\n\n<p><strong>Philippe Olivier<\/strong> \u00e9change avec<strong> Damien Bonhomme <\/strong>de la conception et l&#8217;utilisation de cet surprenant outil, Made in Tr\u00e9gor.<\/p>\n\n\n\n<figure class=\"wp-block-image size-full\"><img loading=\"lazy\" decoding=\"async\" width=\"1024\" height=\"55\" src=\"http:\/\/tregorsonore.fr\/wp-content\/uploads\/2021\/12\/onde-copie-1024x55-1.png\" alt=\"\" class=\"wp-image-174\" srcset=\"https:\/\/tregorsonore.fr\/wp-content\/uploads\/2021\/12\/onde-copie-1024x55-1.png 1024w, https:\/\/tregorsonore.fr\/wp-content\/uploads\/2021\/12\/onde-copie-1024x55-1-300x16.png 300w, https:\/\/tregorsonore.fr\/wp-content\/uploads\/2021\/12\/onde-copie-1024x55-1-768x41.png 768w\" sizes=\"auto, (max-width: 767px) 89vw, (max-width: 1000px) 54vw, (max-width: 1071px) 543px, 580px\" \/><\/figure>\n\n\n\n<p> Logelloop est un outil modulaire de cr\u00e9ation sonore, enti\u00e8rement configurable proposant une organisation en projets. C&#8217;est \u00e0 la base un looper multicanal dot\u00e9 d\u2019un ensemble de fonctions offrant les conditions du studio pour la sc\u00e8ne. Logelloop est aussi un outil surpuissant de cr\u00e9ation \u00e9lectroacoustique pens\u00e9 pour jouer sur des syst\u00e8mes de spatialisation du son. Logelloop est pratique pour les musiciens qui souhaitent lancer des effets ou charger des pr\u00e9parations alors que leurs mains sont occup\u00e9es \u00e0 jouer d&#8217;un instrument. Avec ses fonctions de slicers, micro loops, synth\u00e8se granulaire, Logelloop est utile aux souddesigners qui doivent rapidement cr\u00e9er des sons nouveaux.<br>Bien s\u00fbr, Logelloop est un outil fondamental pour les adeptes du Live Looping qui aiment jouer les boucles parall\u00e8les, synchrones ou asynchrones, dans des gabarits musicaux asym\u00e9triques, pour les seuls en sc\u00e8ne ou \u00e0 plusieurs. Logelloop est \u00e9galement un outil pris\u00e9 des ing\u00e9nieurs du son pour le th\u00e9\u00e2tre ou la danse et qui doivent lancer des samples en temps r\u00e9el sur des dispositifs multi-haut-parleurs.<\/p>\n\n\n\n<figure class=\"wp-block-image size-full\"><img loading=\"lazy\" decoding=\"async\" width=\"1024\" height=\"55\" src=\"http:\/\/tregorsonore.fr\/wp-content\/uploads\/2021\/12\/onde-copie-1024x55-1.png\" alt=\"\" class=\"wp-image-174\" srcset=\"https:\/\/tregorsonore.fr\/wp-content\/uploads\/2021\/12\/onde-copie-1024x55-1.png 1024w, https:\/\/tregorsonore.fr\/wp-content\/uploads\/2021\/12\/onde-copie-1024x55-1-300x16.png 300w, https:\/\/tregorsonore.fr\/wp-content\/uploads\/2021\/12\/onde-copie-1024x55-1-768x41.png 768w\" sizes=\"auto, (max-width: 767px) 89vw, (max-width: 1000px) 54vw, (max-width: 1071px) 543px, 580px\" \/><\/figure>\n\n\n\n<figure class=\"wp-block-gallery columns-3 is-cropped wp-block-gallery-1 is-layout-flex wp-block-gallery-is-layout-flex\"><ul class=\"blocks-gallery-grid\"><li class=\"blocks-gallery-item\"><figure><a href=\"https:\/\/tregorsonore.fr\/wp-content\/uploads\/2022\/03\/IMG_20220124_180507-scaled.jpg\"><img loading=\"lazy\" decoding=\"async\" width=\"1024\" height=\"576\" src=\"https:\/\/tregorsonore.fr\/wp-content\/uploads\/2022\/03\/IMG_20220124_180507-1024x576.jpg\" alt=\"\" data-id=\"288\" data-full-url=\"https:\/\/tregorsonore.fr\/wp-content\/uploads\/2022\/03\/IMG_20220124_180507-scaled.jpg\" data-link=\"https:\/\/tregorsonore.fr\/index.php\/sonferences-du-tregor\/sonference-n6\/img_20220124_180507\/\" class=\"wp-image-288\" srcset=\"https:\/\/tregorsonore.fr\/wp-content\/uploads\/2022\/03\/IMG_20220124_180507-1024x576.jpg 1024w, https:\/\/tregorsonore.fr\/wp-content\/uploads\/2022\/03\/IMG_20220124_180507-300x169.jpg 300w, https:\/\/tregorsonore.fr\/wp-content\/uploads\/2022\/03\/IMG_20220124_180507-768x432.jpg 768w, https:\/\/tregorsonore.fr\/wp-content\/uploads\/2022\/03\/IMG_20220124_180507-1536x864.jpg 1536w, https:\/\/tregorsonore.fr\/wp-content\/uploads\/2022\/03\/IMG_20220124_180507-2048x1152.jpg 2048w\" sizes=\"auto, (max-width: 767px) 89vw, (max-width: 1000px) 54vw, (max-width: 1071px) 543px, 580px\" \/><\/a><\/figure><\/li><li class=\"blocks-gallery-item\"><figure><a href=\"https:\/\/tregorsonore.fr\/wp-content\/uploads\/2022\/03\/IMG_20220124_180522-1-scaled.jpg\"><img loading=\"lazy\" decoding=\"async\" width=\"576\" height=\"1024\" src=\"https:\/\/tregorsonore.fr\/wp-content\/uploads\/2022\/03\/IMG_20220124_180522-1-576x1024.jpg\" alt=\"\" data-id=\"289\" data-full-url=\"https:\/\/tregorsonore.fr\/wp-content\/uploads\/2022\/03\/IMG_20220124_180522-1-scaled.jpg\" data-link=\"https:\/\/tregorsonore.fr\/index.php\/sonferences-du-tregor\/sonference-n6\/img_20220124_180522-1\/\" class=\"wp-image-289\" srcset=\"https:\/\/tregorsonore.fr\/wp-content\/uploads\/2022\/03\/IMG_20220124_180522-1-576x1024.jpg 576w, https:\/\/tregorsonore.fr\/wp-content\/uploads\/2022\/03\/IMG_20220124_180522-1-169x300.jpg 169w, https:\/\/tregorsonore.fr\/wp-content\/uploads\/2022\/03\/IMG_20220124_180522-1-768x1365.jpg 768w, https:\/\/tregorsonore.fr\/wp-content\/uploads\/2022\/03\/IMG_20220124_180522-1-864x1536.jpg 864w, https:\/\/tregorsonore.fr\/wp-content\/uploads\/2022\/03\/IMG_20220124_180522-1-1152x2048.jpg 1152w, https:\/\/tregorsonore.fr\/wp-content\/uploads\/2022\/03\/IMG_20220124_180522-1-scaled.jpg 1440w\" sizes=\"auto, (max-width: 576px) 100vw, 576px\" \/><\/a><\/figure><\/li><li class=\"blocks-gallery-item\"><figure><a href=\"https:\/\/tregorsonore.fr\/wp-content\/uploads\/2022\/03\/IMG_20220124_180710-scaled.jpg\"><img loading=\"lazy\" decoding=\"async\" width=\"1024\" height=\"576\" src=\"https:\/\/tregorsonore.fr\/wp-content\/uploads\/2022\/03\/IMG_20220124_180710-1024x576.jpg\" alt=\"\" data-id=\"290\" data-full-url=\"https:\/\/tregorsonore.fr\/wp-content\/uploads\/2022\/03\/IMG_20220124_180710-scaled.jpg\" data-link=\"https:\/\/tregorsonore.fr\/index.php\/sonferences-du-tregor\/sonference-n6\/img_20220124_180710\/\" class=\"wp-image-290\" srcset=\"https:\/\/tregorsonore.fr\/wp-content\/uploads\/2022\/03\/IMG_20220124_180710-1024x576.jpg 1024w, https:\/\/tregorsonore.fr\/wp-content\/uploads\/2022\/03\/IMG_20220124_180710-300x169.jpg 300w, https:\/\/tregorsonore.fr\/wp-content\/uploads\/2022\/03\/IMG_20220124_180710-768x432.jpg 768w, https:\/\/tregorsonore.fr\/wp-content\/uploads\/2022\/03\/IMG_20220124_180710-1536x864.jpg 1536w, https:\/\/tregorsonore.fr\/wp-content\/uploads\/2022\/03\/IMG_20220124_180710-2048x1152.jpg 2048w\" sizes=\"auto, (max-width: 767px) 89vw, (max-width: 1000px) 54vw, (max-width: 1071px) 543px, 580px\" \/><\/a><\/figure><\/li><li class=\"blocks-gallery-item\"><figure><a href=\"https:\/\/tregorsonore.fr\/wp-content\/uploads\/2022\/03\/IMG_20220124_181029-scaled.jpg\"><img loading=\"lazy\" decoding=\"async\" width=\"1024\" height=\"576\" src=\"https:\/\/tregorsonore.fr\/wp-content\/uploads\/2022\/03\/IMG_20220124_181029-1024x576.jpg\" alt=\"\" data-id=\"291\" data-full-url=\"https:\/\/tregorsonore.fr\/wp-content\/uploads\/2022\/03\/IMG_20220124_181029-scaled.jpg\" data-link=\"https:\/\/tregorsonore.fr\/index.php\/sonferences-du-tregor\/sonference-n6\/img_20220124_181029\/\" class=\"wp-image-291\" srcset=\"https:\/\/tregorsonore.fr\/wp-content\/uploads\/2022\/03\/IMG_20220124_181029-1024x576.jpg 1024w, https:\/\/tregorsonore.fr\/wp-content\/uploads\/2022\/03\/IMG_20220124_181029-300x169.jpg 300w, https:\/\/tregorsonore.fr\/wp-content\/uploads\/2022\/03\/IMG_20220124_181029-768x432.jpg 768w, https:\/\/tregorsonore.fr\/wp-content\/uploads\/2022\/03\/IMG_20220124_181029-1536x864.jpg 1536w, https:\/\/tregorsonore.fr\/wp-content\/uploads\/2022\/03\/IMG_20220124_181029-2048x1152.jpg 2048w\" sizes=\"auto, (max-width: 767px) 89vw, (max-width: 1000px) 54vw, (max-width: 1071px) 543px, 580px\" \/><\/a><\/figure><\/li><\/ul><\/figure>\n","protected":false},"excerpt":{"rendered":"<p>24 janvier 2022 (18h30): Cette premi\u00e8re \u00e9dition de l\u2019ann\u00e9e a eu lieu&nbsp;en pr\u00e9sentiel&nbsp;\u00e0 la Cit\u00e9 des t\u00e9l\u00e9coms \u00e0 Pleumeur-Bodou.&nbsp; Philippe Ollivier compose avec le bandon\u00e9on et le logiciel Logelloop. Le dialogue entre l\u2019instrument acoustique et l\u2019\u00e9lectronique lui permet de se constituer un langage propre, en constante \u00e9volution. Pouss\u00e9 par une curiosit\u00e9 artistique prot\u00e9iforme, le compositeur &hellip; <\/p>\n<p class=\"link-more\"><a href=\"https:\/\/tregorsonore.fr\/index.php\/sonferences-du-tregor\/sonference-n6\/\" class=\"more-link\">Continue reading<span class=\"screen-reader-text\"> &#8220;N\u00b06 Le Logelloop : L\u2019outil num\u00e9rique, un instrument \u00e0 part enti\u00e8re&#8221;<\/span><\/a><\/p>\n","protected":false},"author":1,"featured_media":0,"parent":33,"menu_order":0,"comment_status":"closed","ping_status":"closed","template":"","meta":{"footnotes":""},"class_list":["post-197","page","type-page","status-publish","hentry"],"_links":{"self":[{"href":"https:\/\/tregorsonore.fr\/index.php\/wp-json\/wp\/v2\/pages\/197","targetHints":{"allow":["GET"]}}],"collection":[{"href":"https:\/\/tregorsonore.fr\/index.php\/wp-json\/wp\/v2\/pages"}],"about":[{"href":"https:\/\/tregorsonore.fr\/index.php\/wp-json\/wp\/v2\/types\/page"}],"author":[{"embeddable":true,"href":"https:\/\/tregorsonore.fr\/index.php\/wp-json\/wp\/v2\/users\/1"}],"replies":[{"embeddable":true,"href":"https:\/\/tregorsonore.fr\/index.php\/wp-json\/wp\/v2\/comments?post=197"}],"version-history":[{"count":16,"href":"https:\/\/tregorsonore.fr\/index.php\/wp-json\/wp\/v2\/pages\/197\/revisions"}],"predecessor-version":[{"id":465,"href":"https:\/\/tregorsonore.fr\/index.php\/wp-json\/wp\/v2\/pages\/197\/revisions\/465"}],"up":[{"embeddable":true,"href":"https:\/\/tregorsonore.fr\/index.php\/wp-json\/wp\/v2\/pages\/33"}],"wp:attachment":[{"href":"https:\/\/tregorsonore.fr\/index.php\/wp-json\/wp\/v2\/media?parent=197"}],"curies":[{"name":"wp","href":"https:\/\/api.w.org\/{rel}","templated":true}]}}