{"id":256,"date":"2022-03-18T14:52:36","date_gmt":"2022-03-18T13:52:36","guid":{"rendered":"https:\/\/tregorsonore.fr\/?page_id=256"},"modified":"2023-01-24T15:46:09","modified_gmt":"2023-01-24T14:46:09","slug":"hors-serie-nuc","status":"publish","type":"page","link":"https:\/\/tregorsonore.fr\/index.php\/sonferences-du-tregor\/hors-serie-nuc\/","title":{"rendered":"Hors S\u00e9rie : Le nucl\u00e9aire est-il compatible avec la guerre ?"},"content":{"rendered":"\n<figure class=\"wp-block-image size-full\"><img loading=\"lazy\" decoding=\"async\" width=\"1024\" height=\"55\" src=\"http:\/\/tregorsonore.fr\/wp-content\/uploads\/2021\/12\/onde-copie-1024x55-1.png\" alt=\"\" class=\"wp-image-174\" srcset=\"https:\/\/tregorsonore.fr\/wp-content\/uploads\/2021\/12\/onde-copie-1024x55-1.png 1024w, https:\/\/tregorsonore.fr\/wp-content\/uploads\/2021\/12\/onde-copie-1024x55-1-300x16.png 300w, https:\/\/tregorsonore.fr\/wp-content\/uploads\/2021\/12\/onde-copie-1024x55-1-768x41.png 768w\" sizes=\"auto, (max-width: 767px) 89vw, (max-width: 1000px) 54vw, (max-width: 1071px) 543px, 580px\" \/><\/figure>\n\n\n\n<h1 class=\"has-text-align-center wp-block-heading\">Le&nbsp;nucl\u00e9aire&nbsp;est-il compatible avec la guerre ?<\/h1>\n\n\n\n<div class=\"wp-block-media-text alignwide is-stacked-on-mobile\"><figure class=\"wp-block-media-text__media\"><img loading=\"lazy\" decoding=\"async\" width=\"1014\" height=\"1014\" src=\"http:\/\/tregorsonore.fr\/wp-content\/uploads\/2022\/03\/Nuc.png\" alt=\"\" class=\"wp-image-257 size-full\" srcset=\"https:\/\/tregorsonore.fr\/wp-content\/uploads\/2022\/03\/Nuc.png 1014w, https:\/\/tregorsonore.fr\/wp-content\/uploads\/2022\/03\/Nuc-300x300.png 300w, https:\/\/tregorsonore.fr\/wp-content\/uploads\/2022\/03\/Nuc-150x150.png 150w, https:\/\/tregorsonore.fr\/wp-content\/uploads\/2022\/03\/Nuc-768x768.png 768w, https:\/\/tregorsonore.fr\/wp-content\/uploads\/2022\/03\/Nuc-100x100.png 100w\" sizes=\"auto, (max-width: 767px) 89vw, (max-width: 1000px) 54vw, (max-width: 1071px) 543px, 580px\" \/><\/figure><div class=\"wp-block-media-text__content\">\n<h2 class=\"wp-block-heading\">Mercredi 30 mars 18h30<\/h2>\n\n\n\n<h3 class=\"wp-block-heading\">Le Flambard -Lannion<\/h3>\n\n\n\n<ul class=\"wp-block-list\"><li><strong>Val\u00e9rie Arnhold<\/strong>, enseignant-chercheure en sociologie<\/li><li><strong>Pascal Rueff<\/strong>, r\u00e9alisateur ind\u00e9pendant<\/li><\/ul>\n<\/div><\/div>\n\n\n\n<p>La Sonf\u00e9rence a eu lieu au Flambard \u00e0 Lannion.<\/p>\n\n\n\n<figure class=\"wp-block-image size-full is-resized\"><img loading=\"lazy\" decoding=\"async\" src=\"http:\/\/tregorsonore.fr\/wp-content\/uploads\/2021\/12\/onde-copie-1024x55-1.png\" alt=\"\" class=\"wp-image-174\" width=\"674\" height=\"36\" srcset=\"https:\/\/tregorsonore.fr\/wp-content\/uploads\/2021\/12\/onde-copie-1024x55-1.png 1024w, https:\/\/tregorsonore.fr\/wp-content\/uploads\/2021\/12\/onde-copie-1024x55-1-300x16.png 300w, https:\/\/tregorsonore.fr\/wp-content\/uploads\/2021\/12\/onde-copie-1024x55-1-768x41.png 768w\" sizes=\"auto, (max-width: 674px) 100vw, 674px\" \/><\/figure>\n\n\n\n<figure class=\"wp-block-embed is-type-video is-provider-youtube wp-block-embed-youtube wp-embed-aspect-16-9 wp-has-aspect-ratio\"><div class=\"wp-block-embed__wrapper\">\n<iframe loading=\"lazy\" title=\"Hors S\u00e9rie : Le nucl\u00e9aire est-il compatible avec la guerre ?\" width=\"525\" height=\"295\" src=\"https:\/\/www.youtube.com\/embed\/9vTXU9VRYjI?feature=oembed\" frameborder=\"0\" allow=\"accelerometer; autoplay; clipboard-write; encrypted-media; gyroscope; picture-in-picture; web-share\" referrerpolicy=\"strict-origin-when-cross-origin\" allowfullscreen><\/iframe>\n<\/div><\/figure>\n\n\n\n<figure class=\"wp-block-image size-full is-resized\"><img loading=\"lazy\" decoding=\"async\" src=\"http:\/\/tregorsonore.fr\/wp-content\/uploads\/2021\/12\/onde-copie-1024x55-1.png\" alt=\"\" class=\"wp-image-174\" width=\"674\" height=\"36\" srcset=\"https:\/\/tregorsonore.fr\/wp-content\/uploads\/2021\/12\/onde-copie-1024x55-1.png 1024w, https:\/\/tregorsonore.fr\/wp-content\/uploads\/2021\/12\/onde-copie-1024x55-1-300x16.png 300w, https:\/\/tregorsonore.fr\/wp-content\/uploads\/2021\/12\/onde-copie-1024x55-1-768x41.png 768w\" sizes=\"auto, (max-width: 674px) 100vw, 674px\" \/><\/figure>\n\n\n\n<p>La possibilit\u00e9 d\u2019un accident nucl\u00e9aire en Europe est aujourd\u2019hui envisag\u00e9e comme corollaire du conflit qui se d\u00e9roule en Ukraine. <\/p>\n\n\n\n<p>Est-ce que les centrales nucl\u00e9aires sont des organismes fragiles face \u00e0 la guerre? Comment sont-elles prot\u00e9g\u00e9es ?<\/p>\n\n\n\n<p>Faut-il repenser la d\u00e9pendance \u00e0 l\u2019\u00e9nergie nucl\u00e9aire face \u00e0 la d\u00e9monstration de ses vuln\u00e9rabilit\u00e9s ?<\/p>\n\n\n\n<p>\u00c0 partir de la situation actuelle en Ukraine, cette <em>sonf\u00e9rence<\/em> propose un tour d\u2019horizon des risques et des modes de gouvernance qui s&#8217;appliquent \u00e0 cette industrie particuli\u00e8re.<\/p>\n\n\n\n<figure class=\"wp-block-image size-full\"><img loading=\"lazy\" decoding=\"async\" width=\"1024\" height=\"55\" src=\"http:\/\/tregorsonore.fr\/wp-content\/uploads\/2021\/12\/onde-copie-1024x55-1.png\" alt=\"\" class=\"wp-image-174\" srcset=\"https:\/\/tregorsonore.fr\/wp-content\/uploads\/2021\/12\/onde-copie-1024x55-1.png 1024w, https:\/\/tregorsonore.fr\/wp-content\/uploads\/2021\/12\/onde-copie-1024x55-1-300x16.png 300w, https:\/\/tregorsonore.fr\/wp-content\/uploads\/2021\/12\/onde-copie-1024x55-1-768x41.png 768w\" sizes=\"auto, (max-width: 767px) 89vw, (max-width: 1000px) 54vw, (max-width: 1071px) 543px, 580px\" \/><\/figure>\n\n\n\n<div class=\"wp-block-media-text alignwide has-media-on-the-right is-stacked-on-mobile\" style=\"grid-template-columns:auto 34%\"><figure class=\"wp-block-media-text__media\"><img loading=\"lazy\" decoding=\"async\" width=\"683\" height=\"1024\" src=\"https:\/\/tregorsonore.fr\/wp-content\/uploads\/2022\/03\/f_l0tuw9g60-683x1024.jpeg\" alt=\"\" class=\"wp-image-259 size-full\" srcset=\"https:\/\/tregorsonore.fr\/wp-content\/uploads\/2022\/03\/f_l0tuw9g60-683x1024.jpeg 683w, https:\/\/tregorsonore.fr\/wp-content\/uploads\/2022\/03\/f_l0tuw9g60-200x300.jpeg 200w, https:\/\/tregorsonore.fr\/wp-content\/uploads\/2022\/03\/f_l0tuw9g60-768x1152.jpeg 768w, https:\/\/tregorsonore.fr\/wp-content\/uploads\/2022\/03\/f_l0tuw9g60-1024x1536.jpeg 1024w, https:\/\/tregorsonore.fr\/wp-content\/uploads\/2022\/03\/f_l0tuw9g60-1365x2048.jpeg 1365w, https:\/\/tregorsonore.fr\/wp-content\/uploads\/2022\/03\/f_l0tuw9g60-scaled.jpeg 1707w\" sizes=\"auto, (max-width: 683px) 100vw, 683px\" \/><\/figure><div class=\"wp-block-media-text__content\">\n<p class=\"has-normal-font-size\"><strong>Val\u00e9rie Arnhold<\/strong>, enseignant-chercheure en sociologie \u00e0&nbsp;<a rel=\"noreferrer noopener\" href=\"https:\/\/em-lyon.com\/\" target=\"_blank\">l\u2019emlyon<\/a>&nbsp;et chercheuse-associ\u00e9e \u00e0 Science-Po ; sp\u00e9cialis\u00e9e sur le secteur nucl\u00e9aire et auteure d\u2019une th\u00e8se sur la prise en charge des accidents et risques nucl\u00e9aires en France et en Europe<\/p>\n<\/div><\/div>\n\n\n\n<div class=\"wp-block-media-text alignwide is-stacked-on-mobile\"><figure class=\"wp-block-media-text__media\"><img loading=\"lazy\" decoding=\"async\" width=\"1024\" height=\"683\" src=\"https:\/\/tregorsonore.fr\/wp-content\/uploads\/2022\/03\/GAJ2008003G4786-Hi-1024x683.jpg\" alt=\"\" class=\"wp-image-258 size-full\" srcset=\"https:\/\/tregorsonore.fr\/wp-content\/uploads\/2022\/03\/GAJ2008003G4786-Hi-1024x683.jpg 1024w, https:\/\/tregorsonore.fr\/wp-content\/uploads\/2022\/03\/GAJ2008003G4786-Hi-300x200.jpg 300w, https:\/\/tregorsonore.fr\/wp-content\/uploads\/2022\/03\/GAJ2008003G4786-Hi-768x512.jpg 768w, https:\/\/tregorsonore.fr\/wp-content\/uploads\/2022\/03\/GAJ2008003G4786-Hi-1536x1024.jpg 1536w, https:\/\/tregorsonore.fr\/wp-content\/uploads\/2022\/03\/GAJ2008003G4786-Hi-2048x1365.jpg 2048w\" sizes=\"auto, (max-width: 767px) 89vw, (max-width: 1000px) 54vw, (max-width: 1071px) 543px, 580px\" \/><\/figure><div class=\"wp-block-media-text__content\">\n<p class=\"has-normal-font-size\"><strong>Pascal Rueff<\/strong>, r\u00e9alisateur ind\u00e9pendant<\/p>\n\n\n\n<p class=\"has-normal-font-size\">Depuis 2006, s\u00e9journe r\u00e9guli\u00e8rement dans la r\u00e9gion de Tchernobyl pour <a rel=\"noreferrer noopener\" href=\"http:\/\/www.tchernobyl.fr\/\" target=\"_blank\">t\u00e9moigner<\/a> des conditions de vie en territoire contamin\u00e9.<\/p>\n\n\n\n<p class=\"has-small-font-size\">Photo : <em>Jean Gaumy, Magnum<\/em><\/p>\n<\/div><\/div>\n\n\n\n<figure class=\"wp-block-image size-full\"><img loading=\"lazy\" decoding=\"async\" width=\"1024\" height=\"55\" src=\"http:\/\/tregorsonore.fr\/wp-content\/uploads\/2021\/12\/onde-copie-1024x55-1.png\" alt=\"\" class=\"wp-image-174\" srcset=\"https:\/\/tregorsonore.fr\/wp-content\/uploads\/2021\/12\/onde-copie-1024x55-1.png 1024w, https:\/\/tregorsonore.fr\/wp-content\/uploads\/2021\/12\/onde-copie-1024x55-1-300x16.png 300w, https:\/\/tregorsonore.fr\/wp-content\/uploads\/2021\/12\/onde-copie-1024x55-1-768x41.png 768w\" sizes=\"auto, (max-width: 767px) 89vw, (max-width: 1000px) 54vw, (max-width: 1071px) 543px, 580px\" \/><\/figure>\n\n\n\n<figure class=\"wp-block-gallery columns-3 is-cropped wp-block-gallery-1 is-layout-flex wp-block-gallery-is-layout-flex\"><ul class=\"blocks-gallery-grid\"><li class=\"blocks-gallery-item\"><figure><a href=\"http:\/\/tregorsonore.fr\/wp-content\/uploads\/2022\/04\/IMG_20220330_212650-1-scaled.jpg\"><img loading=\"lazy\" decoding=\"async\" width=\"1024\" height=\"576\" src=\"http:\/\/tregorsonore.fr\/wp-content\/uploads\/2022\/04\/IMG_20220330_212650-1-1024x576.jpg\" alt=\"\" data-id=\"330\" data-full-url=\"http:\/\/tregorsonore.fr\/wp-content\/uploads\/2022\/04\/IMG_20220330_212650-1-scaled.jpg\" data-link=\"https:\/\/tregorsonore.fr\/index.php\/sonferences-du-tregor\/hors-serie-nuc\/img_20220330_212650-1\/\" class=\"wp-image-330\" srcset=\"https:\/\/tregorsonore.fr\/wp-content\/uploads\/2022\/04\/IMG_20220330_212650-1-1024x576.jpg 1024w, https:\/\/tregorsonore.fr\/wp-content\/uploads\/2022\/04\/IMG_20220330_212650-1-300x169.jpg 300w, https:\/\/tregorsonore.fr\/wp-content\/uploads\/2022\/04\/IMG_20220330_212650-1-768x432.jpg 768w, https:\/\/tregorsonore.fr\/wp-content\/uploads\/2022\/04\/IMG_20220330_212650-1-1536x864.jpg 1536w, https:\/\/tregorsonore.fr\/wp-content\/uploads\/2022\/04\/IMG_20220330_212650-1-2048x1152.jpg 2048w\" sizes=\"auto, (max-width: 767px) 89vw, (max-width: 1000px) 54vw, (max-width: 1071px) 543px, 580px\" \/><\/a><\/figure><\/li><li class=\"blocks-gallery-item\"><figure><a href=\"http:\/\/tregorsonore.fr\/wp-content\/uploads\/2022\/04\/IMG_5081-scaled.jpg\"><img loading=\"lazy\" decoding=\"async\" width=\"768\" height=\"1024\" src=\"http:\/\/tregorsonore.fr\/wp-content\/uploads\/2022\/04\/IMG_5081-768x1024.jpg\" alt=\"\" data-id=\"329\" data-full-url=\"http:\/\/tregorsonore.fr\/wp-content\/uploads\/2022\/04\/IMG_5081-scaled.jpg\" data-link=\"https:\/\/tregorsonore.fr\/index.php\/sonferences-du-tregor\/hors-serie-nuc\/img_5081\/\" class=\"wp-image-329\" srcset=\"https:\/\/tregorsonore.fr\/wp-content\/uploads\/2022\/04\/IMG_5081-768x1024.jpg 768w, https:\/\/tregorsonore.fr\/wp-content\/uploads\/2022\/04\/IMG_5081-225x300.jpg 225w, https:\/\/tregorsonore.fr\/wp-content\/uploads\/2022\/04\/IMG_5081-1152x1536.jpg 1152w, https:\/\/tregorsonore.fr\/wp-content\/uploads\/2022\/04\/IMG_5081-1536x2048.jpg 1536w, https:\/\/tregorsonore.fr\/wp-content\/uploads\/2022\/04\/IMG_5081-scaled.jpg 1920w\" sizes=\"auto, (max-width: 767px) 89vw, (max-width: 1000px) 54vw, (max-width: 1071px) 543px, 580px\" \/><\/a><\/figure><\/li><li class=\"blocks-gallery-item\"><figure><a href=\"http:\/\/tregorsonore.fr\/wp-content\/uploads\/2022\/04\/IMG_5077-scaled.jpg\"><img loading=\"lazy\" decoding=\"async\" width=\"768\" height=\"1024\" src=\"http:\/\/tregorsonore.fr\/wp-content\/uploads\/2022\/04\/IMG_5077-768x1024.jpg\" alt=\"\" data-id=\"328\" data-full-url=\"http:\/\/tregorsonore.fr\/wp-content\/uploads\/2022\/04\/IMG_5077-scaled.jpg\" data-link=\"https:\/\/tregorsonore.fr\/index.php\/sonferences-du-tregor\/hors-serie-nuc\/img_5077\/\" class=\"wp-image-328\" srcset=\"https:\/\/tregorsonore.fr\/wp-content\/uploads\/2022\/04\/IMG_5077-768x1024.jpg 768w, https:\/\/tregorsonore.fr\/wp-content\/uploads\/2022\/04\/IMG_5077-225x300.jpg 225w, https:\/\/tregorsonore.fr\/wp-content\/uploads\/2022\/04\/IMG_5077-1152x1536.jpg 1152w, https:\/\/tregorsonore.fr\/wp-content\/uploads\/2022\/04\/IMG_5077-1536x2048.jpg 1536w, https:\/\/tregorsonore.fr\/wp-content\/uploads\/2022\/04\/IMG_5077-scaled.jpg 1920w\" sizes=\"auto, (max-width: 767px) 89vw, (max-width: 1000px) 54vw, (max-width: 1071px) 543px, 580px\" \/><\/a><\/figure><\/li><li class=\"blocks-gallery-item\"><figure><a href=\"http:\/\/tregorsonore.fr\/wp-content\/uploads\/2022\/04\/IMG_5070-scaled.jpg\"><img loading=\"lazy\" decoding=\"async\" width=\"1024\" height=\"768\" src=\"http:\/\/tregorsonore.fr\/wp-content\/uploads\/2022\/04\/IMG_5070-1024x768.jpg\" alt=\"\" data-id=\"326\" data-full-url=\"http:\/\/tregorsonore.fr\/wp-content\/uploads\/2022\/04\/IMG_5070-scaled.jpg\" data-link=\"https:\/\/tregorsonore.fr\/index.php\/sonferences-du-tregor\/hors-serie-nuc\/img_5070\/\" class=\"wp-image-326\" srcset=\"https:\/\/tregorsonore.fr\/wp-content\/uploads\/2022\/04\/IMG_5070-1024x768.jpg 1024w, https:\/\/tregorsonore.fr\/wp-content\/uploads\/2022\/04\/IMG_5070-300x225.jpg 300w, https:\/\/tregorsonore.fr\/wp-content\/uploads\/2022\/04\/IMG_5070-768x576.jpg 768w, https:\/\/tregorsonore.fr\/wp-content\/uploads\/2022\/04\/IMG_5070-1536x1152.jpg 1536w, https:\/\/tregorsonore.fr\/wp-content\/uploads\/2022\/04\/IMG_5070-2048x1536.jpg 2048w\" sizes=\"auto, (max-width: 767px) 89vw, (max-width: 1000px) 54vw, (max-width: 1071px) 543px, 580px\" \/><\/a><\/figure><\/li><li class=\"blocks-gallery-item\"><figure><a href=\"http:\/\/tregorsonore.fr\/wp-content\/uploads\/2022\/04\/IMG_20220330_190009-scaled.jpg\"><img loading=\"lazy\" decoding=\"async\" width=\"1024\" height=\"576\" src=\"http:\/\/tregorsonore.fr\/wp-content\/uploads\/2022\/04\/IMG_20220330_190009-1024x576.jpg\" alt=\"\" data-id=\"324\" data-full-url=\"http:\/\/tregorsonore.fr\/wp-content\/uploads\/2022\/04\/IMG_20220330_190009-scaled.jpg\" data-link=\"https:\/\/tregorsonore.fr\/index.php\/sonferences-du-tregor\/hors-serie-nuc\/img_20220330_190009\/\" class=\"wp-image-324\" srcset=\"https:\/\/tregorsonore.fr\/wp-content\/uploads\/2022\/04\/IMG_20220330_190009-1024x576.jpg 1024w, https:\/\/tregorsonore.fr\/wp-content\/uploads\/2022\/04\/IMG_20220330_190009-300x169.jpg 300w, https:\/\/tregorsonore.fr\/wp-content\/uploads\/2022\/04\/IMG_20220330_190009-768x432.jpg 768w, https:\/\/tregorsonore.fr\/wp-content\/uploads\/2022\/04\/IMG_20220330_190009-1536x864.jpg 1536w, https:\/\/tregorsonore.fr\/wp-content\/uploads\/2022\/04\/IMG_20220330_190009-2048x1152.jpg 2048w\" sizes=\"auto, (max-width: 767px) 89vw, (max-width: 1000px) 54vw, (max-width: 1071px) 543px, 580px\" \/><\/a><\/figure><\/li><li class=\"blocks-gallery-item\"><figure><a href=\"http:\/\/tregorsonore.fr\/wp-content\/uploads\/2022\/04\/IMG_20220330_185953-scaled.jpg\"><img loading=\"lazy\" decoding=\"async\" width=\"1024\" height=\"576\" src=\"http:\/\/tregorsonore.fr\/wp-content\/uploads\/2022\/04\/IMG_20220330_185953-1024x576.jpg\" alt=\"\" data-id=\"323\" data-full-url=\"http:\/\/tregorsonore.fr\/wp-content\/uploads\/2022\/04\/IMG_20220330_185953-scaled.jpg\" data-link=\"https:\/\/tregorsonore.fr\/index.php\/sonferences-du-tregor\/hors-serie-nuc\/img_20220330_185953\/\" class=\"wp-image-323\" srcset=\"https:\/\/tregorsonore.fr\/wp-content\/uploads\/2022\/04\/IMG_20220330_185953-1024x576.jpg 1024w, https:\/\/tregorsonore.fr\/wp-content\/uploads\/2022\/04\/IMG_20220330_185953-300x169.jpg 300w, https:\/\/tregorsonore.fr\/wp-content\/uploads\/2022\/04\/IMG_20220330_185953-768x432.jpg 768w, https:\/\/tregorsonore.fr\/wp-content\/uploads\/2022\/04\/IMG_20220330_185953-1536x864.jpg 1536w, https:\/\/tregorsonore.fr\/wp-content\/uploads\/2022\/04\/IMG_20220330_185953-2048x1152.jpg 2048w\" sizes=\"auto, (max-width: 767px) 89vw, (max-width: 1000px) 54vw, (max-width: 1071px) 543px, 580px\" \/><\/a><\/figure><\/li><li class=\"blocks-gallery-item\"><figure><a href=\"http:\/\/tregorsonore.fr\/wp-content\/uploads\/2022\/04\/IMG_20220330_180428-scaled.jpg\"><img loading=\"lazy\" decoding=\"async\" width=\"1024\" height=\"576\" src=\"http:\/\/tregorsonore.fr\/wp-content\/uploads\/2022\/04\/IMG_20220330_180428-1024x576.jpg\" alt=\"\" data-id=\"322\" data-full-url=\"http:\/\/tregorsonore.fr\/wp-content\/uploads\/2022\/04\/IMG_20220330_180428-scaled.jpg\" data-link=\"https:\/\/tregorsonore.fr\/index.php\/sonferences-du-tregor\/hors-serie-nuc\/img_20220330_180428\/\" class=\"wp-image-322\" srcset=\"https:\/\/tregorsonore.fr\/wp-content\/uploads\/2022\/04\/IMG_20220330_180428-1024x576.jpg 1024w, https:\/\/tregorsonore.fr\/wp-content\/uploads\/2022\/04\/IMG_20220330_180428-300x169.jpg 300w, https:\/\/tregorsonore.fr\/wp-content\/uploads\/2022\/04\/IMG_20220330_180428-768x432.jpg 768w, https:\/\/tregorsonore.fr\/wp-content\/uploads\/2022\/04\/IMG_20220330_180428-1536x864.jpg 1536w, https:\/\/tregorsonore.fr\/wp-content\/uploads\/2022\/04\/IMG_20220330_180428-2048x1152.jpg 2048w\" sizes=\"auto, (max-width: 767px) 89vw, (max-width: 1000px) 54vw, (max-width: 1071px) 543px, 580px\" \/><\/a><\/figure><\/li><li class=\"blocks-gallery-item\"><figure><a href=\"http:\/\/tregorsonore.fr\/wp-content\/uploads\/2022\/04\/IMG_20220330_142059-scaled.jpg\"><img loading=\"lazy\" decoding=\"async\" width=\"1024\" height=\"576\" src=\"http:\/\/tregorsonore.fr\/wp-content\/uploads\/2022\/04\/IMG_20220330_142059-1024x576.jpg\" alt=\"\" data-id=\"321\" data-full-url=\"http:\/\/tregorsonore.fr\/wp-content\/uploads\/2022\/04\/IMG_20220330_142059-scaled.jpg\" data-link=\"https:\/\/tregorsonore.fr\/index.php\/sonferences-du-tregor\/hors-serie-nuc\/img_20220330_142059\/\" class=\"wp-image-321\" srcset=\"https:\/\/tregorsonore.fr\/wp-content\/uploads\/2022\/04\/IMG_20220330_142059-1024x576.jpg 1024w, https:\/\/tregorsonore.fr\/wp-content\/uploads\/2022\/04\/IMG_20220330_142059-300x169.jpg 300w, https:\/\/tregorsonore.fr\/wp-content\/uploads\/2022\/04\/IMG_20220330_142059-768x432.jpg 768w, https:\/\/tregorsonore.fr\/wp-content\/uploads\/2022\/04\/IMG_20220330_142059-1536x864.jpg 1536w, https:\/\/tregorsonore.fr\/wp-content\/uploads\/2022\/04\/IMG_20220330_142059-2048x1152.jpg 2048w\" sizes=\"auto, (max-width: 767px) 89vw, (max-width: 1000px) 54vw, (max-width: 1071px) 543px, 580px\" \/><\/a><\/figure><\/li><\/ul><\/figure>\n","protected":false},"excerpt":{"rendered":"<p>Le&nbsp;nucl\u00e9aire&nbsp;est-il compatible avec la guerre ? Mercredi 30 mars 18h30 Le Flambard -Lannion Val\u00e9rie Arnhold, enseignant-chercheure en sociologie Pascal Rueff, r\u00e9alisateur ind\u00e9pendant La Sonf\u00e9rence a eu lieu au Flambard \u00e0 Lannion. La possibilit\u00e9 d\u2019un accident nucl\u00e9aire en Europe est aujourd\u2019hui envisag\u00e9e comme corollaire du conflit qui se d\u00e9roule en Ukraine. Est-ce que les centrales nucl\u00e9aires &hellip; <\/p>\n<p class=\"link-more\"><a href=\"https:\/\/tregorsonore.fr\/index.php\/sonferences-du-tregor\/hors-serie-nuc\/\" class=\"more-link\">Continue reading<span class=\"screen-reader-text\"> &#8220;Hors S\u00e9rie : Le nucl\u00e9aire est-il compatible avec la guerre ?&#8221;<\/span><\/a><\/p>\n","protected":false},"author":1,"featured_media":0,"parent":33,"menu_order":0,"comment_status":"closed","ping_status":"closed","template":"","meta":{"footnotes":""},"class_list":["post-256","page","type-page","status-publish","hentry"],"_links":{"self":[{"href":"https:\/\/tregorsonore.fr\/index.php\/wp-json\/wp\/v2\/pages\/256","targetHints":{"allow":["GET"]}}],"collection":[{"href":"https:\/\/tregorsonore.fr\/index.php\/wp-json\/wp\/v2\/pages"}],"about":[{"href":"https:\/\/tregorsonore.fr\/index.php\/wp-json\/wp\/v2\/types\/page"}],"author":[{"embeddable":true,"href":"https:\/\/tregorsonore.fr\/index.php\/wp-json\/wp\/v2\/users\/1"}],"replies":[{"embeddable":true,"href":"https:\/\/tregorsonore.fr\/index.php\/wp-json\/wp\/v2\/comments?post=256"}],"version-history":[{"count":18,"href":"https:\/\/tregorsonore.fr\/index.php\/wp-json\/wp\/v2\/pages\/256\/revisions"}],"predecessor-version":[{"id":461,"href":"https:\/\/tregorsonore.fr\/index.php\/wp-json\/wp\/v2\/pages\/256\/revisions\/461"}],"up":[{"embeddable":true,"href":"https:\/\/tregorsonore.fr\/index.php\/wp-json\/wp\/v2\/pages\/33"}],"wp:attachment":[{"href":"https:\/\/tregorsonore.fr\/index.php\/wp-json\/wp\/v2\/media?parent=256"}],"curies":[{"name":"wp","href":"https:\/\/api.w.org\/{rel}","templated":true}]}}