{"id":341,"date":"2022-06-10T11:17:41","date_gmt":"2022-06-10T09:17:41","guid":{"rendered":"https:\/\/tregorsonore.fr\/?page_id=341"},"modified":"2023-01-24T15:48:42","modified_gmt":"2023-01-24T14:48:42","slug":"n7-la-recherche-en-acoustique-dans-les-telecoms-acoustics-reloaded","status":"publish","type":"page","link":"https:\/\/tregorsonore.fr\/index.php\/sonferences-du-tregor\/n7-la-recherche-en-acoustique-dans-les-telecoms-acoustics-reloaded\/","title":{"rendered":"N\u00b07 &#8211; La recherche en acoustique dans le t\u00e9l\u00e9coms : Acoustics Reloaded"},"content":{"rendered":"\n<div class=\"wp-block-media-text alignwide is-stacked-on-mobile\"><figure class=\"wp-block-media-text__media\"><img loading=\"lazy\" decoding=\"async\" width=\"360\" height=\"450\" src=\"https:\/\/tregorsonore.fr\/wp-content\/uploads\/2022\/06\/Rozenn_Nicol.jpg\" alt=\"\" class=\"wp-image-342 size-full\" srcset=\"https:\/\/tregorsonore.fr\/wp-content\/uploads\/2022\/06\/Rozenn_Nicol.jpg 360w, https:\/\/tregorsonore.fr\/wp-content\/uploads\/2022\/06\/Rozenn_Nicol-240x300.jpg 240w\" sizes=\"auto, (max-width: 360px) 100vw, 360px\" \/><\/figure><div class=\"wp-block-media-text__content\">\n<h2 class=\"wp-block-heading\">Eglise de la Roche-Derrien Jeudi 16 juin (20 h 00 &#8211; 21 h 30)<\/h2>\n\n\n\n<p><strong>Rozenn Nicol<\/strong> &#8211; Orange Labs<\/p>\n\n\n\n<p><strong>Micka\u00ebl&nbsp;Sauvage<\/strong> &#8211;  Avant hier dans l&#8217;acoustique automobile, hier paysan, aujourd&#8217;hui technicien audiovisuel \u00e0 l&#8217;Inseac \u00e0 Guingamp.<\/p>\n\n\n\n<div class=\"wp-block-buttons is-layout-flex wp-block-buttons-is-layout-flex\">\n<div class=\"wp-block-button\"><a class=\"wp-block-button__link\" href=\"https:\/\/www.helloasso.com\/associations\/tregor-sonore\/evenements\/sonference-n-7-acoustics-reloaded\">Inscriptions<\/a><\/div>\n<\/div>\n<\/div><\/div>\n\n\n\n<figure class=\"wp-block-embed is-type-video is-provider-youtube wp-block-embed-youtube wp-embed-aspect-16-9 wp-has-aspect-ratio\"><div class=\"wp-block-embed__wrapper\">\n<iframe loading=\"lazy\" title=\"N\u00b07 \u2013 LA RECHERCHE EN ACOUSTIQUE DANS LE T\u00c9L\u00c9COMS : ACOUSTICS RELOADED\" width=\"525\" height=\"295\" src=\"https:\/\/www.youtube.com\/embed\/nUeA_zH8pvk?feature=oembed\" frameborder=\"0\" allow=\"accelerometer; autoplay; clipboard-write; encrypted-media; gyroscope; picture-in-picture; web-share\" referrerpolicy=\"strict-origin-when-cross-origin\" allowfullscreen><\/iframe>\n<\/div><\/figure>\n\n\n\n<figure class=\"wp-block-image size-full\"><img loading=\"lazy\" decoding=\"async\" width=\"1024\" height=\"55\" src=\"http:\/\/tregorsonore.fr\/wp-content\/uploads\/2021\/12\/onde-copie-1024x55-1.png\" alt=\"\" class=\"wp-image-174\" srcset=\"https:\/\/tregorsonore.fr\/wp-content\/uploads\/2021\/12\/onde-copie-1024x55-1.png 1024w, https:\/\/tregorsonore.fr\/wp-content\/uploads\/2021\/12\/onde-copie-1024x55-1-300x16.png 300w, https:\/\/tregorsonore.fr\/wp-content\/uploads\/2021\/12\/onde-copie-1024x55-1-768x41.png 768w\" sizes=\"auto, (max-width: 767px) 89vw, (max-width: 1000px) 54vw, (max-width: 1071px) 543px, 580px\" \/><\/figure>\n\n\n\n<p>Cette \u00e9dition aura lieu \u00e0<strong> l&#8217;\u00c9glise Sainte-Catherine de la Roche-Derrien<\/strong>. <\/p>\n\n\n\n<p>Ce monument a \u00e9t\u00e9 choisi \u00e0 cette occasion car il accueille depuis l&#8217;\u00e9t\u00e9 2017 la pi\u00e8ce sonore en son binaural &#8220;<em><a href=\"https:\/\/www.binaural.fr\/lete-1347\/\"> L&#8217;\u00e9t\u00e9 1347<\/a><\/em> &#8220;, r\u00e9alis\u00e9e par Pascal Rueff. Cette pi\u00e8ce produite par l&#8217;Agence du Verbe donne la voix au vitrail de l&#8217;\u00e9glise illustrant le passage du village dans la guerre des 100 ans. Ce dispositif utilise la technologie d\u00e9velopp\u00e9e par Feichter Electronics et clos une visite de la ville en r\u00e9alit\u00e9 augment\u00e9. <\/p>\n\n\n\n<figure class=\"wp-block-image size-full\"><img loading=\"lazy\" decoding=\"async\" width=\"1024\" height=\"55\" src=\"http:\/\/tregorsonore.fr\/wp-content\/uploads\/2021\/12\/onde-copie-1024x55-1.png\" alt=\"\" class=\"wp-image-174\" srcset=\"https:\/\/tregorsonore.fr\/wp-content\/uploads\/2021\/12\/onde-copie-1024x55-1.png 1024w, https:\/\/tregorsonore.fr\/wp-content\/uploads\/2021\/12\/onde-copie-1024x55-1-300x16.png 300w, https:\/\/tregorsonore.fr\/wp-content\/uploads\/2021\/12\/onde-copie-1024x55-1-768x41.png 768w\" sizes=\"auto, (max-width: 767px) 89vw, (max-width: 1000px) 54vw, (max-width: 1071px) 543px, 580px\" \/><\/figure>\n\n\n\n<p>Dans cette Sonf\u00e9rence, Rozenn vise \u00e0 illustrer la diversit\u00e9 de la recherche acoustique dans les t\u00e9l\u00e9communications \u00e0 travers ses propres travaux, en montrant comment les \u00e9volutions technologiques ont enrichi les th\u00e8mes de recherche. Ax\u00e9es originellement sur les communications vocales, les t\u00e9l\u00e9communications ont longtemps consid\u00e9r\u00e9 l\u2019acoustique comme un domaine majeur (codage, reconnaissance automatique ou synth\u00e8se de la parole). Un \u00e9quipement embl\u00e9matique qui en t\u00e9moigne est la chambre sourde du site d\u2019Orange \u00e0 Lannion.<br>Rozenn d\u00e9bute l&#8217;illustration de cette \u00e9volution avec l\u2019introduction du son 3D, dans la visioconf\u00e9rence avec le concept de t\u00e9l\u00e9pr\u00e9sence, puis pour l\u2019enrichissement des contenus de type radio, t\u00e9l\u00e9vision, VOD, ou des jeux vid\u00e9o. <br>A la fin des ann\u00e9es 2000, les smartphones envahissent nos vies et entra\u00eenent indirectement l\u2019adoption massive du casque d\u2019\u00e9coute qui ouvre la voie au son 3D binaural. L\u2019individualisation des filtres binauraux li\u00e9s \u00e0 la morphologie de l\u2019auditeur, principal frein \u00e0 une diffusion grand public, suscite alors de nombreuses recherches. Apr\u00e8s le d\u00e9veloppement des technologies de spatialisation sonore, leur \u00e9valuation perceptive est abord\u00e9e. En compl\u00e9ment des m\u00e9thodes classiques, des approches innovantes issues des neurosciences sont explor\u00e9es en cherchant des indicateurs de l\u2019immersion sonore dans l\u2019activit\u00e9 c\u00e9r\u00e9brale.<br>La derni\u00e8re \u00e9volution est l\u2019usage de l&#8217;acoustique comme capteur universel pour l&#8217;internet des objets. Tout objet (\u00e9lectro-m\u00e9nager, voiture, b\u00e2timent, \u2026) peut devenir communiquant, et \u00e9couter son environnement pour y d\u00e9tecter des informations ou des \u00e9v\u00e9nements gr\u00e2ce \u00e0 des mod\u00e8les de reconnaissance automatique de sons \u00e0 base de r\u00e9seaux de neurones. Les applications vont de la s\u00e9curit\u00e9 et l\u2019assistance aux personnes \u00e0 la mesure acoustique de biodiversit\u00e9. Les interactions avec l\u2019environnement sont aussi revisit\u00e9es avec la commande mentale o\u00f9 l\u2019acoustique aura peut-\u00eatre son mot \u00e0 dire\u2026<\/p>\n\n\n\n<figure class=\"wp-block-image size-full\"><img loading=\"lazy\" decoding=\"async\" width=\"1024\" height=\"55\" src=\"http:\/\/tregorsonore.fr\/wp-content\/uploads\/2021\/12\/onde-copie-1024x55-1.png\" alt=\"\" class=\"wp-image-174\" srcset=\"https:\/\/tregorsonore.fr\/wp-content\/uploads\/2021\/12\/onde-copie-1024x55-1.png 1024w, https:\/\/tregorsonore.fr\/wp-content\/uploads\/2021\/12\/onde-copie-1024x55-1-300x16.png 300w, https:\/\/tregorsonore.fr\/wp-content\/uploads\/2021\/12\/onde-copie-1024x55-1-768x41.png 768w\" sizes=\"auto, (max-width: 767px) 89vw, (max-width: 1000px) 54vw, (max-width: 1071px) 543px, 580px\" \/><\/figure>\n\n\n\n<figure class=\"wp-block-gallery columns-3 is-cropped wp-block-gallery-1 is-layout-flex wp-block-gallery-is-layout-flex\"><ul class=\"blocks-gallery-grid\"><li class=\"blocks-gallery-item\"><figure><a href=\"http:\/\/tregorsonore.fr\/wp-content\/uploads\/2022\/06\/ADV_8187-1-scaled.jpg\"><img loading=\"lazy\" decoding=\"async\" width=\"683\" height=\"1024\" src=\"http:\/\/tregorsonore.fr\/wp-content\/uploads\/2022\/06\/ADV_8187-1-683x1024.jpg\" alt=\"\" data-id=\"375\" data-full-url=\"http:\/\/tregorsonore.fr\/wp-content\/uploads\/2022\/06\/ADV_8187-1-scaled.jpg\" data-link=\"https:\/\/tregorsonore.fr\/index.php\/sonferences-du-tregor\/n7-la-recherche-en-acoustique-dans-les-telecoms-acoustics-reloaded\/adv_8187-1\/\" class=\"wp-image-375\" srcset=\"https:\/\/tregorsonore.fr\/wp-content\/uploads\/2022\/06\/ADV_8187-1-683x1024.jpg 683w, https:\/\/tregorsonore.fr\/wp-content\/uploads\/2022\/06\/ADV_8187-1-200x300.jpg 200w, https:\/\/tregorsonore.fr\/wp-content\/uploads\/2022\/06\/ADV_8187-1-768x1151.jpg 768w, https:\/\/tregorsonore.fr\/wp-content\/uploads\/2022\/06\/ADV_8187-1-1025x1536.jpg 1025w, https:\/\/tregorsonore.fr\/wp-content\/uploads\/2022\/06\/ADV_8187-1-1367x2048.jpg 1367w, https:\/\/tregorsonore.fr\/wp-content\/uploads\/2022\/06\/ADV_8187-1-scaled.jpg 1709w\" sizes=\"auto, (max-width: 683px) 100vw, 683px\" \/><\/a><\/figure><\/li><li class=\"blocks-gallery-item\"><figure><a href=\"http:\/\/tregorsonore.fr\/wp-content\/uploads\/2022\/06\/ADV_8212-1-scaled.jpg\"><img loading=\"lazy\" decoding=\"async\" width=\"1024\" height=\"683\" src=\"http:\/\/tregorsonore.fr\/wp-content\/uploads\/2022\/06\/ADV_8212-1-1024x683.jpg\" alt=\"\" data-id=\"380\" data-full-url=\"http:\/\/tregorsonore.fr\/wp-content\/uploads\/2022\/06\/ADV_8212-1-scaled.jpg\" data-link=\"https:\/\/tregorsonore.fr\/index.php\/sonferences-du-tregor\/n7-la-recherche-en-acoustique-dans-les-telecoms-acoustics-reloaded\/adv_8212-1\/\" class=\"wp-image-380\" srcset=\"https:\/\/tregorsonore.fr\/wp-content\/uploads\/2022\/06\/ADV_8212-1-1024x683.jpg 1024w, https:\/\/tregorsonore.fr\/wp-content\/uploads\/2022\/06\/ADV_8212-1-300x200.jpg 300w, https:\/\/tregorsonore.fr\/wp-content\/uploads\/2022\/06\/ADV_8212-1-768x513.jpg 768w, https:\/\/tregorsonore.fr\/wp-content\/uploads\/2022\/06\/ADV_8212-1-1536x1025.jpg 1536w, https:\/\/tregorsonore.fr\/wp-content\/uploads\/2022\/06\/ADV_8212-1-2048x1367.jpg 2048w\" sizes=\"auto, (max-width: 767px) 89vw, (max-width: 1000px) 54vw, (max-width: 1071px) 543px, 580px\" \/><\/a><\/figure><\/li><li class=\"blocks-gallery-item\"><figure><a href=\"http:\/\/tregorsonore.fr\/wp-content\/uploads\/2022\/06\/ADV_8211-1-scaled.jpg\"><img loading=\"lazy\" decoding=\"async\" width=\"1024\" height=\"683\" src=\"http:\/\/tregorsonore.fr\/wp-content\/uploads\/2022\/06\/ADV_8211-1-1024x683.jpg\" alt=\"\" data-id=\"379\" data-full-url=\"http:\/\/tregorsonore.fr\/wp-content\/uploads\/2022\/06\/ADV_8211-1-scaled.jpg\" data-link=\"https:\/\/tregorsonore.fr\/index.php\/sonferences-du-tregor\/n7-la-recherche-en-acoustique-dans-les-telecoms-acoustics-reloaded\/adv_8211-1\/\" class=\"wp-image-379\" srcset=\"https:\/\/tregorsonore.fr\/wp-content\/uploads\/2022\/06\/ADV_8211-1-1024x683.jpg 1024w, https:\/\/tregorsonore.fr\/wp-content\/uploads\/2022\/06\/ADV_8211-1-300x200.jpg 300w, https:\/\/tregorsonore.fr\/wp-content\/uploads\/2022\/06\/ADV_8211-1-768x513.jpg 768w, https:\/\/tregorsonore.fr\/wp-content\/uploads\/2022\/06\/ADV_8211-1-1536x1025.jpg 1536w, https:\/\/tregorsonore.fr\/wp-content\/uploads\/2022\/06\/ADV_8211-1-2048x1367.jpg 2048w\" sizes=\"auto, (max-width: 767px) 89vw, (max-width: 1000px) 54vw, (max-width: 1071px) 543px, 580px\" \/><\/a><\/figure><\/li><li class=\"blocks-gallery-item\"><figure><a href=\"http:\/\/tregorsonore.fr\/wp-content\/uploads\/2022\/06\/ADV_8200-1-scaled.jpg\"><img loading=\"lazy\" decoding=\"async\" width=\"1024\" height=\"683\" src=\"http:\/\/tregorsonore.fr\/wp-content\/uploads\/2022\/06\/ADV_8200-1-1024x683.jpg\" alt=\"\" data-id=\"378\" data-full-url=\"http:\/\/tregorsonore.fr\/wp-content\/uploads\/2022\/06\/ADV_8200-1-scaled.jpg\" data-link=\"https:\/\/tregorsonore.fr\/index.php\/sonferences-du-tregor\/n7-la-recherche-en-acoustique-dans-les-telecoms-acoustics-reloaded\/adv_8200-1\/\" class=\"wp-image-378\" srcset=\"https:\/\/tregorsonore.fr\/wp-content\/uploads\/2022\/06\/ADV_8200-1-1024x683.jpg 1024w, https:\/\/tregorsonore.fr\/wp-content\/uploads\/2022\/06\/ADV_8200-1-300x200.jpg 300w, https:\/\/tregorsonore.fr\/wp-content\/uploads\/2022\/06\/ADV_8200-1-768x513.jpg 768w, https:\/\/tregorsonore.fr\/wp-content\/uploads\/2022\/06\/ADV_8200-1-1536x1025.jpg 1536w, https:\/\/tregorsonore.fr\/wp-content\/uploads\/2022\/06\/ADV_8200-1-2048x1367.jpg 2048w\" sizes=\"auto, (max-width: 767px) 89vw, (max-width: 1000px) 54vw, (max-width: 1071px) 543px, 580px\" \/><\/a><\/figure><\/li><li class=\"blocks-gallery-item\"><figure><a href=\"http:\/\/tregorsonore.fr\/wp-content\/uploads\/2022\/06\/ADV_8199-1-scaled.jpg\"><img loading=\"lazy\" decoding=\"async\" width=\"683\" height=\"1024\" src=\"http:\/\/tregorsonore.fr\/wp-content\/uploads\/2022\/06\/ADV_8199-1-683x1024.jpg\" alt=\"\" data-id=\"377\" data-full-url=\"http:\/\/tregorsonore.fr\/wp-content\/uploads\/2022\/06\/ADV_8199-1-scaled.jpg\" data-link=\"https:\/\/tregorsonore.fr\/index.php\/sonferences-du-tregor\/n7-la-recherche-en-acoustique-dans-les-telecoms-acoustics-reloaded\/adv_8199-1\/\" class=\"wp-image-377\" srcset=\"https:\/\/tregorsonore.fr\/wp-content\/uploads\/2022\/06\/ADV_8199-1-683x1024.jpg 683w, https:\/\/tregorsonore.fr\/wp-content\/uploads\/2022\/06\/ADV_8199-1-200x300.jpg 200w, https:\/\/tregorsonore.fr\/wp-content\/uploads\/2022\/06\/ADV_8199-1-768x1151.jpg 768w, https:\/\/tregorsonore.fr\/wp-content\/uploads\/2022\/06\/ADV_8199-1-1025x1536.jpg 1025w, https:\/\/tregorsonore.fr\/wp-content\/uploads\/2022\/06\/ADV_8199-1-1367x2048.jpg 1367w, https:\/\/tregorsonore.fr\/wp-content\/uploads\/2022\/06\/ADV_8199-1-scaled.jpg 1709w\" sizes=\"auto, (max-width: 683px) 100vw, 683px\" \/><\/a><\/figure><\/li><li class=\"blocks-gallery-item\"><figure><a href=\"http:\/\/tregorsonore.fr\/wp-content\/uploads\/2022\/06\/ADV_8195-1-scaled.jpg\"><img loading=\"lazy\" decoding=\"async\" width=\"1024\" height=\"683\" src=\"http:\/\/tregorsonore.fr\/wp-content\/uploads\/2022\/06\/ADV_8195-1-1024x683.jpg\" alt=\"\" data-id=\"376\" data-full-url=\"http:\/\/tregorsonore.fr\/wp-content\/uploads\/2022\/06\/ADV_8195-1-scaled.jpg\" data-link=\"https:\/\/tregorsonore.fr\/index.php\/sonferences-du-tregor\/n7-la-recherche-en-acoustique-dans-les-telecoms-acoustics-reloaded\/adv_8195-1\/\" class=\"wp-image-376\" srcset=\"https:\/\/tregorsonore.fr\/wp-content\/uploads\/2022\/06\/ADV_8195-1-1024x683.jpg 1024w, https:\/\/tregorsonore.fr\/wp-content\/uploads\/2022\/06\/ADV_8195-1-300x200.jpg 300w, https:\/\/tregorsonore.fr\/wp-content\/uploads\/2022\/06\/ADV_8195-1-768x513.jpg 768w, https:\/\/tregorsonore.fr\/wp-content\/uploads\/2022\/06\/ADV_8195-1-1536x1025.jpg 1536w, https:\/\/tregorsonore.fr\/wp-content\/uploads\/2022\/06\/ADV_8195-1-2048x1367.jpg 2048w\" sizes=\"auto, (max-width: 767px) 89vw, (max-width: 1000px) 54vw, (max-width: 1071px) 543px, 580px\" \/><\/a><\/figure><\/li><\/ul><figcaption class=\"blocks-gallery-caption\">Photos : Pascal Rueff<\/figcaption><\/figure>\n","protected":false},"excerpt":{"rendered":"<p>Cette \u00e9dition aura lieu \u00e0 l&#8217;\u00c9glise Sainte-Catherine de la Roche-Derrien. Ce monument a \u00e9t\u00e9 choisi \u00e0 cette occasion car il accueille depuis l&#8217;\u00e9t\u00e9 2017 la pi\u00e8ce sonore en son binaural &#8220; L&#8217;\u00e9t\u00e9 1347 &#8220;, r\u00e9alis\u00e9e par Pascal Rueff. Cette pi\u00e8ce produite par l&#8217;Agence du Verbe donne la voix au vitrail de l&#8217;\u00e9glise illustrant le passage &hellip; <\/p>\n<p class=\"link-more\"><a href=\"https:\/\/tregorsonore.fr\/index.php\/sonferences-du-tregor\/n7-la-recherche-en-acoustique-dans-les-telecoms-acoustics-reloaded\/\" class=\"more-link\">Continue reading<span class=\"screen-reader-text\"> &#8220;N\u00b07 &#8211; La recherche en acoustique dans le t\u00e9l\u00e9coms : Acoustics Reloaded&#8221;<\/span><\/a><\/p>\n","protected":false},"author":1,"featured_media":0,"parent":33,"menu_order":0,"comment_status":"closed","ping_status":"closed","template":"","meta":{"footnotes":""},"class_list":["post-341","page","type-page","status-publish","hentry"],"_links":{"self":[{"href":"https:\/\/tregorsonore.fr\/index.php\/wp-json\/wp\/v2\/pages\/341","targetHints":{"allow":["GET"]}}],"collection":[{"href":"https:\/\/tregorsonore.fr\/index.php\/wp-json\/wp\/v2\/pages"}],"about":[{"href":"https:\/\/tregorsonore.fr\/index.php\/wp-json\/wp\/v2\/types\/page"}],"author":[{"embeddable":true,"href":"https:\/\/tregorsonore.fr\/index.php\/wp-json\/wp\/v2\/users\/1"}],"replies":[{"embeddable":true,"href":"https:\/\/tregorsonore.fr\/index.php\/wp-json\/wp\/v2\/comments?post=341"}],"version-history":[{"count":15,"href":"https:\/\/tregorsonore.fr\/index.php\/wp-json\/wp\/v2\/pages\/341\/revisions"}],"predecessor-version":[{"id":466,"href":"https:\/\/tregorsonore.fr\/index.php\/wp-json\/wp\/v2\/pages\/341\/revisions\/466"}],"up":[{"embeddable":true,"href":"https:\/\/tregorsonore.fr\/index.php\/wp-json\/wp\/v2\/pages\/33"}],"wp:attachment":[{"href":"https:\/\/tregorsonore.fr\/index.php\/wp-json\/wp\/v2\/media?parent=341"}],"curies":[{"name":"wp","href":"https:\/\/api.w.org\/{rel}","templated":true}]}}