{"id":404,"date":"2022-12-19T17:44:06","date_gmt":"2022-12-19T16:44:06","guid":{"rendered":"http:\/\/tregorsonore.fr\/?page_id=404"},"modified":"2023-01-24T15:49:03","modified_gmt":"2023-01-24T14:49:03","slug":"n8-facture-instrumentale","status":"publish","type":"page","link":"https:\/\/tregorsonore.fr\/index.php\/sonferences-du-tregor\/n8-facture-instrumentale\/","title":{"rendered":"N\u00b08 &#8211; Facture Instrumentale : La viole de gambe"},"content":{"rendered":"\n<div class=\"wp-block-media-text alignwide is-stacked-on-mobile\"><figure class=\"wp-block-media-text__media\"><img loading=\"lazy\" decoding=\"async\" width=\"1024\" height=\"576\" src=\"http:\/\/tregorsonore.fr\/wp-content\/uploads\/2022\/12\/IMG_20221212_221930-1024x576.jpg\" alt=\"\" class=\"wp-image-399 size-full\" srcset=\"https:\/\/tregorsonore.fr\/wp-content\/uploads\/2022\/12\/IMG_20221212_221930-1024x576.jpg 1024w, https:\/\/tregorsonore.fr\/wp-content\/uploads\/2022\/12\/IMG_20221212_221930-300x169.jpg 300w, https:\/\/tregorsonore.fr\/wp-content\/uploads\/2022\/12\/IMG_20221212_221930-768x432.jpg 768w, https:\/\/tregorsonore.fr\/wp-content\/uploads\/2022\/12\/IMG_20221212_221930-1536x864.jpg 1536w, https:\/\/tregorsonore.fr\/wp-content\/uploads\/2022\/12\/IMG_20221212_221930-2048x1152.jpg 2048w\" sizes=\"auto, (max-width: 767px) 89vw, (max-width: 1000px) 54vw, (max-width: 1071px) 543px, 580px\" \/><\/figure><div class=\"wp-block-media-text__content\">\n<h2 class=\"wp-block-heading\">Atelier Belot &#8211; 12 d\u00e9cembre  (21 h 00 \u2013 22 h 30)<\/h2>\n\n\n\n<p><strong>Justine Belot<\/strong>&nbsp;\u2013 Luthi\u00e8re, Pleumeur-Bodou<\/p>\n\n\n\n<p><strong>Nathalie Le Gaouyat<\/strong>&nbsp;\u2013 Instrumentiste, Ploubezre<\/p>\n<\/div><\/div>\n\n\n\n<figure class=\"wp-block-embed is-type-video is-provider-youtube wp-block-embed-youtube wp-embed-aspect-16-9 wp-has-aspect-ratio\"><div class=\"wp-block-embed__wrapper\">\n<iframe loading=\"lazy\" title=\"N\u00b08 \u2013 Facture Instrumentale : La viole de gambe\" width=\"525\" height=\"295\" src=\"https:\/\/www.youtube.com\/embed\/Hn_VnDdT7Kc?feature=oembed\" frameborder=\"0\" allow=\"accelerometer; autoplay; clipboard-write; encrypted-media; gyroscope; picture-in-picture; web-share\" referrerpolicy=\"strict-origin-when-cross-origin\" allowfullscreen><\/iframe>\n<\/div><\/figure>\n\n\n\n<figure class=\"wp-block-image size-full\"><img loading=\"lazy\" decoding=\"async\" width=\"1024\" height=\"55\" src=\"http:\/\/tregorsonore.fr\/wp-content\/uploads\/2021\/12\/onde-copie-1024x55-1.png\" alt=\"\" class=\"wp-image-174\" srcset=\"https:\/\/tregorsonore.fr\/wp-content\/uploads\/2021\/12\/onde-copie-1024x55-1.png 1024w, https:\/\/tregorsonore.fr\/wp-content\/uploads\/2021\/12\/onde-copie-1024x55-1-300x16.png 300w, https:\/\/tregorsonore.fr\/wp-content\/uploads\/2021\/12\/onde-copie-1024x55-1-768x41.png 768w\" sizes=\"auto, (max-width: 767px) 89vw, (max-width: 1000px) 54vw, (max-width: 1071px) 543px, 580px\" \/><\/figure>\n\n\n\n<p>Dans cette&nbsp;Sonf\u00e9rence, Justine nous accueille dans son atelier \u00e0&nbsp;Pleumeur-Bodou. En compagnie de Nathalie Le&nbsp;Gaouyat,&nbsp;elles nous pr\u00e9sentent la viole de gambe ;&nbsp;cet instrument peu connu de nos jours, mais qui faisait la vedette pendant la renaissance&nbsp;europ\u00e9enne.&nbsp;Tout au long de ce rendez-vous, Nathalie nous fait entendre les diff\u00e9rences entre plusieurs instruments et archets, et avec Justine, elles mettent en \u00e9vidence, comment des petites modifications dans la facture&nbsp;on&nbsp;un impact fondamental dans le rendu sonore des instruments.<\/p>\n\n\n\n<figure class=\"wp-block-image size-full\"><img loading=\"lazy\" decoding=\"async\" width=\"1024\" height=\"55\" src=\"http:\/\/tregorsonore.fr\/wp-content\/uploads\/2021\/12\/onde-copie-1024x55-1.png\" alt=\"\" class=\"wp-image-174\" srcset=\"https:\/\/tregorsonore.fr\/wp-content\/uploads\/2021\/12\/onde-copie-1024x55-1.png 1024w, https:\/\/tregorsonore.fr\/wp-content\/uploads\/2021\/12\/onde-copie-1024x55-1-300x16.png 300w, https:\/\/tregorsonore.fr\/wp-content\/uploads\/2021\/12\/onde-copie-1024x55-1-768x41.png 768w\" sizes=\"auto, (max-width: 767px) 89vw, (max-width: 1000px) 54vw, (max-width: 1071px) 543px, 580px\" \/><\/figure>\n\n\n\n<figure class=\"wp-block-gallery columns-3 is-cropped wp-block-gallery-1 is-layout-flex wp-block-gallery-is-layout-flex\"><ul class=\"blocks-gallery-grid\"><li class=\"blocks-gallery-item\"><figure><a href=\"http:\/\/tregorsonore.fr\/wp-content\/uploads\/2022\/12\/IMG_20221212_160924-scaled.jpg\"><img loading=\"lazy\" decoding=\"async\" width=\"1024\" height=\"576\" src=\"http:\/\/tregorsonore.fr\/wp-content\/uploads\/2022\/12\/IMG_20221212_160924-1024x576.jpg\" alt=\"\" data-id=\"396\" data-full-url=\"http:\/\/tregorsonore.fr\/wp-content\/uploads\/2022\/12\/IMG_20221212_160924-scaled.jpg\" data-link=\"http:\/\/tregorsonore.fr\/?attachment_id=396\" class=\"wp-image-396\" srcset=\"https:\/\/tregorsonore.fr\/wp-content\/uploads\/2022\/12\/IMG_20221212_160924-1024x576.jpg 1024w, https:\/\/tregorsonore.fr\/wp-content\/uploads\/2022\/12\/IMG_20221212_160924-300x169.jpg 300w, https:\/\/tregorsonore.fr\/wp-content\/uploads\/2022\/12\/IMG_20221212_160924-768x432.jpg 768w, https:\/\/tregorsonore.fr\/wp-content\/uploads\/2022\/12\/IMG_20221212_160924-1536x864.jpg 1536w, https:\/\/tregorsonore.fr\/wp-content\/uploads\/2022\/12\/IMG_20221212_160924-2048x1152.jpg 2048w\" sizes=\"auto, (max-width: 767px) 89vw, (max-width: 1000px) 54vw, (max-width: 1071px) 543px, 580px\" \/><\/a><\/figure><\/li><li class=\"blocks-gallery-item\"><figure><a href=\"http:\/\/tregorsonore.fr\/wp-content\/uploads\/2022\/12\/IMG_20221212_163847-scaled.jpg\"><img loading=\"lazy\" decoding=\"async\" width=\"1024\" height=\"576\" src=\"http:\/\/tregorsonore.fr\/wp-content\/uploads\/2022\/12\/IMG_20221212_163847-1024x576.jpg\" alt=\"\" data-id=\"397\" data-full-url=\"http:\/\/tregorsonore.fr\/wp-content\/uploads\/2022\/12\/IMG_20221212_163847-scaled.jpg\" data-link=\"http:\/\/tregorsonore.fr\/?attachment_id=397\" class=\"wp-image-397\" srcset=\"https:\/\/tregorsonore.fr\/wp-content\/uploads\/2022\/12\/IMG_20221212_163847-1024x576.jpg 1024w, https:\/\/tregorsonore.fr\/wp-content\/uploads\/2022\/12\/IMG_20221212_163847-300x169.jpg 300w, https:\/\/tregorsonore.fr\/wp-content\/uploads\/2022\/12\/IMG_20221212_163847-768x432.jpg 768w, https:\/\/tregorsonore.fr\/wp-content\/uploads\/2022\/12\/IMG_20221212_163847-1536x864.jpg 1536w, https:\/\/tregorsonore.fr\/wp-content\/uploads\/2022\/12\/IMG_20221212_163847-2048x1152.jpg 2048w\" sizes=\"auto, (max-width: 767px) 89vw, (max-width: 1000px) 54vw, (max-width: 1071px) 543px, 580px\" \/><\/a><\/figure><\/li><li class=\"blocks-gallery-item\"><figure><a href=\"http:\/\/tregorsonore.fr\/wp-content\/uploads\/2022\/12\/IMG_20221212_163900-scaled.jpg\"><img loading=\"lazy\" decoding=\"async\" width=\"1024\" height=\"576\" src=\"http:\/\/tregorsonore.fr\/wp-content\/uploads\/2022\/12\/IMG_20221212_163900-1024x576.jpg\" alt=\"\" data-id=\"398\" data-full-url=\"http:\/\/tregorsonore.fr\/wp-content\/uploads\/2022\/12\/IMG_20221212_163900-scaled.jpg\" data-link=\"http:\/\/tregorsonore.fr\/?attachment_id=398\" class=\"wp-image-398\" srcset=\"https:\/\/tregorsonore.fr\/wp-content\/uploads\/2022\/12\/IMG_20221212_163900-1024x576.jpg 1024w, https:\/\/tregorsonore.fr\/wp-content\/uploads\/2022\/12\/IMG_20221212_163900-300x169.jpg 300w, https:\/\/tregorsonore.fr\/wp-content\/uploads\/2022\/12\/IMG_20221212_163900-768x432.jpg 768w, https:\/\/tregorsonore.fr\/wp-content\/uploads\/2022\/12\/IMG_20221212_163900-1536x864.jpg 1536w, https:\/\/tregorsonore.fr\/wp-content\/uploads\/2022\/12\/IMG_20221212_163900-2048x1152.jpg 2048w\" sizes=\"auto, (max-width: 767px) 89vw, (max-width: 1000px) 54vw, (max-width: 1071px) 543px, 580px\" \/><\/a><\/figure><\/li><li class=\"blocks-gallery-item\"><figure><a href=\"http:\/\/tregorsonore.fr\/wp-content\/uploads\/2022\/12\/IMG_20221212_221930-scaled.jpg\"><img loading=\"lazy\" decoding=\"async\" width=\"1024\" height=\"576\" src=\"http:\/\/tregorsonore.fr\/wp-content\/uploads\/2022\/12\/IMG_20221212_221930-1024x576.jpg\" alt=\"\" data-id=\"399\" data-full-url=\"http:\/\/tregorsonore.fr\/wp-content\/uploads\/2022\/12\/IMG_20221212_221930-scaled.jpg\" data-link=\"http:\/\/tregorsonore.fr\/?attachment_id=399\" class=\"wp-image-399\" srcset=\"https:\/\/tregorsonore.fr\/wp-content\/uploads\/2022\/12\/IMG_20221212_221930-1024x576.jpg 1024w, https:\/\/tregorsonore.fr\/wp-content\/uploads\/2022\/12\/IMG_20221212_221930-300x169.jpg 300w, https:\/\/tregorsonore.fr\/wp-content\/uploads\/2022\/12\/IMG_20221212_221930-768x432.jpg 768w, https:\/\/tregorsonore.fr\/wp-content\/uploads\/2022\/12\/IMG_20221212_221930-1536x864.jpg 1536w, https:\/\/tregorsonore.fr\/wp-content\/uploads\/2022\/12\/IMG_20221212_221930-2048x1152.jpg 2048w\" sizes=\"auto, (max-width: 767px) 89vw, (max-width: 1000px) 54vw, (max-width: 1071px) 543px, 580px\" \/><\/a><\/figure><\/li><li class=\"blocks-gallery-item\"><figure><a href=\"http:\/\/tregorsonore.fr\/wp-content\/uploads\/2022\/12\/IMG_20221212_221936-scaled.jpg\"><img loading=\"lazy\" decoding=\"async\" width=\"1024\" height=\"576\" src=\"http:\/\/tregorsonore.fr\/wp-content\/uploads\/2022\/12\/IMG_20221212_221936-1024x576.jpg\" alt=\"\" data-id=\"400\" data-full-url=\"http:\/\/tregorsonore.fr\/wp-content\/uploads\/2022\/12\/IMG_20221212_221936-scaled.jpg\" data-link=\"http:\/\/tregorsonore.fr\/?attachment_id=400\" class=\"wp-image-400\" srcset=\"https:\/\/tregorsonore.fr\/wp-content\/uploads\/2022\/12\/IMG_20221212_221936-1024x576.jpg 1024w, https:\/\/tregorsonore.fr\/wp-content\/uploads\/2022\/12\/IMG_20221212_221936-300x169.jpg 300w, https:\/\/tregorsonore.fr\/wp-content\/uploads\/2022\/12\/IMG_20221212_221936-768x432.jpg 768w, https:\/\/tregorsonore.fr\/wp-content\/uploads\/2022\/12\/IMG_20221212_221936-1536x864.jpg 1536w, https:\/\/tregorsonore.fr\/wp-content\/uploads\/2022\/12\/IMG_20221212_221936-2048x1152.jpg 2048w\" sizes=\"auto, (max-width: 767px) 89vw, (max-width: 1000px) 54vw, (max-width: 1071px) 543px, 580px\" \/><\/a><\/figure><\/li><li class=\"blocks-gallery-item\"><figure><a href=\"http:\/\/tregorsonore.fr\/wp-content\/uploads\/2022\/12\/IMG_20221212_221942-scaled.jpg\"><img loading=\"lazy\" decoding=\"async\" width=\"1024\" height=\"576\" src=\"http:\/\/tregorsonore.fr\/wp-content\/uploads\/2022\/12\/IMG_20221212_221942-1024x576.jpg\" alt=\"\" data-id=\"401\" data-full-url=\"http:\/\/tregorsonore.fr\/wp-content\/uploads\/2022\/12\/IMG_20221212_221942-scaled.jpg\" data-link=\"http:\/\/tregorsonore.fr\/?attachment_id=401\" class=\"wp-image-401\" srcset=\"https:\/\/tregorsonore.fr\/wp-content\/uploads\/2022\/12\/IMG_20221212_221942-1024x576.jpg 1024w, https:\/\/tregorsonore.fr\/wp-content\/uploads\/2022\/12\/IMG_20221212_221942-300x169.jpg 300w, https:\/\/tregorsonore.fr\/wp-content\/uploads\/2022\/12\/IMG_20221212_221942-768x432.jpg 768w, https:\/\/tregorsonore.fr\/wp-content\/uploads\/2022\/12\/IMG_20221212_221942-1536x864.jpg 1536w, https:\/\/tregorsonore.fr\/wp-content\/uploads\/2022\/12\/IMG_20221212_221942-2048x1152.jpg 2048w\" sizes=\"auto, (max-width: 767px) 89vw, (max-width: 1000px) 54vw, (max-width: 1071px) 543px, 580px\" \/><\/a><\/figure><\/li><\/ul><\/figure>\n\n\n\n<figure class=\"wp-block-image size-full\"><img loading=\"lazy\" decoding=\"async\" width=\"1024\" height=\"55\" src=\"http:\/\/tregorsonore.fr\/wp-content\/uploads\/2021\/12\/onde-copie-1024x55-1.png\" alt=\"\" class=\"wp-image-174\" srcset=\"https:\/\/tregorsonore.fr\/wp-content\/uploads\/2021\/12\/onde-copie-1024x55-1.png 1024w, https:\/\/tregorsonore.fr\/wp-content\/uploads\/2021\/12\/onde-copie-1024x55-1-300x16.png 300w, https:\/\/tregorsonore.fr\/wp-content\/uploads\/2021\/12\/onde-copie-1024x55-1-768x41.png 768w\" sizes=\"auto, (max-width: 767px) 89vw, (max-width: 1000px) 54vw, (max-width: 1071px) 543px, 580px\" \/><\/figure>\n","protected":false},"excerpt":{"rendered":"<p>Atelier Belot &#8211; 12 d\u00e9cembre (21 h 00 \u2013 22 h 30) Justine Belot&nbsp;\u2013 Luthi\u00e8re, Pleumeur-Bodou Nathalie Le Gaouyat&nbsp;\u2013 Instrumentiste, Ploubezre Dans cette&nbsp;Sonf\u00e9rence, Justine nous accueille dans son atelier \u00e0&nbsp;Pleumeur-Bodou. En compagnie de Nathalie Le&nbsp;Gaouyat,&nbsp;elles nous pr\u00e9sentent la viole de gambe ;&nbsp;cet instrument peu connu de nos jours, mais qui faisait la vedette pendant la &hellip; <\/p>\n<p class=\"link-more\"><a href=\"https:\/\/tregorsonore.fr\/index.php\/sonferences-du-tregor\/n8-facture-instrumentale\/\" class=\"more-link\">Continue reading<span class=\"screen-reader-text\"> &#8220;N\u00b08 &#8211; Facture Instrumentale : La viole de gambe&#8221;<\/span><\/a><\/p>\n","protected":false},"author":1,"featured_media":0,"parent":33,"menu_order":0,"comment_status":"closed","ping_status":"closed","template":"","meta":{"footnotes":""},"class_list":["post-404","page","type-page","status-publish","hentry"],"_links":{"self":[{"href":"https:\/\/tregorsonore.fr\/index.php\/wp-json\/wp\/v2\/pages\/404","targetHints":{"allow":["GET"]}}],"collection":[{"href":"https:\/\/tregorsonore.fr\/index.php\/wp-json\/wp\/v2\/pages"}],"about":[{"href":"https:\/\/tregorsonore.fr\/index.php\/wp-json\/wp\/v2\/types\/page"}],"author":[{"embeddable":true,"href":"https:\/\/tregorsonore.fr\/index.php\/wp-json\/wp\/v2\/users\/1"}],"replies":[{"embeddable":true,"href":"https:\/\/tregorsonore.fr\/index.php\/wp-json\/wp\/v2\/comments?post=404"}],"version-history":[{"count":6,"href":"https:\/\/tregorsonore.fr\/index.php\/wp-json\/wp\/v2\/pages\/404\/revisions"}],"predecessor-version":[{"id":467,"href":"https:\/\/tregorsonore.fr\/index.php\/wp-json\/wp\/v2\/pages\/404\/revisions\/467"}],"up":[{"embeddable":true,"href":"https:\/\/tregorsonore.fr\/index.php\/wp-json\/wp\/v2\/pages\/33"}],"wp:attachment":[{"href":"https:\/\/tregorsonore.fr\/index.php\/wp-json\/wp\/v2\/media?parent=404"}],"curies":[{"name":"wp","href":"https:\/\/api.w.org\/{rel}","templated":true}]}}