{"id":613,"date":"2023-10-20T15:25:17","date_gmt":"2023-10-20T13:25:17","guid":{"rendered":"https:\/\/tregorsonore.fr\/?page_id=613"},"modified":"2023-11-17T00:10:30","modified_gmt":"2023-11-16T23:10:30","slug":"programme-ts","status":"publish","type":"page","link":"https:\/\/tregorsonore.fr\/index.php\/salon-ts-2023\/programme-ts\/","title":{"rendered":"Programme"},"content":{"rendered":"\n<figure class=\"wp-block-image size-large\"><img loading=\"lazy\" decoding=\"async\" width=\"1024\" height=\"55\" src=\"http:\/\/tregorsonore.fr\/wp-content\/uploads\/2021\/12\/onde-copie-1024x55.png\" alt=\"\" class=\"wp-image-13\" srcset=\"https:\/\/tregorsonore.fr\/wp-content\/uploads\/2021\/12\/onde-copie-1024x55.png 1024w, https:\/\/tregorsonore.fr\/wp-content\/uploads\/2021\/12\/onde-copie-300x16.png 300w, https:\/\/tregorsonore.fr\/wp-content\/uploads\/2021\/12\/onde-copie-768x41.png 768w, https:\/\/tregorsonore.fr\/wp-content\/uploads\/2021\/12\/onde-copie-1200x64.png 1200w, https:\/\/tregorsonore.fr\/wp-content\/uploads\/2021\/12\/onde-copie.png 1479w\" sizes=\"auto, (max-width: 767px) 89vw, (max-width: 1000px) 54vw, (max-width: 1071px) 543px, 580px\" \/><\/figure>\n\n\n\n<h2 class=\"has-white-color has-vivid-purple-background-color has-text-color has-background wp-block-heading\" id=\"Conf\"><strong>Conf\u00e9rences :<\/strong><\/h2>\n\n\n\n<h3 class=\"wp-block-heading\">Vendredi 17<\/h3>\n\n\n\n<ul class=\"wp-block-list\"><li>11h00 &#8211; <strong><strong><a href=\"https:\/\/tregorsonore.fr\/index.php\/salon-ts-2023\/#Saooti\" data-type=\"page\">Saooti \/ Laurent Hu\u00e9<\/a><\/strong><\/strong><ul><li>Etat des lieux de la consommation des podcasts et webradio en France<\/li><\/ul><\/li><li>13h30 &#8211; <strong><a href=\"https:\/\/tregorsonore.fr\/index.php\/salon-ts-2023\/#Paranthoen\">Logello\u00f9 \/ Bastien Lambert<\/a><\/strong><ul><li>Num\u00e9risation du fonds sonore de Yann Parantho\u00ebn<\/li><\/ul><\/li><li>15h00 &#8211; <strong><a href=\"https:\/\/tregorsonore.fr\/index.php\/salon-ts-2023\/#Paquier\">UBO \/ Mathieu Paquier<\/a><\/strong><ul><li>Le risque auditif<\/li><\/ul><\/li><li>16h30 &#8211; <strong><a href=\"https:\/\/tregorsonore.fr\/index.php\/salon-ts-2023\/#Daniel\">Orange \/ J\u00e9r\u00f4me Daniel<\/a><\/strong><ul><li>L&#8217;Ambisonique<\/li><\/ul><\/li><\/ul>\n\n\n\n<h3 class=\"wp-block-heading\">Samedi 18<\/h3>\n\n\n\n<ul class=\"wp-block-list\"><li>10h00 &#8211; <a href=\"https:\/\/tregorsonore.fr\/index.php\/salon-ts-2023\/#Slam\"><a style=\"font-weight: bold;\" href=\"https:\/\/tregorsonore.fr\/index.php\/salon-ts-2023\/#Slam\"><strong>Lyc\u00e9e Savina<\/strong><\/a><\/a>\/<a href=\"https:\/\/tregorsonore.fr\/index.php\/salon-ts-2023\/#Slam\"><strong>Gilles Liogier<\/strong> <strong> <a href=\"https:\/\/tregorsonore.fr\/index.php\/salon-ts-2023\/#Slam\">&#8211; H\u00f4pital de Tr\u00e9guier<\/a><\/strong><\/a>\/<a href=\"https:\/\/tregorsonore.fr\/index.php\/salon-ts-2023\/#Slam\"><strong>Doroth\u00e9e Forman<\/strong><\/a><ul><li>Application du slam dans la r\u00e9\u00e9ducation de la parole<\/li><\/ul><\/li><li>11h30 &#8211; <strong><a href=\"https:\/\/tregorsonore.fr\/index.php\/salon-ts-2023\/#Feichter\">Feichter Audio \/ Laurent Feichter<\/a><\/strong><ul><li>Etat de l\u2019art en \u00e9lectronique audio<\/li><\/ul><\/li><li>14h00 &#8211; <strong><a href=\"https:\/\/tregorsonore.fr\/index.php\/salon-ts-2023\/#ADV-Sonj-TS\">L\u2019Agence du Verbe &amp; Sonj (avec TS)<\/a><\/strong><ul><li>Patrimoine immat\u00e9riel, le cas du coll\u00e8ge de Guingamp<\/li><\/ul><\/li><li>15H30 &#8211; <strong><a href=\"https:\/\/tregorsonore.fr\/index.php\/salon-ts-2023\/#Manuel-Neves\">Manuel Neves, ethnologue<\/a><\/strong> (Chercheur ind\u00e9pendant)<ul><li>Collectage \u00e0 la Roche-Jagu<\/li><\/ul><\/li><\/ul>\n\n\n\n<figure class=\"wp-block-image size-large\"><img loading=\"lazy\" decoding=\"async\" width=\"1024\" height=\"55\" src=\"http:\/\/tregorsonore.fr\/wp-content\/uploads\/2021\/12\/onde-copie-1024x55.png\" alt=\"\" class=\"wp-image-13\" srcset=\"https:\/\/tregorsonore.fr\/wp-content\/uploads\/2021\/12\/onde-copie-1024x55.png 1024w, https:\/\/tregorsonore.fr\/wp-content\/uploads\/2021\/12\/onde-copie-300x16.png 300w, https:\/\/tregorsonore.fr\/wp-content\/uploads\/2021\/12\/onde-copie-768x41.png 768w, https:\/\/tregorsonore.fr\/wp-content\/uploads\/2021\/12\/onde-copie-1200x64.png 1200w, https:\/\/tregorsonore.fr\/wp-content\/uploads\/2021\/12\/onde-copie.png 1479w\" sizes=\"auto, (max-width: 767px) 89vw, (max-width: 1000px) 54vw, (max-width: 1071px) 543px, 580px\" \/><\/figure>\n\n\n\n<h2 class=\"has-white-color has-luminous-vivid-orange-background-color has-text-color has-background wp-block-heading\" id=\"Posters\"><strong>Posters :<\/strong><\/h2>\n\n\n\n<ul class=\"wp-block-list\"><li><a href=\"https:\/\/tregorsonore.fr\/index.php\/salon-ts-2023\/#UBO-Feichter\"><strong>UBO &#8211; Feichter Electronics<\/strong><\/a><\/li><li><strong><a href=\"https:\/\/tregorsonore.fr\/index.php\/salon-ts-2023\/#ENSSAT\">ENSSAT<\/a><\/strong><\/li><\/ul>\n\n\n\n<h3 class=\"wp-block-heading\">Vendredi 17<\/h3>\n\n\n\n<p>En continu toute la journ\u00e9e et pr\u00e9sentations et \u00e9changes de 10h-11h<\/p>\n\n\n\n<h3 class=\"wp-block-heading\">Samedi 18<\/h3>\n\n\n\n<p>En continu toute la journ\u00e9e et  pr\u00e9sentations et \u00e9changes de 10h-11h<\/p>\n\n\n\n<figure class=\"wp-block-image size-large\"><img loading=\"lazy\" decoding=\"async\" width=\"1024\" height=\"55\" src=\"http:\/\/tregorsonore.fr\/wp-content\/uploads\/2021\/12\/onde-copie-1024x55.png\" alt=\"\" class=\"wp-image-13\" srcset=\"https:\/\/tregorsonore.fr\/wp-content\/uploads\/2021\/12\/onde-copie-1024x55.png 1024w, https:\/\/tregorsonore.fr\/wp-content\/uploads\/2021\/12\/onde-copie-300x16.png 300w, https:\/\/tregorsonore.fr\/wp-content\/uploads\/2021\/12\/onde-copie-768x41.png 768w, https:\/\/tregorsonore.fr\/wp-content\/uploads\/2021\/12\/onde-copie-1200x64.png 1200w, https:\/\/tregorsonore.fr\/wp-content\/uploads\/2021\/12\/onde-copie.png 1479w\" sizes=\"auto, (max-width: 767px) 89vw, (max-width: 1000px) 54vw, (max-width: 1071px) 543px, 580px\" \/><\/figure>\n\n\n\n<h2 class=\"has-white-color has-vivid-cyan-blue-background-color has-text-color has-background wp-block-heading\" id=\"Demo\"><strong>D\u00e9monstrations et \u00e9coutes :<\/strong><\/h2>\n\n\n\n<h3 class=\"wp-block-heading\">Vendredi 17<\/h3>\n\n\n\n<p>En continu toute la journ\u00e9e de 10h \u00e0 17h30<\/p>\n\n\n\n<h3 class=\"wp-block-heading\">Samedi 18<\/h3>\n\n\n\n<p>En continu toute la journ\u00e9e de 9h30 \u00e0 17h00<\/p>\n\n\n\n<ul class=\"wp-block-list\"><li><a href=\"https:\/\/tregorsonore.fr\/index.php\/salon-ts-2023\/#AAD\"><strong>Analog Audio Design<\/strong>,<\/a><\/li><li><strong><a href=\"https:\/\/tregorsonore.fr\/index.php\/salon-ts-2023\/#CDDS\">Kreizenn ar son, le Centre de d\u00e9couverte du son<\/a><\/strong>,<\/li><li><strong><a href=\"https:\/\/tregorsonore.fr\/index.php\/salon-ts-2023\/#ADV\">L&#8217;Agence du Verbe<\/a>,<\/strong><\/li><li><strong><a href=\"https:\/\/tregorsonore.fr\/index.php\/salon-ts-2023\/#ADV-Sonj-TS\">Sonj<\/a><\/strong><\/li><li><strong>Feichter Electronics<\/strong><\/li><li><a href=\"https:\/\/tregorsonore.fr\/index.php\/salon-ts-2023\/#ADV-Sonj-TS\"><strong>Tr\u00e9gor Sonore<\/strong>,<\/a><\/li><li><a href=\"https:\/\/tregorsonore.fr\/index.php\/salon-ts-2023\/#Logello\u00f9\"><strong>Le Logello\u00f9<\/strong>,<\/a><\/li><li><strong><a href=\"https:\/\/tregorsonore.fr\/index.php\/salon-ts-2023\/#LostIn70s\">LostIn70s Audio<\/a><\/strong>,<\/li><li><strong><a href=\"https:\/\/tregorsonore.fr\/index.php\/salon-ts-2023\/#Noise-Makers\">Noise Makers<\/a>,<\/strong><\/li><li><strong>Kerwax<\/strong><\/li><li><strong>H\u00f4pital de Tr\u00e9guier<\/strong><\/li><\/ul>\n\n\n\n<figure class=\"wp-block-image size-large\"><img loading=\"lazy\" decoding=\"async\" width=\"1024\" height=\"55\" src=\"http:\/\/tregorsonore.fr\/wp-content\/uploads\/2021\/12\/onde-copie-1024x55.png\" alt=\"\" class=\"wp-image-13\" srcset=\"https:\/\/tregorsonore.fr\/wp-content\/uploads\/2021\/12\/onde-copie-1024x55.png 1024w, https:\/\/tregorsonore.fr\/wp-content\/uploads\/2021\/12\/onde-copie-300x16.png 300w, https:\/\/tregorsonore.fr\/wp-content\/uploads\/2021\/12\/onde-copie-768x41.png 768w, https:\/\/tregorsonore.fr\/wp-content\/uploads\/2021\/12\/onde-copie-1200x64.png 1200w, https:\/\/tregorsonore.fr\/wp-content\/uploads\/2021\/12\/onde-copie.png 1479w\" sizes=\"auto, (max-width: 767px) 89vw, (max-width: 1000px) 54vw, (max-width: 1071px) 543px, 580px\" \/><\/figure>\n\n\n\n<h2 class=\"has-white-color has-vivid-green-cyan-background-color has-text-color has-background wp-block-heading\" id=\"Concert\"><strong>Concerts et \u00e9coutes collectives :<\/strong><\/h2>\n\n\n\n<h3 class=\"wp-block-heading\" id=\"Philippe\">Vendredi 17 &#8211;<strong> Philippe Ollivier<\/strong><\/h3>\n\n\n\n<p>18h00 &#8211; 19h00<\/p>\n\n\n\n<figure class=\"wp-block-image size-large\"><img loading=\"lazy\" decoding=\"async\" width=\"1024\" height=\"696\" src=\"https:\/\/tregorsonore.fr\/wp-content\/uploads\/2023\/10\/Capture-decran-2023-10-26-111002-1024x696.png\" alt=\"\" class=\"wp-image-681\" srcset=\"https:\/\/tregorsonore.fr\/wp-content\/uploads\/2023\/10\/Capture-decran-2023-10-26-111002-1024x696.png 1024w, https:\/\/tregorsonore.fr\/wp-content\/uploads\/2023\/10\/Capture-decran-2023-10-26-111002-300x204.png 300w, https:\/\/tregorsonore.fr\/wp-content\/uploads\/2023\/10\/Capture-decran-2023-10-26-111002-768x522.png 768w, https:\/\/tregorsonore.fr\/wp-content\/uploads\/2023\/10\/Capture-decran-2023-10-26-111002.png 1122w\" sizes=\"auto, (max-width: 767px) 89vw, (max-width: 1000px) 54vw, (max-width: 1071px) 543px, 580px\" \/><\/figure>\n\n\n\n<p><strong>Philippe Ollivier<\/strong>&nbsp;compose avec le bandon\u00e9on et le logiciel&nbsp;<a href=\"https:\/\/www.logelloop.com\/\">Logelloop<\/a>. Le dialogue entre l\u2019instrument acoustique et l\u2019\u00e9lectronique lui permet de se constituer un langage propre, en constante \u00e9volution.<\/p>\n\n\n\n<p>R\u00e9servation conseill\u00e9e :<\/p>\n\n\n\n<div class=\"wp-block-buttons is-layout-flex wp-block-buttons-is-layout-flex\">\n<div class=\"wp-block-button\"><a class=\"wp-block-button__link\" href=\"https:\/\/www.helloasso.com\/associations\/tregor-sonore\/evenements\/salon-2023\">R\u00e9servations<\/a><\/div>\n<\/div>\n\n\n\n<h3 class=\"wp-block-heading\" id=\"Morgan\">Samedi 18 &#8211; <strong>Morgan<\/strong><\/h3>\n\n\n\n<p> 17h30 &#8211; 18h30 <\/p>\n\n\n\n<figure class=\"wp-block-image size-large\"><img loading=\"lazy\" decoding=\"async\" width=\"1024\" height=\"1024\" src=\"https:\/\/tregorsonore.fr\/wp-content\/uploads\/2023\/10\/unnamed-1-1024x1024.jpg\" alt=\"\" class=\"wp-image-658\" srcset=\"https:\/\/tregorsonore.fr\/wp-content\/uploads\/2023\/10\/unnamed-1-1024x1024.jpg 1024w, https:\/\/tregorsonore.fr\/wp-content\/uploads\/2023\/10\/unnamed-1-300x300.jpg 300w, https:\/\/tregorsonore.fr\/wp-content\/uploads\/2023\/10\/unnamed-1-150x150.jpg 150w, https:\/\/tregorsonore.fr\/wp-content\/uploads\/2023\/10\/unnamed-1-768x768.jpg 768w, https:\/\/tregorsonore.fr\/wp-content\/uploads\/2023\/10\/unnamed-1-1536x1536.jpg 1536w, https:\/\/tregorsonore.fr\/wp-content\/uploads\/2023\/10\/unnamed-1-2048x2048.jpg 2048w, https:\/\/tregorsonore.fr\/wp-content\/uploads\/2023\/10\/unnamed-1-100x100.jpg 100w\" sizes=\"auto, (max-width: 767px) 89vw, (max-width: 1000px) 54vw, (max-width: 1071px) 543px, 580px\" \/><\/figure>\n\n\n\n<h1 class=\"wp-block-heading\">L&#8217;\u0153uvre au noir &#8211; A l&#8217;Est de soi<\/h1>\n\n\n\n<h2 class=\"wp-block-heading\">Musique slave en live et exp\u00e9rience sensorielle<\/h2>\n\n\n\n<h3 class=\"wp-block-heading\">Concert binaural<\/h3>\n\n\n\n<p><em>\u0152uvre au noir<\/em>&nbsp;est une exp\u00e9rience sensorielle, dans le noir. Durant&nbsp;le concert, la voix, la harpe et les illusions sonores nous portent subtilement vers des zones interm\u00e9diaire de la conscience, comme dans un r\u00eave.<\/p>\n\n\n\n<p>Voix et harpe : Morgan<\/p>\n\n\n\n<p>Production : L&#8217;Agence du Verbe<\/p>\n\n\n\n<p>Dur\u00e9e : 1h<\/p>\n\n\n\n<p>R\u00e9servation conseill\u00e9e :<\/p>\n\n\n\n<div class=\"wp-block-buttons is-layout-flex wp-block-buttons-is-layout-flex\">\n<div class=\"wp-block-button\"><a class=\"wp-block-button__link\" href=\"https:\/\/www.helloasso.com\/associations\/tregor-sonore\/evenements\/salon-2023\">R\u00e9servations<\/a><\/div>\n<\/div>\n\n\n\n<figure class=\"wp-block-image size-large\"><img loading=\"lazy\" decoding=\"async\" width=\"1024\" height=\"55\" src=\"http:\/\/tregorsonore.fr\/wp-content\/uploads\/2021\/12\/onde-copie-1024x55.png\" alt=\"\" class=\"wp-image-13\" srcset=\"https:\/\/tregorsonore.fr\/wp-content\/uploads\/2021\/12\/onde-copie-1024x55.png 1024w, https:\/\/tregorsonore.fr\/wp-content\/uploads\/2021\/12\/onde-copie-300x16.png 300w, https:\/\/tregorsonore.fr\/wp-content\/uploads\/2021\/12\/onde-copie-768x41.png 768w, https:\/\/tregorsonore.fr\/wp-content\/uploads\/2021\/12\/onde-copie-1200x64.png 1200w, https:\/\/tregorsonore.fr\/wp-content\/uploads\/2021\/12\/onde-copie.png 1479w\" sizes=\"auto, (max-width: 767px) 89vw, (max-width: 1000px) 54vw, (max-width: 1071px) 543px, 580px\" \/><\/figure>\n\n\n\n<p><\/p>\n","protected":false},"excerpt":{"rendered":"<p>Conf\u00e9rences : Vendredi 17 11h00 &#8211; Saooti \/ Laurent Hu\u00e9 Etat des lieux de la consommation des podcasts et webradio en France 13h30 &#8211; Logello\u00f9 \/ Bastien Lambert Num\u00e9risation du fonds sonore de Yann Parantho\u00ebn 15h00 &#8211; UBO \/ Mathieu Paquier Le risque auditif 16h30 &#8211; Orange \/ J\u00e9r\u00f4me Daniel L&#8217;Ambisonique Samedi 18 10h00 &#8211; &hellip; <\/p>\n<p class=\"link-more\"><a href=\"https:\/\/tregorsonore.fr\/index.php\/salon-ts-2023\/programme-ts\/\" class=\"more-link\">Continue reading<span class=\"screen-reader-text\"> &#8220;Programme&#8221;<\/span><\/a><\/p>\n","protected":false},"author":1,"featured_media":0,"parent":567,"menu_order":1,"comment_status":"closed","ping_status":"closed","template":"","meta":{"footnotes":""},"class_list":["post-613","page","type-page","status-publish","hentry"],"_links":{"self":[{"href":"https:\/\/tregorsonore.fr\/index.php\/wp-json\/wp\/v2\/pages\/613","targetHints":{"allow":["GET"]}}],"collection":[{"href":"https:\/\/tregorsonore.fr\/index.php\/wp-json\/wp\/v2\/pages"}],"about":[{"href":"https:\/\/tregorsonore.fr\/index.php\/wp-json\/wp\/v2\/types\/page"}],"author":[{"embeddable":true,"href":"https:\/\/tregorsonore.fr\/index.php\/wp-json\/wp\/v2\/users\/1"}],"replies":[{"embeddable":true,"href":"https:\/\/tregorsonore.fr\/index.php\/wp-json\/wp\/v2\/comments?post=613"}],"version-history":[{"count":42,"href":"https:\/\/tregorsonore.fr\/index.php\/wp-json\/wp\/v2\/pages\/613\/revisions"}],"predecessor-version":[{"id":814,"href":"https:\/\/tregorsonore.fr\/index.php\/wp-json\/wp\/v2\/pages\/613\/revisions\/814"}],"up":[{"embeddable":true,"href":"https:\/\/tregorsonore.fr\/index.php\/wp-json\/wp\/v2\/pages\/567"}],"wp:attachment":[{"href":"https:\/\/tregorsonore.fr\/index.php\/wp-json\/wp\/v2\/media?parent=613"}],"curies":[{"name":"wp","href":"https:\/\/api.w.org\/{rel}","templated":true}]}}