{"id":63,"date":"2021-12-02T16:49:47","date_gmt":"2021-12-02T15:49:47","guid":{"rendered":"http:\/\/tregorsonore.fr\/?page_id=63"},"modified":"2023-01-24T15:44:03","modified_gmt":"2023-01-24T14:44:03","slug":"sonference-n1","status":"publish","type":"page","link":"https:\/\/tregorsonore.fr\/index.php\/sonferences-du-tregor\/sonference-n1\/","title":{"rendered":"N\u00b01 Les Paysages Sonores"},"content":{"rendered":"\n<p>Le concept de paysage sonore, initi\u00e9 il y a de nombreuses ann\u00e9es par le canadien Murray Schafer, sous-tend ce que l\u2019on appelle aujourd\u2019hui notre environnement sonore. Il int\u00e8gre d\u00e9sormais toutes les composantes (naturelles, urbaines, sous-marines), mais aussi la notion de pollution, d\u2019agr\u00e9ment ou les sites sonores remarquables. Les p\u00e9riodes de confinement ont par ailleurs donn\u00e9 lieu \u00e0 de nouvelles exp\u00e9rimentations.<\/p>\n\n\n\n<p>Des travaux, des installations et des \u00e9tudes sont d\u00e9velopp\u00e9s dans le Tr\u00e9gor et constituent des exemples pertinents de ces approches, qui nous concernent tous. Nos intervenants en t\u00e9moignent tout au long du cycle, en privil\u00e9giant l\u2019exp\u00e9rience d\u2019\u00e9coute : les Sonf\u00e9rences 3D font la part belle \u00e0 l\u2019illustration de qualit\u00e9.<\/p>\n\n\n\n<figure class=\"wp-block-image size-large\"><img loading=\"lazy\" decoding=\"async\" width=\"1024\" height=\"55\" src=\"http:\/\/tregorsonore.fr\/wp-content\/uploads\/2021\/12\/onde-copie-1024x55.png\" alt=\"\" class=\"wp-image-13\" srcset=\"https:\/\/tregorsonore.fr\/wp-content\/uploads\/2021\/12\/onde-copie-1024x55.png 1024w, https:\/\/tregorsonore.fr\/wp-content\/uploads\/2021\/12\/onde-copie-300x16.png 300w, https:\/\/tregorsonore.fr\/wp-content\/uploads\/2021\/12\/onde-copie-768x41.png 768w, https:\/\/tregorsonore.fr\/wp-content\/uploads\/2021\/12\/onde-copie-1200x64.png 1200w, https:\/\/tregorsonore.fr\/wp-content\/uploads\/2021\/12\/onde-copie.png 1479w\" sizes=\"auto, (max-width: 767px) 89vw, (max-width: 1000px) 54vw, (max-width: 1071px) 543px, 580px\" \/><\/figure>\n\n\n\n<h2 class=\"wp-block-heading\">la d\u00e9couverte du paysage sonore :<\/h2>\n\n\n\n<h3 class=\"wp-block-heading\">Vendredi 5 mars 2021 \u00e0 18h, En direct du Flabard \u00e0 Lannion <\/h3>\n\n\n\n<p><strong>Pierre Aumond<\/strong>, chercheur \u00e0 l\u2019Universit\u00e9 Gustave Eiffel de Nantes<\/p>\n\n\n\n<figure class=\"wp-block-gallery columns-3 is-cropped wp-block-gallery-1 is-layout-flex wp-block-gallery-is-layout-flex\"><ul class=\"blocks-gallery-grid\"><li class=\"blocks-gallery-item\"><figure><a href=\"http:\/\/tregorsonore.fr\/wp-content\/uploads\/2021\/12\/IMG_20210305_181821-edited.jpg\"><img loading=\"lazy\" decoding=\"async\" width=\"1024\" height=\"683\" src=\"http:\/\/tregorsonore.fr\/wp-content\/uploads\/2021\/12\/IMG_20210305_181821-edited-1024x683.jpg\" alt=\"\" data-id=\"37\" data-full-url=\"http:\/\/tregorsonore.fr\/wp-content\/uploads\/2021\/12\/IMG_20210305_181821-edited.jpg\" data-link=\"http:\/\/tregorsonore.fr\/img_20210305_181821-2\/\" class=\"wp-image-37\" srcset=\"https:\/\/tregorsonore.fr\/wp-content\/uploads\/2021\/12\/IMG_20210305_181821-edited-1024x683.jpg 1024w, https:\/\/tregorsonore.fr\/wp-content\/uploads\/2021\/12\/IMG_20210305_181821-edited-300x200.jpg 300w, https:\/\/tregorsonore.fr\/wp-content\/uploads\/2021\/12\/IMG_20210305_181821-edited-768x512.jpg 768w, https:\/\/tregorsonore.fr\/wp-content\/uploads\/2021\/12\/IMG_20210305_181821-edited-1536x1024.jpg 1536w, https:\/\/tregorsonore.fr\/wp-content\/uploads\/2021\/12\/IMG_20210305_181821-edited-2048x1366.jpg 2048w, https:\/\/tregorsonore.fr\/wp-content\/uploads\/2021\/12\/IMG_20210305_181821-edited-1200x800.jpg 1200w, https:\/\/tregorsonore.fr\/wp-content\/uploads\/2021\/12\/IMG_20210305_181821-edited-1980x1321.jpg 1980w\" sizes=\"auto, (max-width: 767px) 89vw, (max-width: 1000px) 54vw, (max-width: 1071px) 543px, 580px\" \/><\/a><\/figure><\/li><li class=\"blocks-gallery-item\"><figure><a href=\"http:\/\/tregorsonore.fr\/wp-content\/uploads\/2021\/12\/IMG_20210305_165641-scaled.jpg\"><img loading=\"lazy\" decoding=\"async\" width=\"1024\" height=\"576\" src=\"http:\/\/tregorsonore.fr\/wp-content\/uploads\/2021\/12\/IMG_20210305_165641-1024x576.jpg\" alt=\"\" data-id=\"72\" data-full-url=\"http:\/\/tregorsonore.fr\/wp-content\/uploads\/2021\/12\/IMG_20210305_165641-scaled.jpg\" data-link=\"http:\/\/tregorsonore.fr\/index.php\/sonferences-du-tregor\/sonference-n1\/img_20210305_165641\/\" class=\"wp-image-72\" srcset=\"https:\/\/tregorsonore.fr\/wp-content\/uploads\/2021\/12\/IMG_20210305_165641-1024x576.jpg 1024w, https:\/\/tregorsonore.fr\/wp-content\/uploads\/2021\/12\/IMG_20210305_165641-300x169.jpg 300w, https:\/\/tregorsonore.fr\/wp-content\/uploads\/2021\/12\/IMG_20210305_165641-768x432.jpg 768w, https:\/\/tregorsonore.fr\/wp-content\/uploads\/2021\/12\/IMG_20210305_165641-1536x864.jpg 1536w, https:\/\/tregorsonore.fr\/wp-content\/uploads\/2021\/12\/IMG_20210305_165641-2048x1152.jpg 2048w, https:\/\/tregorsonore.fr\/wp-content\/uploads\/2021\/12\/IMG_20210305_165641-1200x675.jpg 1200w, https:\/\/tregorsonore.fr\/wp-content\/uploads\/2021\/12\/IMG_20210305_165641-1980x1114.jpg 1980w\" sizes=\"auto, (max-width: 767px) 89vw, (max-width: 1000px) 54vw, (max-width: 1071px) 543px, 580px\" \/><\/a><\/figure><\/li><li class=\"blocks-gallery-item\"><figure><a href=\"http:\/\/tregorsonore.fr\/wp-content\/uploads\/2021\/12\/IMG_20210305_181821-scaled.jpg\"><img loading=\"lazy\" decoding=\"async\" width=\"576\" height=\"1024\" src=\"http:\/\/tregorsonore.fr\/wp-content\/uploads\/2021\/12\/IMG_20210305_181821-576x1024.jpg\" alt=\"\" data-id=\"36\" data-full-url=\"http:\/\/tregorsonore.fr\/wp-content\/uploads\/2021\/12\/IMG_20210305_181821-scaled.jpg\" data-link=\"http:\/\/tregorsonore.fr\/index.php\/sonferences-du-tregor\/img_20210305_181821\/\" class=\"wp-image-36\" srcset=\"https:\/\/tregorsonore.fr\/wp-content\/uploads\/2021\/12\/IMG_20210305_181821-576x1024.jpg 576w, https:\/\/tregorsonore.fr\/wp-content\/uploads\/2021\/12\/IMG_20210305_181821-169x300.jpg 169w, https:\/\/tregorsonore.fr\/wp-content\/uploads\/2021\/12\/IMG_20210305_181821-768x1365.jpg 768w, https:\/\/tregorsonore.fr\/wp-content\/uploads\/2021\/12\/IMG_20210305_181821-864x1536.jpg 864w, https:\/\/tregorsonore.fr\/wp-content\/uploads\/2021\/12\/IMG_20210305_181821-1152x2048.jpg 1152w, https:\/\/tregorsonore.fr\/wp-content\/uploads\/2021\/12\/IMG_20210305_181821-1200x2133.jpg 1200w, https:\/\/tregorsonore.fr\/wp-content\/uploads\/2021\/12\/IMG_20210305_181821-1980x3520.jpg 1980w, https:\/\/tregorsonore.fr\/wp-content\/uploads\/2021\/12\/IMG_20210305_181821-scaled.jpg 1440w\" sizes=\"auto, (max-width: 576px) 100vw, 576px\" \/><\/a><\/figure><\/li><li class=\"blocks-gallery-item\"><figure><a href=\"http:\/\/tregorsonore.fr\/wp-content\/uploads\/2021\/12\/IMG_20210305_182803-scaled.jpg\"><img loading=\"lazy\" decoding=\"async\" width=\"576\" height=\"1024\" src=\"http:\/\/tregorsonore.fr\/wp-content\/uploads\/2021\/12\/IMG_20210305_182803-576x1024.jpg\" alt=\"\" data-id=\"71\" data-full-url=\"http:\/\/tregorsonore.fr\/wp-content\/uploads\/2021\/12\/IMG_20210305_182803-scaled.jpg\" data-link=\"http:\/\/tregorsonore.fr\/index.php\/sonferences-du-tregor\/sonference-n1\/img_20210305_182803\/\" class=\"wp-image-71\" srcset=\"https:\/\/tregorsonore.fr\/wp-content\/uploads\/2021\/12\/IMG_20210305_182803-576x1024.jpg 576w, https:\/\/tregorsonore.fr\/wp-content\/uploads\/2021\/12\/IMG_20210305_182803-169x300.jpg 169w, https:\/\/tregorsonore.fr\/wp-content\/uploads\/2021\/12\/IMG_20210305_182803-768x1365.jpg 768w, https:\/\/tregorsonore.fr\/wp-content\/uploads\/2021\/12\/IMG_20210305_182803-864x1536.jpg 864w, https:\/\/tregorsonore.fr\/wp-content\/uploads\/2021\/12\/IMG_20210305_182803-1152x2048.jpg 1152w, https:\/\/tregorsonore.fr\/wp-content\/uploads\/2021\/12\/IMG_20210305_182803-1200x2133.jpg 1200w, https:\/\/tregorsonore.fr\/wp-content\/uploads\/2021\/12\/IMG_20210305_182803-1980x3520.jpg 1980w, https:\/\/tregorsonore.fr\/wp-content\/uploads\/2021\/12\/IMG_20210305_182803-scaled.jpg 1440w\" sizes=\"auto, (max-width: 576px) 100vw, 576px\" \/><\/a><\/figure><\/li><\/ul><\/figure>\n\n\n\n<p><\/p>\n\n\n\n<div class=\"wp-block-buttons is-content-justification-center is-layout-flex wp-block-buttons-is-layout-flex\">\n<div class=\"wp-block-button\"><a class=\"wp-block-button__link\" href=\"https:\/\/www.binaural.fr\/sonferences-3d\/2\/\" style=\"border-radius:50px\" target=\"_blank\" rel=\"noreferrer noopener\">Lien d&#8217;\u00e9coute<\/a><\/div>\n<\/div>\n\n\n\n<figure class=\"wp-block-image size-large\"><img loading=\"lazy\" decoding=\"async\" width=\"1024\" height=\"55\" src=\"http:\/\/tregorsonore.fr\/wp-content\/uploads\/2021\/12\/onde-copie-1024x55.png\" alt=\"\" class=\"wp-image-13\" srcset=\"https:\/\/tregorsonore.fr\/wp-content\/uploads\/2021\/12\/onde-copie-1024x55.png 1024w, https:\/\/tregorsonore.fr\/wp-content\/uploads\/2021\/12\/onde-copie-300x16.png 300w, https:\/\/tregorsonore.fr\/wp-content\/uploads\/2021\/12\/onde-copie-768x41.png 768w, https:\/\/tregorsonore.fr\/wp-content\/uploads\/2021\/12\/onde-copie-1200x64.png 1200w, https:\/\/tregorsonore.fr\/wp-content\/uploads\/2021\/12\/onde-copie.png 1479w\" sizes=\"auto, (max-width: 767px) 89vw, (max-width: 1000px) 54vw, (max-width: 1071px) 543px, 580px\" \/><\/figure>\n\n\n\n<div class=\"wp-block-image\"><figure class=\"aligncenter size-large\"><img loading=\"lazy\" decoding=\"async\" width=\"275\" height=\"49\" src=\"http:\/\/tregorsonore.fr\/wp-content\/uploads\/2021\/12\/logos1.png\" alt=\"\" class=\"wp-image-64\"\/><\/figure><\/div>\n\n\n\n<figure class=\"wp-block-image size-large\"><img loading=\"lazy\" decoding=\"async\" width=\"1024\" height=\"55\" src=\"http:\/\/tregorsonore.fr\/wp-content\/uploads\/2021\/12\/onde-copie-1024x55.png\" alt=\"\" class=\"wp-image-13\" srcset=\"https:\/\/tregorsonore.fr\/wp-content\/uploads\/2021\/12\/onde-copie-1024x55.png 1024w, https:\/\/tregorsonore.fr\/wp-content\/uploads\/2021\/12\/onde-copie-300x16.png 300w, https:\/\/tregorsonore.fr\/wp-content\/uploads\/2021\/12\/onde-copie-768x41.png 768w, https:\/\/tregorsonore.fr\/wp-content\/uploads\/2021\/12\/onde-copie-1200x64.png 1200w, https:\/\/tregorsonore.fr\/wp-content\/uploads\/2021\/12\/onde-copie.png 1479w\" sizes=\"auto, (max-width: 767px) 89vw, (max-width: 1000px) 54vw, (max-width: 1071px) 543px, 580px\" \/><\/figure>\n\n\n\n<div class=\"wp-block-buttons is-content-justification-center is-layout-flex wp-block-buttons-is-layout-flex\">\n<div class=\"wp-block-button\"><a class=\"wp-block-button__link has-background-color has-accent-background-color has-text-color has-background\" href=\"http:\/\/tregorsonore.fr\/index.php\/sonference-n2\/\">Sonf\u00e9rence N\u00b02<\/a><\/div>\n<\/div>\n\n\n\n<p><\/p>\n","protected":false},"excerpt":{"rendered":"<p>Le concept de paysage sonore, initi\u00e9 il y a de nombreuses ann\u00e9es par le canadien Murray Schafer, sous-tend ce que l\u2019on appelle aujourd\u2019hui notre environnement sonore. Il int\u00e8gre d\u00e9sormais toutes les composantes (naturelles, urbaines, sous-marines), mais aussi la notion de pollution, d\u2019agr\u00e9ment ou les sites sonores remarquables. Les p\u00e9riodes de confinement ont par ailleurs donn\u00e9 &hellip; <\/p>\n<p class=\"link-more\"><a href=\"https:\/\/tregorsonore.fr\/index.php\/sonferences-du-tregor\/sonference-n1\/\" class=\"more-link\">Continue reading<span class=\"screen-reader-text\"> &#8220;N\u00b01 Les Paysages Sonores&#8221;<\/span><\/a><\/p>\n","protected":false},"author":1,"featured_media":0,"parent":33,"menu_order":0,"comment_status":"closed","ping_status":"closed","template":"","meta":{"footnotes":""},"class_list":["post-63","page","type-page","status-publish","hentry"],"_links":{"self":[{"href":"https:\/\/tregorsonore.fr\/index.php\/wp-json\/wp\/v2\/pages\/63","targetHints":{"allow":["GET"]}}],"collection":[{"href":"https:\/\/tregorsonore.fr\/index.php\/wp-json\/wp\/v2\/pages"}],"about":[{"href":"https:\/\/tregorsonore.fr\/index.php\/wp-json\/wp\/v2\/types\/page"}],"author":[{"embeddable":true,"href":"https:\/\/tregorsonore.fr\/index.php\/wp-json\/wp\/v2\/users\/1"}],"replies":[{"embeddable":true,"href":"https:\/\/tregorsonore.fr\/index.php\/wp-json\/wp\/v2\/comments?post=63"}],"version-history":[{"count":10,"href":"https:\/\/tregorsonore.fr\/index.php\/wp-json\/wp\/v2\/pages\/63\/revisions"}],"predecessor-version":[{"id":459,"href":"https:\/\/tregorsonore.fr\/index.php\/wp-json\/wp\/v2\/pages\/63\/revisions\/459"}],"up":[{"embeddable":true,"href":"https:\/\/tregorsonore.fr\/index.php\/wp-json\/wp\/v2\/pages\/33"}],"wp:attachment":[{"href":"https:\/\/tregorsonore.fr\/index.php\/wp-json\/wp\/v2\/media?parent=63"}],"curies":[{"name":"wp","href":"https:\/\/api.w.org\/{rel}","templated":true}]}}