{"id":68,"date":"2021-12-02T17:14:44","date_gmt":"2021-12-02T16:14:44","guid":{"rendered":"http:\/\/tregorsonore.fr\/?page_id=68"},"modified":"2021-12-16T09:11:35","modified_gmt":"2021-12-16T08:11:35","slug":"sonference-n2","status":"publish","type":"page","link":"https:\/\/tregorsonore.fr\/index.php\/sonferences-du-tregor\/sonference-n2\/","title":{"rendered":"N\u00b02 pollution lumineuse et biodiversit\u00e9"},"content":{"rendered":"\n<figure class=\"wp-block-image size-large\"><img loading=\"lazy\" decoding=\"async\" width=\"1024\" height=\"420\" src=\"http:\/\/tregorsonore.fr\/wp-content\/uploads\/2021\/12\/paysageC-copie-1024x420.png\" alt=\"\" class=\"wp-image-77\" srcset=\"https:\/\/tregorsonore.fr\/wp-content\/uploads\/2021\/12\/paysageC-copie-1024x420.png 1024w, https:\/\/tregorsonore.fr\/wp-content\/uploads\/2021\/12\/paysageC-copie-300x123.png 300w, https:\/\/tregorsonore.fr\/wp-content\/uploads\/2021\/12\/paysageC-copie-768x315.png 768w, https:\/\/tregorsonore.fr\/wp-content\/uploads\/2021\/12\/paysageC-copie-1536x630.png 1536w, https:\/\/tregorsonore.fr\/wp-content\/uploads\/2021\/12\/paysageC-copie-2048x840.png 2048w, https:\/\/tregorsonore.fr\/wp-content\/uploads\/2021\/12\/paysageC-copie-1200x492.png 1200w, https:\/\/tregorsonore.fr\/wp-content\/uploads\/2021\/12\/paysageC-copie-1980x812.png 1980w\" sizes=\"auto, (max-width: 767px) 89vw, (max-width: 1000px) 54vw, (max-width: 1071px) 543px, 580px\" \/><\/figure>\n\n\n\n<h2 class=\"wp-block-heading\">\u00ab Paysages sonores, pollution lumineuse<br>et biodiversit\u00e9 : exemples d\u2019un monde confin\u00e9 et d\u2019une<br>vall\u00e9e pyr\u00e9n\u00e9enne \u00bb<\/h2>\n\n\n\n<h3 class=\"wp-block-heading\">Vendredi 14 mai 2021 \u00e0 18h en direct de Plouec du Trieux. <\/h3>\n\n\n\n<p><\/p>\n\n\n\n<ul class=\"wp-block-list\"><li><strong>Nicolas Farugia<\/strong>, ma\u00eetre de conf\u00e9rences \u00e0 l\u2019IMT Atlantique de Brest<\/li><li><strong>Samuel Chall\u00e9at<\/strong>, chercheur invit\u00e9 \u00e0 UMR G\u00c9ODE \u00e0 l&#8217;universit\u00e9 de Toulouse 2 <\/li><\/ul>\n\n\n\n<p>Ils illustrent la modification des paysages par l&#8217;arr\u00eat de l&#8217;activit\u00e9 humaine et les cons\u00e9quences en terme des pollutions sonores et lumineuses<\/p>\n\n\n\n<figure class=\"wp-block-embed-youtube wp-block-embed is-type-video is-provider-youtube wp-embed-aspect-16-9 wp-has-aspect-ratio\"><div class=\"wp-block-embed__wrapper\">\n<iframe loading=\"lazy\" title=\"Sonf\u00e9rence N\u00b02 pollution lumineuse et biodiversit\u00e9\" width=\"525\" height=\"295\" src=\"https:\/\/www.youtube.com\/embed\/9zJimdzEyNM?feature=oembed\" frameborder=\"0\" allow=\"accelerometer; autoplay; clipboard-write; encrypted-media; gyroscope; picture-in-picture; web-share\" referrerpolicy=\"strict-origin-when-cross-origin\" allowfullscreen><\/iframe>\n<\/div><\/figure>\n\n\n\n<div class=\"wp-block-buttons is-layout-flex wp-block-buttons-is-layout-flex\">\n<div class=\"wp-block-button\"><a class=\"wp-block-button__link\" href=\"https:\/\/www.youtube.com\/watch?v=9zJimdzEyNM\" style=\"border-radius:50px\" target=\"_blank\" rel=\"noreferrer noopener\">Lien Youtube<\/a><\/div>\n<\/div>\n\n\n\n<figure class=\"wp-block-image size-large\"><img loading=\"lazy\" decoding=\"async\" width=\"1024\" height=\"55\" src=\"http:\/\/tregorsonore.fr\/wp-content\/uploads\/2021\/12\/onde-copie-1024x55.png\" alt=\"\" class=\"wp-image-13\" srcset=\"https:\/\/tregorsonore.fr\/wp-content\/uploads\/2021\/12\/onde-copie-1024x55.png 1024w, https:\/\/tregorsonore.fr\/wp-content\/uploads\/2021\/12\/onde-copie-300x16.png 300w, https:\/\/tregorsonore.fr\/wp-content\/uploads\/2021\/12\/onde-copie-768x41.png 768w, https:\/\/tregorsonore.fr\/wp-content\/uploads\/2021\/12\/onde-copie-1200x64.png 1200w, https:\/\/tregorsonore.fr\/wp-content\/uploads\/2021\/12\/onde-copie.png 1479w\" sizes=\"auto, (max-width: 767px) 89vw, (max-width: 1000px) 54vw, (max-width: 1071px) 543px, 580px\" \/><\/figure>\n\n\n\n<p> Les mesures de confinement impos\u00e9es par la pand\u00e9mie de Coronavirus au printemps 2020 ont fortement impact\u00e9 l&#8217;activit\u00e9 humaine, notamment en r\u00e9duisant drastiquement les d\u00e9placements de tous types. Or une telle r\u00e9duction de nos mobilit\u00e9s est susceptible d&#8217;influencer de nombreux comportements animaux, en particulier dans les milieux urbains via la r\u00e9duction d\u2019une pression anthropique bien particuli\u00e8re : la pollution sonore. De cette intuition est n\u00e9 le projet Silent Cities, paysages sonores du monde confin\u00e9.<br>Parall\u00e8lement, une autre forme de pollution diffuse et intangible est elle aussi plac\u00e9e sur le devant de la sc\u00e8ne des probl\u00e9matiques environnementales en milieux urbains : la pollution lumineuse. Si pollution sonore et pollution lumineuse semblent concomitantes, qu\u2019en est-il vraiment ?<\/p>\n\n\n\n<p>\u00c0 travers les exemples du projet Silent Cities, et de l&#8217;Observatoire Homme Milieux &#8220;Pyr\u00e9n\u00e9es&#8221;, nous tenterons d\u2019explorer \u00e0 l\u2019occasion de cette sonf\u00e9rence les relations entre pollution sonore, pollution lumineuse et biodiversit\u00e9.<\/p>\n\n\n\n<figure class=\"wp-block-image size-large\"><img loading=\"lazy\" decoding=\"async\" width=\"1024\" height=\"55\" src=\"http:\/\/tregorsonore.fr\/wp-content\/uploads\/2021\/12\/onde-copie-1024x55.png\" alt=\"\" class=\"wp-image-13\" srcset=\"https:\/\/tregorsonore.fr\/wp-content\/uploads\/2021\/12\/onde-copie-1024x55.png 1024w, https:\/\/tregorsonore.fr\/wp-content\/uploads\/2021\/12\/onde-copie-300x16.png 300w, https:\/\/tregorsonore.fr\/wp-content\/uploads\/2021\/12\/onde-copie-768x41.png 768w, https:\/\/tregorsonore.fr\/wp-content\/uploads\/2021\/12\/onde-copie-1200x64.png 1200w, https:\/\/tregorsonore.fr\/wp-content\/uploads\/2021\/12\/onde-copie.png 1479w\" sizes=\"auto, (max-width: 767px) 89vw, (max-width: 1000px) 54vw, (max-width: 1071px) 543px, 580px\" \/><\/figure>\n\n\n\n<div class=\"wp-block-image\"><figure class=\"aligncenter size-large\"><img loading=\"lazy\" decoding=\"async\" width=\"275\" height=\"49\" src=\"http:\/\/tregorsonore.fr\/wp-content\/uploads\/2021\/12\/logos1.png\" alt=\"\" class=\"wp-image-64\"\/><\/figure><\/div>\n\n\n\n<div class=\"wp-block-buttons aligncenter is-layout-flex wp-block-buttons-is-layout-flex\">\n<div class=\"wp-block-button\"><a class=\"wp-block-button__link\" href=\"http:\/\/tregorsonore.fr\/index.php\/sonferences-du-tregor\/sonference-n1\/\">Sonf\u00e9rence N\u00b01<\/a><\/div>\n\n\n\n<div class=\"wp-block-button\"><a class=\"wp-block-button__link\" href=\"http:\/\/tregorsonore.fr\/index.php\/sonferences-du-tregor\/sonferences-n3\/\">Sonf\u00e9rence N\u00b03<\/a><\/div>\n<\/div>\n\n\n\n<p><\/p>\n","protected":false},"excerpt":{"rendered":"<p>\u00ab Paysages sonores, pollution lumineuseet biodiversit\u00e9 : exemples d\u2019un monde confin\u00e9 et d\u2019unevall\u00e9e pyr\u00e9n\u00e9enne \u00bb Vendredi 14 mai 2021 \u00e0 18h en direct de Plouec du Trieux. Nicolas Farugia, ma\u00eetre de conf\u00e9rences \u00e0 l\u2019IMT Atlantique de Brest Samuel Chall\u00e9at, chercheur invit\u00e9 \u00e0 UMR G\u00c9ODE \u00e0 l&#8217;universit\u00e9 de Toulouse 2 Ils illustrent la modification des paysages &hellip; <\/p>\n<p class=\"link-more\"><a href=\"https:\/\/tregorsonore.fr\/index.php\/sonferences-du-tregor\/sonference-n2\/\" class=\"more-link\">Continue reading<span class=\"screen-reader-text\"> &#8220;N\u00b02 pollution lumineuse et biodiversit\u00e9&#8221;<\/span><\/a><\/p>\n","protected":false},"author":1,"featured_media":0,"parent":33,"menu_order":0,"comment_status":"closed","ping_status":"closed","template":"","meta":{"footnotes":""},"class_list":["post-68","page","type-page","status-publish","hentry"],"_links":{"self":[{"href":"https:\/\/tregorsonore.fr\/index.php\/wp-json\/wp\/v2\/pages\/68","targetHints":{"allow":["GET"]}}],"collection":[{"href":"https:\/\/tregorsonore.fr\/index.php\/wp-json\/wp\/v2\/pages"}],"about":[{"href":"https:\/\/tregorsonore.fr\/index.php\/wp-json\/wp\/v2\/types\/page"}],"author":[{"embeddable":true,"href":"https:\/\/tregorsonore.fr\/index.php\/wp-json\/wp\/v2\/users\/1"}],"replies":[{"embeddable":true,"href":"https:\/\/tregorsonore.fr\/index.php\/wp-json\/wp\/v2\/comments?post=68"}],"version-history":[{"count":8,"href":"https:\/\/tregorsonore.fr\/index.php\/wp-json\/wp\/v2\/pages\/68\/revisions"}],"predecessor-version":[{"id":154,"href":"https:\/\/tregorsonore.fr\/index.php\/wp-json\/wp\/v2\/pages\/68\/revisions\/154"}],"up":[{"embeddable":true,"href":"https:\/\/tregorsonore.fr\/index.php\/wp-json\/wp\/v2\/pages\/33"}],"wp:attachment":[{"href":"https:\/\/tregorsonore.fr\/index.php\/wp-json\/wp\/v2\/media?parent=68"}],"curies":[{"name":"wp","href":"https:\/\/api.w.org\/{rel}","templated":true}]}}