{"id":99,"date":"2021-12-02T18:17:43","date_gmt":"2021-12-02T17:17:43","guid":{"rendered":"http:\/\/tregorsonore.fr\/?page_id=99"},"modified":"2023-01-24T15:47:30","modified_gmt":"2023-01-24T14:47:30","slug":"sonference-n4","status":"publish","type":"page","link":"https:\/\/tregorsonore.fr\/index.php\/sonferences-du-tregor\/sonference-n4\/","title":{"rendered":"N\u00b04 Surveillance de l&#8217;environnement par l&#8217;acoustique sous marine"},"content":{"rendered":"\n<h2 class=\"wp-block-heading\">28 septembre 2021<\/h2>\n\n\n\n<h3 class=\"wp-block-heading\">Surveillance de l&#8217;environnement par l&#8217;acoustique sous marine&nbsp;(20h00 &#8211; 21h30)<\/h3>\n\n\n\n<ul class=\"wp-block-list\"><li>Florent Lecourtois, SHOM, Brest<\/li><li>Agathe Candela, Aquarium marin &amp; Plan\u00e9tarium, LTC<\/li><\/ul>\n\n\n\n<p>Le trafic maritime, les mammif\u00e8res marins ou encore la pluie et le vent sont les contributeurs les plus connus du paysage sonore sous-marin. A l&#8217;aide d&#8217;hydrophones et de mod\u00e8les de propagation, l&#8217;\u00e9tude de l&#8217;acoustique sous-marine cherche \u00e0 obtenir les informations sur les sources acoustiques, mais aussi sur l&#8217;environnement complexe et fluctuant dans lequel le son se propage. Cette pr\u00e9sentation propose une introduction \u00e0 la th\u00e9matique \u00e0 travers plusieurs enjeux li\u00e9s \u00e0 la connaissance de l&#8217;environnement marin.<\/p>\n\n\n\n<figure class=\"wp-block-embed is-type-video is-provider-youtube wp-block-embed-youtube wp-embed-aspect-16-9 wp-has-aspect-ratio\"><div class=\"wp-block-embed__wrapper\">\n<iframe loading=\"lazy\" title=\"Sonf\u00e9rence N\u00b0 4 - Surveillance de l&#039;environnement par l&#039;acoustique sous marine\" width=\"525\" height=\"295\" src=\"https:\/\/www.youtube.com\/embed\/Av6F0cvTf8Q?feature=oembed\" frameborder=\"0\" allow=\"accelerometer; autoplay; clipboard-write; encrypted-media; gyroscope; picture-in-picture; web-share\" referrerpolicy=\"strict-origin-when-cross-origin\" allowfullscreen><\/iframe>\n<\/div><\/figure>\n\n\n\n<div class=\"wp-block-buttons is-content-justification-center is-layout-flex wp-block-buttons-is-layout-flex\">\n<div class=\"wp-block-button\"><a class=\"wp-block-button__link\" href=\"https:\/\/www.youtube.com\/watch?v=Av6F0cvTf8Q\" style=\"border-radius:50px\" target=\"_blank\" rel=\"noreferrer noopener\">Voir en vid\u00e9o<\/a><\/div>\n<\/div>\n\n\n\n<figure class=\"wp-block-gallery columns-3 is-cropped wp-block-gallery-1 is-layout-flex wp-block-gallery-is-layout-flex\"><ul class=\"blocks-gallery-grid\"><li class=\"blocks-gallery-item\"><figure><a href=\"https:\/\/tregorsonore.fr\/wp-content\/uploads\/2021\/12\/IMG_20210928_184703-scaled.jpg\"><img loading=\"lazy\" decoding=\"async\" width=\"1024\" height=\"576\" src=\"https:\/\/tregorsonore.fr\/wp-content\/uploads\/2021\/12\/IMG_20210928_184703-1024x576.jpg\" alt=\"\" data-id=\"186\" data-full-url=\"https:\/\/tregorsonore.fr\/wp-content\/uploads\/2021\/12\/IMG_20210928_184703-scaled.jpg\" data-link=\"https:\/\/tregorsonore.fr\/index.php\/sonferences-du-tregor\/sonference-n4\/img_20210928_184703\/\" class=\"wp-image-186\" srcset=\"https:\/\/tregorsonore.fr\/wp-content\/uploads\/2021\/12\/IMG_20210928_184703-1024x576.jpg 1024w, https:\/\/tregorsonore.fr\/wp-content\/uploads\/2021\/12\/IMG_20210928_184703-300x169.jpg 300w, https:\/\/tregorsonore.fr\/wp-content\/uploads\/2021\/12\/IMG_20210928_184703-768x432.jpg 768w, https:\/\/tregorsonore.fr\/wp-content\/uploads\/2021\/12\/IMG_20210928_184703-1536x864.jpg 1536w, https:\/\/tregorsonore.fr\/wp-content\/uploads\/2021\/12\/IMG_20210928_184703-2048x1152.jpg 2048w\" sizes=\"auto, (max-width: 767px) 89vw, (max-width: 1000px) 54vw, (max-width: 1071px) 543px, 580px\" \/><\/a><\/figure><\/li><li class=\"blocks-gallery-item\"><figure><a href=\"https:\/\/tregorsonore.fr\/wp-content\/uploads\/2021\/12\/IMG_20210928_200646-scaled.jpg\"><img loading=\"lazy\" decoding=\"async\" width=\"1024\" height=\"576\" src=\"https:\/\/tregorsonore.fr\/wp-content\/uploads\/2021\/12\/IMG_20210928_200646-1024x576.jpg\" alt=\"\" data-id=\"187\" data-full-url=\"https:\/\/tregorsonore.fr\/wp-content\/uploads\/2021\/12\/IMG_20210928_200646-scaled.jpg\" data-link=\"https:\/\/tregorsonore.fr\/index.php\/sonferences-du-tregor\/sonference-n4\/img_20210928_200646\/\" class=\"wp-image-187\" srcset=\"https:\/\/tregorsonore.fr\/wp-content\/uploads\/2021\/12\/IMG_20210928_200646-1024x576.jpg 1024w, https:\/\/tregorsonore.fr\/wp-content\/uploads\/2021\/12\/IMG_20210928_200646-300x169.jpg 300w, https:\/\/tregorsonore.fr\/wp-content\/uploads\/2021\/12\/IMG_20210928_200646-768x432.jpg 768w, https:\/\/tregorsonore.fr\/wp-content\/uploads\/2021\/12\/IMG_20210928_200646-1536x864.jpg 1536w, https:\/\/tregorsonore.fr\/wp-content\/uploads\/2021\/12\/IMG_20210928_200646-2048x1152.jpg 2048w\" sizes=\"auto, (max-width: 767px) 89vw, (max-width: 1000px) 54vw, (max-width: 1071px) 543px, 580px\" \/><\/a><\/figure><\/li><li class=\"blocks-gallery-item\"><figure><a href=\"https:\/\/tregorsonore.fr\/wp-content\/uploads\/2021\/12\/IMG_20210928_202853-2-scaled.jpg\"><img loading=\"lazy\" decoding=\"async\" width=\"1024\" height=\"576\" src=\"https:\/\/tregorsonore.fr\/wp-content\/uploads\/2021\/12\/IMG_20210928_202853-2-1024x576.jpg\" alt=\"\" data-id=\"188\" data-full-url=\"https:\/\/tregorsonore.fr\/wp-content\/uploads\/2021\/12\/IMG_20210928_202853-2-scaled.jpg\" data-link=\"https:\/\/tregorsonore.fr\/index.php\/sonferences-du-tregor\/sonference-n4\/img_20210928_202853-2-2\/\" class=\"wp-image-188\" srcset=\"https:\/\/tregorsonore.fr\/wp-content\/uploads\/2021\/12\/IMG_20210928_202853-2-1024x576.jpg 1024w, https:\/\/tregorsonore.fr\/wp-content\/uploads\/2021\/12\/IMG_20210928_202853-2-300x169.jpg 300w, https:\/\/tregorsonore.fr\/wp-content\/uploads\/2021\/12\/IMG_20210928_202853-2-768x432.jpg 768w, https:\/\/tregorsonore.fr\/wp-content\/uploads\/2021\/12\/IMG_20210928_202853-2-1536x864.jpg 1536w, https:\/\/tregorsonore.fr\/wp-content\/uploads\/2021\/12\/IMG_20210928_202853-2-2048x1152.jpg 2048w\" sizes=\"auto, (max-width: 767px) 89vw, (max-width: 1000px) 54vw, (max-width: 1071px) 543px, 580px\" \/><\/a><\/figure><\/li><\/ul><\/figure>\n\n\n\n<figure class=\"wp-block-image size-large\"><img loading=\"lazy\" decoding=\"async\" width=\"1024\" height=\"55\" src=\"http:\/\/tregorsonore.fr\/wp-content\/uploads\/2021\/12\/onde-copie-1024x55.png\" alt=\"\" class=\"wp-image-13\" srcset=\"https:\/\/tregorsonore.fr\/wp-content\/uploads\/2021\/12\/onde-copie-1024x55.png 1024w, https:\/\/tregorsonore.fr\/wp-content\/uploads\/2021\/12\/onde-copie-300x16.png 300w, https:\/\/tregorsonore.fr\/wp-content\/uploads\/2021\/12\/onde-copie-768x41.png 768w, https:\/\/tregorsonore.fr\/wp-content\/uploads\/2021\/12\/onde-copie-1200x64.png 1200w, https:\/\/tregorsonore.fr\/wp-content\/uploads\/2021\/12\/onde-copie.png 1479w\" sizes=\"auto, (max-width: 767px) 89vw, (max-width: 1000px) 54vw, (max-width: 1071px) 543px, 580px\" \/><\/figure>\n\n\n\n<div class=\"wp-block-image\"><figure class=\"aligncenter size-large\"><img loading=\"lazy\" decoding=\"async\" width=\"112\" height=\"49\" src=\"http:\/\/tregorsonore.fr\/wp-content\/uploads\/2021\/12\/LogoTS.png\" alt=\"Tregor Sonore\" class=\"wp-image-6\"\/><\/figure><\/div>\n\n\n\n<div class=\"wp-block-image\"><figure class=\"aligncenter size-large is-resized\"><img loading=\"lazy\" decoding=\"async\" src=\"http:\/\/tregorsonore.fr\/wp-content\/uploads\/2021\/12\/logos5-1024x397.png\" alt=\"\" class=\"wp-image-16\" width=\"332\" height=\"128\" srcset=\"https:\/\/tregorsonore.fr\/wp-content\/uploads\/2021\/12\/logos5-1024x397.png 1024w, https:\/\/tregorsonore.fr\/wp-content\/uploads\/2021\/12\/logos5-300x116.png 300w, https:\/\/tregorsonore.fr\/wp-content\/uploads\/2021\/12\/logos5-768x298.png 768w, https:\/\/tregorsonore.fr\/wp-content\/uploads\/2021\/12\/logos5-1536x596.png 1536w, https:\/\/tregorsonore.fr\/wp-content\/uploads\/2021\/12\/logos5-2048x795.png 2048w, https:\/\/tregorsonore.fr\/wp-content\/uploads\/2021\/12\/logos5-1200x466.png 1200w, https:\/\/tregorsonore.fr\/wp-content\/uploads\/2021\/12\/logos5-1980x768.png 1980w\" sizes=\"auto, (max-width: 332px) 100vw, 332px\" \/><\/figure><\/div>\n\n\n\n<figure class=\"wp-block-image size-large\"><img loading=\"lazy\" decoding=\"async\" width=\"1024\" height=\"55\" src=\"http:\/\/tregorsonore.fr\/wp-content\/uploads\/2021\/12\/onde-copie-1024x55.png\" alt=\"\" class=\"wp-image-13\" srcset=\"https:\/\/tregorsonore.fr\/wp-content\/uploads\/2021\/12\/onde-copie-1024x55.png 1024w, https:\/\/tregorsonore.fr\/wp-content\/uploads\/2021\/12\/onde-copie-300x16.png 300w, https:\/\/tregorsonore.fr\/wp-content\/uploads\/2021\/12\/onde-copie-768x41.png 768w, https:\/\/tregorsonore.fr\/wp-content\/uploads\/2021\/12\/onde-copie-1200x64.png 1200w, https:\/\/tregorsonore.fr\/wp-content\/uploads\/2021\/12\/onde-copie.png 1479w\" sizes=\"auto, (max-width: 767px) 89vw, (max-width: 1000px) 54vw, (max-width: 1071px) 543px, 580px\" \/><\/figure>\n\n\n\n<div class=\"wp-block-buttons is-content-justification-center is-layout-flex wp-block-buttons-is-layout-flex\">\n<div class=\"wp-block-button\"><a class=\"wp-block-button__link\" href=\"http:\/\/tregorsonore.fr\/index.php\/sonferences-du-tregor\/sonferences-n3\/\">Sonf\u00e9rences N\u00b03<\/a><\/div>\n\n\n\n<div class=\"wp-block-button\"><a class=\"wp-block-button__link\" href=\"http:\/\/tregorsonore.fr\/index.php\/sonferences-du-tregor\/sonference-n5\/\">Sonf\u00e9rence N\u00b05<\/a><\/div>\n<\/div>\n\n\n\n<p><\/p>\n","protected":false},"excerpt":{"rendered":"<p>28 septembre 2021 Surveillance de l&#8217;environnement par l&#8217;acoustique sous marine&nbsp;(20h00 &#8211; 21h30) Florent Lecourtois, SHOM, Brest Agathe Candela, Aquarium marin &amp; Plan\u00e9tarium, LTC Le trafic maritime, les mammif\u00e8res marins ou encore la pluie et le vent sont les contributeurs les plus connus du paysage sonore sous-marin. A l&#8217;aide d&#8217;hydrophones et de mod\u00e8les de propagation, l&#8217;\u00e9tude &hellip; <\/p>\n<p class=\"link-more\"><a href=\"https:\/\/tregorsonore.fr\/index.php\/sonferences-du-tregor\/sonference-n4\/\" class=\"more-link\">Continue reading<span class=\"screen-reader-text\"> &#8220;N\u00b04 Surveillance de l&#8217;environnement par l&#8217;acoustique sous marine&#8221;<\/span><\/a><\/p>\n","protected":false},"author":1,"featured_media":0,"parent":33,"menu_order":0,"comment_status":"closed","ping_status":"closed","template":"","meta":{"footnotes":""},"class_list":["post-99","page","type-page","status-publish","hentry"],"_links":{"self":[{"href":"https:\/\/tregorsonore.fr\/index.php\/wp-json\/wp\/v2\/pages\/99","targetHints":{"allow":["GET"]}}],"collection":[{"href":"https:\/\/tregorsonore.fr\/index.php\/wp-json\/wp\/v2\/pages"}],"about":[{"href":"https:\/\/tregorsonore.fr\/index.php\/wp-json\/wp\/v2\/types\/page"}],"author":[{"embeddable":true,"href":"https:\/\/tregorsonore.fr\/index.php\/wp-json\/wp\/v2\/users\/1"}],"replies":[{"embeddable":true,"href":"https:\/\/tregorsonore.fr\/index.php\/wp-json\/wp\/v2\/comments?post=99"}],"version-history":[{"count":6,"href":"https:\/\/tregorsonore.fr\/index.php\/wp-json\/wp\/v2\/pages\/99\/revisions"}],"predecessor-version":[{"id":463,"href":"https:\/\/tregorsonore.fr\/index.php\/wp-json\/wp\/v2\/pages\/99\/revisions\/463"}],"up":[{"embeddable":true,"href":"https:\/\/tregorsonore.fr\/index.php\/wp-json\/wp\/v2\/pages\/33"}],"wp:attachment":[{"href":"https:\/\/tregorsonore.fr\/index.php\/wp-json\/wp\/v2\/media?parent=99"}],"curies":[{"name":"wp","href":"https:\/\/api.w.org\/{rel}","templated":true}]}}